{"id":302993,"date":"2026-02-05T16:06:02","date_gmt":"2026-02-05T14:06:02","guid":{"rendered":"https:\/\/milahurt.com\/?post_type=product&#038;p=302993"},"modified":"2026-02-05T16:08:14","modified_gmt":"2026-02-05T14:08:14","slug":"maseczki-do-twarzy-kopia","status":"publish","type":"product","link":"https:\/\/milahurt.com\/index.php\/produkt\/maseczki-do-twarzy-kopia\/","title":{"rendered":"Maseczki do twarzy"},"excerpt":{"rendered":"<p><strong>HUDA BEAUTY ALOE VERA \u2013 Repair Facial Mask<\/strong><br \/>\nRodzaj: regeneruj\u0105ca maseczka w p\u0142achcie<\/p>\n<p>Sk\u0142ad aktywny: aloes (Aloe Vera)<\/p>\n<p>Dzia\u0142anie:<\/p>\n<p>koi i \u0142agodzi podra\u017cnienia<\/p>\n<p>intensywnie nawil\u017ca<\/p>\n<p>wspomaga regeneracj\u0119 sk\u00f3ry<\/p>\n<p>daje uczucie \u015bwie\u017co\u015bci i komfortu<\/p>\n<p>Czas aplikacji: 20\u201330 minut<\/p>\n<p>Forma: maseczka w p\u0142achcie + saszetki<\/p>\n","protected":false},"featured_media":302992,"template":"","meta":[],"product_cat":[1537],"product_tag":[],"acf":[],"yoast_head":"<!-- This site is optimized with the Yoast SEO plugin v22.6 - https:\/\/yoast.com\/wordpress\/plugins\/seo\/ -->\n<title>Maseczki do twarzy - Mila Hurt<\/title>\n<meta name=\"robots\" content=\"index, follow, max-snippet:-1, max-image-preview:large, max-video-preview:-1\" \/>\n<link rel=\"canonical\" href=\"https:\/\/milahurt.com\/index.php\/produkt\/maseczki-do-twarzy-kopia\/\" \/>\n<meta property=\"og:locale\" content=\"pl_PL\" \/>\n<meta property=\"og:type\" content=\"article\" \/>\n<meta property=\"og:title\" content=\"Maseczki do twarzy - Mila Hurt\" \/>\n<meta property=\"og:description\" content=\"HUDA BEAUTY ALOE VERA \u2013 Repair Facial Mask Rodzaj: regeneruj\u0105ca maseczka w p\u0142achcie  Sk\u0142ad aktywny: aloes (Aloe Vera)  Dzia\u0142anie:  koi i \u0142agodzi podra\u017cnienia  intensywnie nawil\u017ca  wspomaga regeneracj\u0119 sk\u00f3ry  daje uczucie \u015bwie\u017co\u015bci i komfortu  Czas aplikacji: 20\u201330 minut  Forma: maseczka w p\u0142achcie + saszetki\" \/>\n<meta property=\"og:url\" content=\"https:\/\/milahurt.com\/index.php\/produkt\/maseczki-do-twarzy-kopia\/\" \/>\n<meta property=\"og:site_name\" content=\"Mila Hurt\" \/>\n<meta property=\"article:publisher\" content=\"https:\/\/www.facebook.com\/profile.php?id=100085213362965\" \/>\n<meta property=\"article:modified_time\" content=\"2026-02-05T14:08:14+00:00\" \/>\n<meta property=\"og:image\" content=\"https:\/\/milahurt.com\/wp-content\/uploads\/2026\/02\/obraz_viber_2026-02-05_12-21-03-345.jpg\" \/>\n\t<meta property=\"og:image:width\" content=\"750\" \/>\n\t<meta property=\"og:image:height\" content=\"775\" \/>\n\t<meta property=\"og:image:type\" content=\"image\/jpeg\" \/>\n<meta name=\"twitter:card\" content=\"summary_large_image\" \/>\n<meta name=\"twitter:label1\" content=\"Szacowany czas czytania\" \/>\n\t<meta name=\"twitter:data1\" content=\"1 minuta\" \/>\n<script type=\"application\/ld+json\" class=\"yoast-schema-graph\">{\"@context\":\"https:\/\/schema.org\",\"@graph\":[{\"@type\":\"WebPage\",\"@id\":\"https:\/\/milahurt.com\/index.php\/produkt\/maseczki-do-twarzy-kopia\/\",\"url\":\"https:\/\/milahurt.com\/index.php\/produkt\/maseczki-do-twarzy-kopia\/\",\"name\":\"Maseczki do twarzy - Mila Hurt\",\"isPartOf\":{\"@id\":\"https:\/\/milahurt.com\/#website\"},\"primaryImageOfPage\":{\"@id\":\"https:\/\/milahurt.com\/index.php\/produkt\/maseczki-do-twarzy-kopia\/#primaryimage\"},\"image\":{\"@id\":\"https:\/\/milahurt.com\/index.php\/produkt\/maseczki-do-twarzy-kopia\/#primaryimage\"},\"thumbnailUrl\":\"https:\/\/milahurt.com\/wp-content\/uploads\/2026\/02\/obraz_viber_2026-02-05_12-21-03-345.jpg\",\"datePublished\":\"2026-02-05T14:06:02+00:00\",\"dateModified\":\"2026-02-05T14:08:14+00:00\",\"breadcrumb\":{\"@id\":\"https:\/\/milahurt.com\/index.php\/produkt\/maseczki-do-twarzy-kopia\/#breadcrumb\"},\"inLanguage\":\"pl-PL\",\"potentialAction\":[{\"@type\":\"ReadAction\",\"target\":[\"https:\/\/milahurt.com\/index.php\/produkt\/maseczki-do-twarzy-kopia\/\"]}]},{\"@type\":\"ImageObject\",\"inLanguage\":\"pl-PL\",\"@id\":\"https:\/\/milahurt.com\/index.php\/produkt\/maseczki-do-twarzy-kopia\/#primaryimage\",\"url\":\"https:\/\/milahurt.com\/wp-content\/uploads\/2026\/02\/obraz_viber_2026-02-05_12-21-03-345.jpg\",\"contentUrl\":\"https:\/\/milahurt.com\/wp-content\/uploads\/2026\/02\/obraz_viber_2026-02-05_12-21-03-345.jpg\",\"width\":750,\"height\":775},{\"@type\":\"BreadcrumbList\",\"@id\":\"https:\/\/milahurt.com\/index.php\/produkt\/maseczki-do-twarzy-kopia\/#breadcrumb\",\"itemListElement\":[{\"@type\":\"ListItem\",\"position\":1,\"name\":\"Strona g\u0142\u00f3wna\",\"item\":\"https:\/\/milahurt.com\/\"},{\"@type\":\"ListItem\",\"position\":2,\"name\":\"Sklep\",\"item\":\"https:\/\/milahurt.com\/index.php\/sklep\/\"},{\"@type\":\"ListItem\",\"position\":3,\"name\":\"Maseczki do twarzy\"}]},{\"@type\":\"WebSite\",\"@id\":\"https:\/\/milahurt.com\/#website\",\"url\":\"https:\/\/milahurt.com\/\",\"name\":\"Mila Hurt\",\"description\":\"Hurtownia internetowa\",\"publisher\":{\"@id\":\"https:\/\/milahurt.com\/#organization\"},\"potentialAction\":[{\"@type\":\"SearchAction\",\"target\":{\"@type\":\"EntryPoint\",\"urlTemplate\":\"https:\/\/milahurt.com\/?s={search_term_string}\"},\"query-input\":\"required name=search_term_string\"}],\"inLanguage\":\"pl-PL\"},{\"@type\":\"Organization\",\"@id\":\"https:\/\/milahurt.com\/#organization\",\"name\":\"Mila Hurt\",\"url\":\"https:\/\/milahurt.com\/\",\"logo\":{\"@type\":\"ImageObject\",\"inLanguage\":\"pl-PL\",\"@id\":\"https:\/\/milahurt.com\/#\/schema\/logo\/image\/\",\"url\":\"https:\/\/wolka24hurtownia.pl\/wp-content\/uploads\/2023\/08\/2.png\",\"contentUrl\":\"https:\/\/wolka24hurtownia.pl\/wp-content\/uploads\/2023\/08\/2.png\",\"width\":1000,\"height\":1000,\"caption\":\"Mila Hurt\"},\"image\":{\"@id\":\"https:\/\/milahurt.com\/#\/schema\/logo\/image\/\"},\"sameAs\":[\"https:\/\/www.facebook.com\/profile.php?id=100085213362965\"]}]}<\/script>\n<!-- \/ Yoast SEO plugin. -->","yoast_head_json":{"title":"Maseczki do twarzy - Mila Hurt","robots":{"index":"index","follow":"follow","max-snippet":"max-snippet:-1","max-image-preview":"max-image-preview:large","max-video-preview":"max-video-preview:-1"},"canonical":"https:\/\/milahurt.com\/index.php\/produkt\/maseczki-do-twarzy-kopia\/","og_locale":"pl_PL","og_type":"article","og_title":"Maseczki do twarzy - Mila Hurt","og_description":"HUDA BEAUTY ALOE VERA \u2013 Repair Facial Mask Rodzaj: regeneruj\u0105ca maseczka w p\u0142achcie  Sk\u0142ad aktywny: aloes (Aloe Vera)  Dzia\u0142anie:  koi i \u0142agodzi podra\u017cnienia  intensywnie nawil\u017ca  wspomaga regeneracj\u0119 sk\u00f3ry  daje uczucie \u015bwie\u017co\u015bci i komfortu  Czas aplikacji: 20\u201330 minut  Forma: maseczka w p\u0142achcie + saszetki","og_url":"https:\/\/milahurt.com\/index.php\/produkt\/maseczki-do-twarzy-kopia\/","og_site_name":"Mila Hurt","article_publisher":"https:\/\/www.facebook.com\/profile.php?id=100085213362965","article_modified_time":"2026-02-05T14:08:14+00:00","og_image":[{"width":750,"height":775,"url":"https:\/\/milahurt.com\/wp-content\/uploads\/2026\/02\/obraz_viber_2026-02-05_12-21-03-345.jpg","type":"image\/jpeg"}],"twitter_card":"summary_large_image","twitter_misc":{"Szacowany czas czytania":"1 minuta"},"schema":{"@context":"https:\/\/schema.org","@graph":[{"@type":"WebPage","@id":"https:\/\/milahurt.com\/index.php\/produkt\/maseczki-do-twarzy-kopia\/","url":"https:\/\/milahurt.com\/index.php\/produkt\/maseczki-do-twarzy-kopia\/","name":"Maseczki do twarzy - Mila Hurt","isPartOf":{"@id":"https:\/\/milahurt.com\/#website"},"primaryImageOfPage":{"@id":"https:\/\/milahurt.com\/index.php\/produkt\/maseczki-do-twarzy-kopia\/#primaryimage"},"image":{"@id":"https:\/\/milahurt.com\/index.php\/produkt\/maseczki-do-twarzy-kopia\/#primaryimage"},"thumbnailUrl":"https:\/\/milahurt.com\/wp-content\/uploads\/2026\/02\/obraz_viber_2026-02-05_12-21-03-345.jpg","datePublished":"2026-02-05T14:06:02+00:00","dateModified":"2026-02-05T14:08:14+00:00","breadcrumb":{"@id":"https:\/\/milahurt.com\/index.php\/produkt\/maseczki-do-twarzy-kopia\/#breadcrumb"},"inLanguage":"pl-PL","potentialAction":[{"@type":"ReadAction","target":["https:\/\/milahurt.com\/index.php\/produkt\/maseczki-do-twarzy-kopia\/"]}]},{"@type":"ImageObject","inLanguage":"pl-PL","@id":"https:\/\/milahurt.com\/index.php\/produkt\/maseczki-do-twarzy-kopia\/#primaryimage","url":"https:\/\/milahurt.com\/wp-content\/uploads\/2026\/02\/obraz_viber_2026-02-05_12-21-03-345.jpg","contentUrl":"https:\/\/milahurt.com\/wp-content\/uploads\/2026\/02\/obraz_viber_2026-02-05_12-21-03-345.jpg","width":750,"height":775},{"@type":"BreadcrumbList","@id":"https:\/\/milahurt.com\/index.php\/produkt\/maseczki-do-twarzy-kopia\/#breadcrumb","itemListElement":[{"@type":"ListItem","position":1,"name":"Strona g\u0142\u00f3wna","item":"https:\/\/milahurt.com\/"},{"@type":"ListItem","position":2,"name":"Sklep","item":"https:\/\/milahurt.com\/index.php\/sklep\/"},{"@type":"ListItem","position":3,"name":"Maseczki do twarzy"}]},{"@type":"WebSite","@id":"https:\/\/milahurt.com\/#website","url":"https:\/\/milahurt.com\/","name":"Mila Hurt","description":"Hurtownia internetowa","publisher":{"@id":"https:\/\/milahurt.com\/#organization"},"potentialAction":[{"@type":"SearchAction","target":{"@type":"EntryPoint","urlTemplate":"https:\/\/milahurt.com\/?s={search_term_string}"},"query-input":"required name=search_term_string"}],"inLanguage":"pl-PL"},{"@type":"Organization","@id":"https:\/\/milahurt.com\/#organization","name":"Mila Hurt","url":"https:\/\/milahurt.com\/","logo":{"@type":"ImageObject","inLanguage":"pl-PL","@id":"https:\/\/milahurt.com\/#\/schema\/logo\/image\/","url":"https:\/\/wolka24hurtownia.pl\/wp-content\/uploads\/2023\/08\/2.png","contentUrl":"https:\/\/wolka24hurtownia.pl\/wp-content\/uploads\/2023\/08\/2.png","width":1000,"height":1000,"caption":"Mila Hurt"},"image":{"@id":"https:\/\/milahurt.com\/#\/schema\/logo\/image\/"},"sameAs":["https:\/\/www.facebook.com\/profile.php?id=100085213362965"]}]}},"_links":{"self":[{"href":"https:\/\/milahurt.com\/index.php\/wp-json\/wp\/v2\/product\/302993"}],"collection":[{"href":"https:\/\/milahurt.com\/index.php\/wp-json\/wp\/v2\/product"}],"about":[{"href":"https:\/\/milahurt.com\/index.php\/wp-json\/wp\/v2\/types\/product"}],"wp:featuredmedia":[{"embeddable":true,"href":"https:\/\/milahurt.com\/index.php\/wp-json\/wp\/v2\/media\/302992"}],"wp:attachment":[{"href":"https:\/\/milahurt.com\/index.php\/wp-json\/wp\/v2\/media?parent=302993"}],"wp:term":[{"taxonomy":"product_cat","embeddable":true,"href":"https:\/\/milahurt.com\/index.php\/wp-json\/wp\/v2\/product_cat?post=302993"},{"taxonomy":"product_tag","embeddable":true,"href":"https:\/\/milahurt.com\/index.php\/wp-json\/wp\/v2\/product_tag?post=302993"}],"curies":[{"name":"wp","href":"https:\/\/api.w.org\/{rel}","templated":true}]}}