{"id":302985,"date":"2026-02-05T15:55:52","date_gmt":"2026-02-05T13:55:52","guid":{"rendered":"https:\/\/milahurt.com\/?post_type=product&#038;p=302985"},"modified":"2026-02-05T15:55:52","modified_gmt":"2026-02-05T13:55:52","slug":"sadoer-hair-care-wygladzajacy-olejek-zapachowy-w-sprayu-do-wlosow","status":"publish","type":"product","link":"https:\/\/milahurt.com\/index.php\/produkt\/sadoer-hair-care-wygladzajacy-olejek-zapachowy-w-sprayu-do-wlosow\/","title":{"rendered":"SADOER Hair Care \u2013 wyg\u0142adzaj\u0105cy olejek zapachowy w sprayu do w\u0142os\u00f3w"},"excerpt":{"rendered":"<p><strong>SADOER Hair Care \u2013 wyg\u0142adzaj\u0105cy olejek zapachowy w sprayu do w\u0142os\u00f3w<\/strong><\/p>\n<p>Marka: SADOER<\/p>\n<p>Przeznaczenie: wyg\u0142adzenie, nab\u0142yszczenie i nadanie zapachu w\u0142osom<\/p>\n<p>Opis na opakowaniu: Brighten (nab\u0142yszcza), Refresh absorption (lekka formu\u0142a, szybkie wch\u0142anianie)<\/p>\n<p>Forma: olejek w sprayu, do stosowania bez sp\u0142ukiwania<\/p>\n","protected":false},"featured_media":302987,"template":"","meta":[],"product_cat":[1537,1565],"product_tag":[],"acf":[],"yoast_head":"<!-- This site is optimized with the Yoast SEO plugin v22.6 - https:\/\/yoast.com\/wordpress\/plugins\/seo\/ -->\n<title>SADOER Hair Care \u2013 wyg\u0142adzaj\u0105cy olejek zapachowy w sprayu do w\u0142os\u00f3w - Mila Hurt<\/title>\n<meta name=\"robots\" content=\"index, follow, max-snippet:-1, max-image-preview:large, max-video-preview:-1\" \/>\n<link rel=\"canonical\" href=\"https:\/\/milahurt.com\/index.php\/produkt\/sadoer-hair-care-wygladzajacy-olejek-zapachowy-w-sprayu-do-wlosow\/\" \/>\n<meta property=\"og:locale\" content=\"pl_PL\" \/>\n<meta property=\"og:type\" content=\"article\" \/>\n<meta property=\"og:title\" content=\"SADOER Hair Care \u2013 wyg\u0142adzaj\u0105cy olejek zapachowy w sprayu do w\u0142os\u00f3w - Mila Hurt\" \/>\n<meta property=\"og:description\" content=\"SADOER Hair Care \u2013 wyg\u0142adzaj\u0105cy olejek zapachowy w sprayu do w\u0142os\u00f3w  Marka: SADOER  Przeznaczenie: wyg\u0142adzenie, nab\u0142yszczenie i nadanie zapachu w\u0142osom  Opis na opakowaniu: Brighten (nab\u0142yszcza), Refresh absorption (lekka formu\u0142a, szybkie wch\u0142anianie)  Forma: olejek w sprayu, do stosowania bez sp\u0142ukiwania\" \/>\n<meta property=\"og:url\" content=\"https:\/\/milahurt.com\/index.php\/produkt\/sadoer-hair-care-wygladzajacy-olejek-zapachowy-w-sprayu-do-wlosow\/\" \/>\n<meta property=\"og:site_name\" content=\"Mila Hurt\" \/>\n<meta property=\"article:publisher\" content=\"https:\/\/www.facebook.com\/profile.php?id=100085213362965\" \/>\n<meta property=\"og:image\" content=\"https:\/\/milahurt.com\/wp-content\/uploads\/2026\/02\/obraz_viber_2026-02-05_12-21-08-973.jpg\" \/>\n\t<meta property=\"og:image:width\" content=\"682\" \/>\n\t<meta property=\"og:image:height\" content=\"925\" \/>\n\t<meta property=\"og:image:type\" content=\"image\/jpeg\" \/>\n<meta name=\"twitter:card\" content=\"summary_large_image\" \/>\n<meta name=\"twitter:label1\" content=\"Szacowany czas czytania\" \/>\n\t<meta name=\"twitter:data1\" content=\"1 minuta\" \/>\n<script type=\"application\/ld+json\" class=\"yoast-schema-graph\">{\"@context\":\"https:\/\/schema.org\",\"@graph\":[{\"@type\":\"WebPage\",\"@id\":\"https:\/\/milahurt.com\/index.php\/produkt\/sadoer-hair-care-wygladzajacy-olejek-zapachowy-w-sprayu-do-wlosow\/\",\"url\":\"https:\/\/milahurt.com\/index.php\/produkt\/sadoer-hair-care-wygladzajacy-olejek-zapachowy-w-sprayu-do-wlosow\/\",\"name\":\"SADOER Hair Care \u2013 wyg\u0142adzaj\u0105cy olejek zapachowy w sprayu do w\u0142os\u00f3w - Mila Hurt\",\"isPartOf\":{\"@id\":\"https:\/\/milahurt.com\/#website\"},\"primaryImageOfPage\":{\"@id\":\"https:\/\/milahurt.com\/index.php\/produkt\/sadoer-hair-care-wygladzajacy-olejek-zapachowy-w-sprayu-do-wlosow\/#primaryimage\"},\"image\":{\"@id\":\"https:\/\/milahurt.com\/index.php\/produkt\/sadoer-hair-care-wygladzajacy-olejek-zapachowy-w-sprayu-do-wlosow\/#primaryimage\"},\"thumbnailUrl\":\"https:\/\/milahurt.com\/wp-content\/uploads\/2026\/02\/obraz_viber_2026-02-05_12-21-08-973.jpg\",\"datePublished\":\"2026-02-05T13:55:52+00:00\",\"dateModified\":\"2026-02-05T13:55:52+00:00\",\"breadcrumb\":{\"@id\":\"https:\/\/milahurt.com\/index.php\/produkt\/sadoer-hair-care-wygladzajacy-olejek-zapachowy-w-sprayu-do-wlosow\/#breadcrumb\"},\"inLanguage\":\"pl-PL\",\"potentialAction\":[{\"@type\":\"ReadAction\",\"target\":[\"https:\/\/milahurt.com\/index.php\/produkt\/sadoer-hair-care-wygladzajacy-olejek-zapachowy-w-sprayu-do-wlosow\/\"]}]},{\"@type\":\"ImageObject\",\"inLanguage\":\"pl-PL\",\"@id\":\"https:\/\/milahurt.com\/index.php\/produkt\/sadoer-hair-care-wygladzajacy-olejek-zapachowy-w-sprayu-do-wlosow\/#primaryimage\",\"url\":\"https:\/\/milahurt.com\/wp-content\/uploads\/2026\/02\/obraz_viber_2026-02-05_12-21-08-973.jpg\",\"contentUrl\":\"https:\/\/milahurt.com\/wp-content\/uploads\/2026\/02\/obraz_viber_2026-02-05_12-21-08-973.jpg\",\"width\":682,\"height\":925},{\"@type\":\"BreadcrumbList\",\"@id\":\"https:\/\/milahurt.com\/index.php\/produkt\/sadoer-hair-care-wygladzajacy-olejek-zapachowy-w-sprayu-do-wlosow\/#breadcrumb\",\"itemListElement\":[{\"@type\":\"ListItem\",\"position\":1,\"name\":\"Strona g\u0142\u00f3wna\",\"item\":\"https:\/\/milahurt.com\/\"},{\"@type\":\"ListItem\",\"position\":2,\"name\":\"Sklep\",\"item\":\"https:\/\/milahurt.com\/index.php\/sklep\/\"},{\"@type\":\"ListItem\",\"position\":3,\"name\":\"SADOER Hair Care \u2013 wyg\u0142adzaj\u0105cy olejek zapachowy w sprayu do w\u0142os\u00f3w\"}]},{\"@type\":\"WebSite\",\"@id\":\"https:\/\/milahurt.com\/#website\",\"url\":\"https:\/\/milahurt.com\/\",\"name\":\"Mila Hurt\",\"description\":\"Hurtownia internetowa\",\"publisher\":{\"@id\":\"https:\/\/milahurt.com\/#organization\"},\"potentialAction\":[{\"@type\":\"SearchAction\",\"target\":{\"@type\":\"EntryPoint\",\"urlTemplate\":\"https:\/\/milahurt.com\/?s={search_term_string}\"},\"query-input\":\"required name=search_term_string\"}],\"inLanguage\":\"pl-PL\"},{\"@type\":\"Organization\",\"@id\":\"https:\/\/milahurt.com\/#organization\",\"name\":\"Mila Hurt\",\"url\":\"https:\/\/milahurt.com\/\",\"logo\":{\"@type\":\"ImageObject\",\"inLanguage\":\"pl-PL\",\"@id\":\"https:\/\/milahurt.com\/#\/schema\/logo\/image\/\",\"url\":\"https:\/\/wolka24hurtownia.pl\/wp-content\/uploads\/2023\/08\/2.png\",\"contentUrl\":\"https:\/\/wolka24hurtownia.pl\/wp-content\/uploads\/2023\/08\/2.png\",\"width\":1000,\"height\":1000,\"caption\":\"Mila Hurt\"},\"image\":{\"@id\":\"https:\/\/milahurt.com\/#\/schema\/logo\/image\/\"},\"sameAs\":[\"https:\/\/www.facebook.com\/profile.php?id=100085213362965\"]}]}<\/script>\n<!-- \/ Yoast SEO plugin. -->","yoast_head_json":{"title":"SADOER Hair Care \u2013 wyg\u0142adzaj\u0105cy olejek zapachowy w sprayu do w\u0142os\u00f3w - Mila Hurt","robots":{"index":"index","follow":"follow","max-snippet":"max-snippet:-1","max-image-preview":"max-image-preview:large","max-video-preview":"max-video-preview:-1"},"canonical":"https:\/\/milahurt.com\/index.php\/produkt\/sadoer-hair-care-wygladzajacy-olejek-zapachowy-w-sprayu-do-wlosow\/","og_locale":"pl_PL","og_type":"article","og_title":"SADOER Hair Care \u2013 wyg\u0142adzaj\u0105cy olejek zapachowy w sprayu do w\u0142os\u00f3w - Mila Hurt","og_description":"SADOER Hair Care \u2013 wyg\u0142adzaj\u0105cy olejek zapachowy w sprayu do w\u0142os\u00f3w  Marka: SADOER  Przeznaczenie: wyg\u0142adzenie, nab\u0142yszczenie i nadanie zapachu w\u0142osom  Opis na opakowaniu: Brighten (nab\u0142yszcza), Refresh absorption (lekka formu\u0142a, szybkie wch\u0142anianie)  Forma: olejek w sprayu, do stosowania bez sp\u0142ukiwania","og_url":"https:\/\/milahurt.com\/index.php\/produkt\/sadoer-hair-care-wygladzajacy-olejek-zapachowy-w-sprayu-do-wlosow\/","og_site_name":"Mila Hurt","article_publisher":"https:\/\/www.facebook.com\/profile.php?id=100085213362965","og_image":[{"width":682,"height":925,"url":"https:\/\/milahurt.com\/wp-content\/uploads\/2026\/02\/obraz_viber_2026-02-05_12-21-08-973.jpg","type":"image\/jpeg"}],"twitter_card":"summary_large_image","twitter_misc":{"Szacowany czas czytania":"1 minuta"},"schema":{"@context":"https:\/\/schema.org","@graph":[{"@type":"WebPage","@id":"https:\/\/milahurt.com\/index.php\/produkt\/sadoer-hair-care-wygladzajacy-olejek-zapachowy-w-sprayu-do-wlosow\/","url":"https:\/\/milahurt.com\/index.php\/produkt\/sadoer-hair-care-wygladzajacy-olejek-zapachowy-w-sprayu-do-wlosow\/","name":"SADOER Hair Care \u2013 wyg\u0142adzaj\u0105cy olejek zapachowy w sprayu do w\u0142os\u00f3w - Mila Hurt","isPartOf":{"@id":"https:\/\/milahurt.com\/#website"},"primaryImageOfPage":{"@id":"https:\/\/milahurt.com\/index.php\/produkt\/sadoer-hair-care-wygladzajacy-olejek-zapachowy-w-sprayu-do-wlosow\/#primaryimage"},"image":{"@id":"https:\/\/milahurt.com\/index.php\/produkt\/sadoer-hair-care-wygladzajacy-olejek-zapachowy-w-sprayu-do-wlosow\/#primaryimage"},"thumbnailUrl":"https:\/\/milahurt.com\/wp-content\/uploads\/2026\/02\/obraz_viber_2026-02-05_12-21-08-973.jpg","datePublished":"2026-02-05T13:55:52+00:00","dateModified":"2026-02-05T13:55:52+00:00","breadcrumb":{"@id":"https:\/\/milahurt.com\/index.php\/produkt\/sadoer-hair-care-wygladzajacy-olejek-zapachowy-w-sprayu-do-wlosow\/#breadcrumb"},"inLanguage":"pl-PL","potentialAction":[{"@type":"ReadAction","target":["https:\/\/milahurt.com\/index.php\/produkt\/sadoer-hair-care-wygladzajacy-olejek-zapachowy-w-sprayu-do-wlosow\/"]}]},{"@type":"ImageObject","inLanguage":"pl-PL","@id":"https:\/\/milahurt.com\/index.php\/produkt\/sadoer-hair-care-wygladzajacy-olejek-zapachowy-w-sprayu-do-wlosow\/#primaryimage","url":"https:\/\/milahurt.com\/wp-content\/uploads\/2026\/02\/obraz_viber_2026-02-05_12-21-08-973.jpg","contentUrl":"https:\/\/milahurt.com\/wp-content\/uploads\/2026\/02\/obraz_viber_2026-02-05_12-21-08-973.jpg","width":682,"height":925},{"@type":"BreadcrumbList","@id":"https:\/\/milahurt.com\/index.php\/produkt\/sadoer-hair-care-wygladzajacy-olejek-zapachowy-w-sprayu-do-wlosow\/#breadcrumb","itemListElement":[{"@type":"ListItem","position":1,"name":"Strona g\u0142\u00f3wna","item":"https:\/\/milahurt.com\/"},{"@type":"ListItem","position":2,"name":"Sklep","item":"https:\/\/milahurt.com\/index.php\/sklep\/"},{"@type":"ListItem","position":3,"name":"SADOER Hair Care \u2013 wyg\u0142adzaj\u0105cy olejek zapachowy w sprayu do w\u0142os\u00f3w"}]},{"@type":"WebSite","@id":"https:\/\/milahurt.com\/#website","url":"https:\/\/milahurt.com\/","name":"Mila Hurt","description":"Hurtownia internetowa","publisher":{"@id":"https:\/\/milahurt.com\/#organization"},"potentialAction":[{"@type":"SearchAction","target":{"@type":"EntryPoint","urlTemplate":"https:\/\/milahurt.com\/?s={search_term_string}"},"query-input":"required name=search_term_string"}],"inLanguage":"pl-PL"},{"@type":"Organization","@id":"https:\/\/milahurt.com\/#organization","name":"Mila Hurt","url":"https:\/\/milahurt.com\/","logo":{"@type":"ImageObject","inLanguage":"pl-PL","@id":"https:\/\/milahurt.com\/#\/schema\/logo\/image\/","url":"https:\/\/wolka24hurtownia.pl\/wp-content\/uploads\/2023\/08\/2.png","contentUrl":"https:\/\/wolka24hurtownia.pl\/wp-content\/uploads\/2023\/08\/2.png","width":1000,"height":1000,"caption":"Mila Hurt"},"image":{"@id":"https:\/\/milahurt.com\/#\/schema\/logo\/image\/"},"sameAs":["https:\/\/www.facebook.com\/profile.php?id=100085213362965"]}]}},"_links":{"self":[{"href":"https:\/\/milahurt.com\/index.php\/wp-json\/wp\/v2\/product\/302985"}],"collection":[{"href":"https:\/\/milahurt.com\/index.php\/wp-json\/wp\/v2\/product"}],"about":[{"href":"https:\/\/milahurt.com\/index.php\/wp-json\/wp\/v2\/types\/product"}],"wp:featuredmedia":[{"embeddable":true,"href":"https:\/\/milahurt.com\/index.php\/wp-json\/wp\/v2\/media\/302987"}],"wp:attachment":[{"href":"https:\/\/milahurt.com\/index.php\/wp-json\/wp\/v2\/media?parent=302985"}],"wp:term":[{"taxonomy":"product_cat","embeddable":true,"href":"https:\/\/milahurt.com\/index.php\/wp-json\/wp\/v2\/product_cat?post=302985"},{"taxonomy":"product_tag","embeddable":true,"href":"https:\/\/milahurt.com\/index.php\/wp-json\/wp\/v2\/product_tag?post=302985"}],"curies":[{"name":"wp","href":"https:\/\/api.w.org\/{rel}","templated":true}]}}