{"id":302964,"date":"2026-02-01T23:41:16","date_gmt":"2026-02-01T21:41:16","guid":{"rendered":"https:\/\/milahurt.com\/?post_type=product&#038;p=302964"},"modified":"2026-02-01T23:42:22","modified_gmt":"2026-02-01T21:42:22","slug":"perfumy-kopia-5","status":"publish","type":"product","link":"https:\/\/milahurt.com\/index.php\/produkt\/perfumy-kopia-5\/","title":{"rendered":"PERFUMY"},"excerpt":{"rendered":"<p><strong>Rivage Azure \u2013 Myth\u2019s &#038; Legends | Eau de Parfum 100 ml \ud83c\udf0a\ud83d\udc99<\/strong><br \/>\n\u015awie\u017cy, nowoczesny zapach o morsko-aromatycznym charakterze, idealny dla m\u0119\u017cczyzn ceni\u0105cych czysto\u015b\u0107, elegancj\u0119 i swobod\u0119.<\/p>\n<p>Charakter zapachu<br \/>\nRivage Azure otwiera si\u0119 ch\u0142odnymi nutami cytrus\u00f3w i morskiej bryzy, kt\u00f3re daj\u0105 natychmiastowe uczucie \u015bwie\u017co\u015bci. W sercu pojawiaj\u0105 si\u0119 aromatyczne akordy zio\u0142owe, a ca\u0142o\u015b\u0107 osiada na czystej, lekko drzewnej bazie. Zapach jest lekki, energetyczny i bardzo przyjemny w noszeniu.<\/p>\n","protected":false},"featured_media":302956,"template":"","meta":[],"product_cat":[1539],"product_tag":[],"acf":[],"yoast_head":"<!-- This site is optimized with the Yoast SEO plugin v22.6 - https:\/\/yoast.com\/wordpress\/plugins\/seo\/ -->\n<title>PERFUMY - Mila Hurt<\/title>\n<meta name=\"robots\" content=\"index, follow, max-snippet:-1, max-image-preview:large, max-video-preview:-1\" \/>\n<link rel=\"canonical\" href=\"https:\/\/milahurt.com\/index.php\/produkt\/perfumy-kopia-5\/\" \/>\n<meta property=\"og:locale\" content=\"pl_PL\" \/>\n<meta property=\"og:type\" content=\"article\" \/>\n<meta property=\"og:title\" content=\"PERFUMY - Mila Hurt\" \/>\n<meta property=\"og:description\" content=\"Rivage Azure \u2013 Myth\u2019s &amp; Legends | Eau de Parfum 100 ml \ud83c\udf0a\ud83d\udc99 \u015awie\u017cy, nowoczesny zapach o morsko-aromatycznym charakterze, idealny dla m\u0119\u017cczyzn ceni\u0105cych czysto\u015b\u0107, elegancj\u0119 i swobod\u0119.  Charakter zapachu Rivage Azure otwiera si\u0119 ch\u0142odnymi nutami cytrus\u00f3w i morskiej bryzy, kt\u00f3re daj\u0105 natychmiastowe uczucie \u015bwie\u017co\u015bci. W sercu pojawiaj\u0105 si\u0119 aromatyczne akordy zio\u0142owe, a ca\u0142o\u015b\u0107 osiada na czystej, lekko drzewnej bazie. Zapach jest lekki, energetyczny i bardzo przyjemny w noszeniu.\" \/>\n<meta property=\"og:url\" content=\"https:\/\/milahurt.com\/index.php\/produkt\/perfumy-kopia-5\/\" \/>\n<meta property=\"og:site_name\" content=\"Mila Hurt\" \/>\n<meta property=\"article:publisher\" content=\"https:\/\/www.facebook.com\/profile.php?id=100085213362965\" \/>\n<meta property=\"article:modified_time\" content=\"2026-02-01T21:42:22+00:00\" \/>\n<meta property=\"og:image\" content=\"https:\/\/milahurt.com\/wp-content\/uploads\/2026\/02\/15_12SZ-1.jpg\" \/>\n\t<meta property=\"og:image:width\" content=\"1600\" \/>\n\t<meta property=\"og:image:height\" content=\"1466\" \/>\n\t<meta property=\"og:image:type\" content=\"image\/jpeg\" \/>\n<meta name=\"twitter:card\" content=\"summary_large_image\" \/>\n<meta name=\"twitter:label1\" content=\"Szacowany czas czytania\" \/>\n\t<meta name=\"twitter:data1\" content=\"1 minuta\" \/>\n<script type=\"application\/ld+json\" class=\"yoast-schema-graph\">{\"@context\":\"https:\/\/schema.org\",\"@graph\":[{\"@type\":\"WebPage\",\"@id\":\"https:\/\/milahurt.com\/index.php\/produkt\/perfumy-kopia-5\/\",\"url\":\"https:\/\/milahurt.com\/index.php\/produkt\/perfumy-kopia-5\/\",\"name\":\"PERFUMY - Mila Hurt\",\"isPartOf\":{\"@id\":\"https:\/\/milahurt.com\/#website\"},\"primaryImageOfPage\":{\"@id\":\"https:\/\/milahurt.com\/index.php\/produkt\/perfumy-kopia-5\/#primaryimage\"},\"image\":{\"@id\":\"https:\/\/milahurt.com\/index.php\/produkt\/perfumy-kopia-5\/#primaryimage\"},\"thumbnailUrl\":\"https:\/\/milahurt.com\/wp-content\/uploads\/2026\/02\/15_12SZ-1.jpg\",\"datePublished\":\"2026-02-01T21:41:16+00:00\",\"dateModified\":\"2026-02-01T21:42:22+00:00\",\"breadcrumb\":{\"@id\":\"https:\/\/milahurt.com\/index.php\/produkt\/perfumy-kopia-5\/#breadcrumb\"},\"inLanguage\":\"pl-PL\",\"potentialAction\":[{\"@type\":\"ReadAction\",\"target\":[\"https:\/\/milahurt.com\/index.php\/produkt\/perfumy-kopia-5\/\"]}]},{\"@type\":\"ImageObject\",\"inLanguage\":\"pl-PL\",\"@id\":\"https:\/\/milahurt.com\/index.php\/produkt\/perfumy-kopia-5\/#primaryimage\",\"url\":\"https:\/\/milahurt.com\/wp-content\/uploads\/2026\/02\/15_12SZ-1.jpg\",\"contentUrl\":\"https:\/\/milahurt.com\/wp-content\/uploads\/2026\/02\/15_12SZ-1.jpg\",\"width\":1600,\"height\":1466},{\"@type\":\"BreadcrumbList\",\"@id\":\"https:\/\/milahurt.com\/index.php\/produkt\/perfumy-kopia-5\/#breadcrumb\",\"itemListElement\":[{\"@type\":\"ListItem\",\"position\":1,\"name\":\"Strona g\u0142\u00f3wna\",\"item\":\"https:\/\/milahurt.com\/\"},{\"@type\":\"ListItem\",\"position\":2,\"name\":\"Sklep\",\"item\":\"https:\/\/milahurt.com\/index.php\/sklep\/\"},{\"@type\":\"ListItem\",\"position\":3,\"name\":\"PERFUMY\"}]},{\"@type\":\"WebSite\",\"@id\":\"https:\/\/milahurt.com\/#website\",\"url\":\"https:\/\/milahurt.com\/\",\"name\":\"Mila Hurt\",\"description\":\"Hurtownia internetowa\",\"publisher\":{\"@id\":\"https:\/\/milahurt.com\/#organization\"},\"potentialAction\":[{\"@type\":\"SearchAction\",\"target\":{\"@type\":\"EntryPoint\",\"urlTemplate\":\"https:\/\/milahurt.com\/?s={search_term_string}\"},\"query-input\":\"required name=search_term_string\"}],\"inLanguage\":\"pl-PL\"},{\"@type\":\"Organization\",\"@id\":\"https:\/\/milahurt.com\/#organization\",\"name\":\"Mila Hurt\",\"url\":\"https:\/\/milahurt.com\/\",\"logo\":{\"@type\":\"ImageObject\",\"inLanguage\":\"pl-PL\",\"@id\":\"https:\/\/milahurt.com\/#\/schema\/logo\/image\/\",\"url\":\"https:\/\/wolka24hurtownia.pl\/wp-content\/uploads\/2023\/08\/2.png\",\"contentUrl\":\"https:\/\/wolka24hurtownia.pl\/wp-content\/uploads\/2023\/08\/2.png\",\"width\":1000,\"height\":1000,\"caption\":\"Mila Hurt\"},\"image\":{\"@id\":\"https:\/\/milahurt.com\/#\/schema\/logo\/image\/\"},\"sameAs\":[\"https:\/\/www.facebook.com\/profile.php?id=100085213362965\"]}]}<\/script>\n<!-- \/ Yoast SEO plugin. -->","yoast_head_json":{"title":"PERFUMY - Mila Hurt","robots":{"index":"index","follow":"follow","max-snippet":"max-snippet:-1","max-image-preview":"max-image-preview:large","max-video-preview":"max-video-preview:-1"},"canonical":"https:\/\/milahurt.com\/index.php\/produkt\/perfumy-kopia-5\/","og_locale":"pl_PL","og_type":"article","og_title":"PERFUMY - Mila Hurt","og_description":"Rivage Azure \u2013 Myth\u2019s & Legends | Eau de Parfum 100 ml \ud83c\udf0a\ud83d\udc99 \u015awie\u017cy, nowoczesny zapach o morsko-aromatycznym charakterze, idealny dla m\u0119\u017cczyzn ceni\u0105cych czysto\u015b\u0107, elegancj\u0119 i swobod\u0119.  Charakter zapachu Rivage Azure otwiera si\u0119 ch\u0142odnymi nutami cytrus\u00f3w i morskiej bryzy, kt\u00f3re daj\u0105 natychmiastowe uczucie \u015bwie\u017co\u015bci. W sercu pojawiaj\u0105 si\u0119 aromatyczne akordy zio\u0142owe, a ca\u0142o\u015b\u0107 osiada na czystej, lekko drzewnej bazie. Zapach jest lekki, energetyczny i bardzo przyjemny w noszeniu.","og_url":"https:\/\/milahurt.com\/index.php\/produkt\/perfumy-kopia-5\/","og_site_name":"Mila Hurt","article_publisher":"https:\/\/www.facebook.com\/profile.php?id=100085213362965","article_modified_time":"2026-02-01T21:42:22+00:00","og_image":[{"width":1600,"height":1466,"url":"https:\/\/milahurt.com\/wp-content\/uploads\/2026\/02\/15_12SZ-1.jpg","type":"image\/jpeg"}],"twitter_card":"summary_large_image","twitter_misc":{"Szacowany czas czytania":"1 minuta"},"schema":{"@context":"https:\/\/schema.org","@graph":[{"@type":"WebPage","@id":"https:\/\/milahurt.com\/index.php\/produkt\/perfumy-kopia-5\/","url":"https:\/\/milahurt.com\/index.php\/produkt\/perfumy-kopia-5\/","name":"PERFUMY - Mila Hurt","isPartOf":{"@id":"https:\/\/milahurt.com\/#website"},"primaryImageOfPage":{"@id":"https:\/\/milahurt.com\/index.php\/produkt\/perfumy-kopia-5\/#primaryimage"},"image":{"@id":"https:\/\/milahurt.com\/index.php\/produkt\/perfumy-kopia-5\/#primaryimage"},"thumbnailUrl":"https:\/\/milahurt.com\/wp-content\/uploads\/2026\/02\/15_12SZ-1.jpg","datePublished":"2026-02-01T21:41:16+00:00","dateModified":"2026-02-01T21:42:22+00:00","breadcrumb":{"@id":"https:\/\/milahurt.com\/index.php\/produkt\/perfumy-kopia-5\/#breadcrumb"},"inLanguage":"pl-PL","potentialAction":[{"@type":"ReadAction","target":["https:\/\/milahurt.com\/index.php\/produkt\/perfumy-kopia-5\/"]}]},{"@type":"ImageObject","inLanguage":"pl-PL","@id":"https:\/\/milahurt.com\/index.php\/produkt\/perfumy-kopia-5\/#primaryimage","url":"https:\/\/milahurt.com\/wp-content\/uploads\/2026\/02\/15_12SZ-1.jpg","contentUrl":"https:\/\/milahurt.com\/wp-content\/uploads\/2026\/02\/15_12SZ-1.jpg","width":1600,"height":1466},{"@type":"BreadcrumbList","@id":"https:\/\/milahurt.com\/index.php\/produkt\/perfumy-kopia-5\/#breadcrumb","itemListElement":[{"@type":"ListItem","position":1,"name":"Strona g\u0142\u00f3wna","item":"https:\/\/milahurt.com\/"},{"@type":"ListItem","position":2,"name":"Sklep","item":"https:\/\/milahurt.com\/index.php\/sklep\/"},{"@type":"ListItem","position":3,"name":"PERFUMY"}]},{"@type":"WebSite","@id":"https:\/\/milahurt.com\/#website","url":"https:\/\/milahurt.com\/","name":"Mila Hurt","description":"Hurtownia internetowa","publisher":{"@id":"https:\/\/milahurt.com\/#organization"},"potentialAction":[{"@type":"SearchAction","target":{"@type":"EntryPoint","urlTemplate":"https:\/\/milahurt.com\/?s={search_term_string}"},"query-input":"required name=search_term_string"}],"inLanguage":"pl-PL"},{"@type":"Organization","@id":"https:\/\/milahurt.com\/#organization","name":"Mila Hurt","url":"https:\/\/milahurt.com\/","logo":{"@type":"ImageObject","inLanguage":"pl-PL","@id":"https:\/\/milahurt.com\/#\/schema\/logo\/image\/","url":"https:\/\/wolka24hurtownia.pl\/wp-content\/uploads\/2023\/08\/2.png","contentUrl":"https:\/\/wolka24hurtownia.pl\/wp-content\/uploads\/2023\/08\/2.png","width":1000,"height":1000,"caption":"Mila Hurt"},"image":{"@id":"https:\/\/milahurt.com\/#\/schema\/logo\/image\/"},"sameAs":["https:\/\/www.facebook.com\/profile.php?id=100085213362965"]}]}},"_links":{"self":[{"href":"https:\/\/milahurt.com\/index.php\/wp-json\/wp\/v2\/product\/302964"}],"collection":[{"href":"https:\/\/milahurt.com\/index.php\/wp-json\/wp\/v2\/product"}],"about":[{"href":"https:\/\/milahurt.com\/index.php\/wp-json\/wp\/v2\/types\/product"}],"wp:featuredmedia":[{"embeddable":true,"href":"https:\/\/milahurt.com\/index.php\/wp-json\/wp\/v2\/media\/302956"}],"wp:attachment":[{"href":"https:\/\/milahurt.com\/index.php\/wp-json\/wp\/v2\/media?parent=302964"}],"wp:term":[{"taxonomy":"product_cat","embeddable":true,"href":"https:\/\/milahurt.com\/index.php\/wp-json\/wp\/v2\/product_cat?post=302964"},{"taxonomy":"product_tag","embeddable":true,"href":"https:\/\/milahurt.com\/index.php\/wp-json\/wp\/v2\/product_tag?post=302964"}],"curies":[{"name":"wp","href":"https:\/\/api.w.org\/{rel}","templated":true}]}}