{"id":302944,"date":"2026-02-01T23:32:50","date_gmt":"2026-02-01T21:32:50","guid":{"rendered":"https:\/\/milahurt.com\/?post_type=product&#038;p=302944"},"modified":"2026-02-01T23:33:22","modified_gmt":"2026-02-01T21:33:22","slug":"perfumy-6","status":"publish","type":"product","link":"https:\/\/milahurt.com\/index.php\/produkt\/perfumy-6\/","title":{"rendered":"PERFUMY"},"excerpt":{"rendered":"<p><strong>Valentine Moment <\/strong>to romantyczna woda perfumowana o lekkim, s\u0142odko-kwiatowym charakterze, idealna na co dzie\u0144 i wyj\u0105tkowe chwile. Kompozycja zachwyca delikatnymi, kobiecymi nutami, kt\u00f3re otulaj\u0105 sk\u00f3r\u0119 \u015bwie\u017co\u015bci\u0105 i subteln\u0105 s\u0142odycz\u0105. Uroczy, r\u00f3\u017cowy flakon oraz stylowe opakowanie w kszta\u0142cie serca czyni\u0105 ten zapach doskona\u0142ym wyborem na prezent \u2013 szczeg\u00f3lnie dla mi\u0142o\u015bniczek romantycznych, dziewcz\u0119cych aromat\u00f3w. \ud83d\udc95\u2728<\/p>\n","protected":false},"featured_media":302904,"template":"","meta":[],"product_cat":[1539],"product_tag":[],"acf":[],"yoast_head":"<!-- This site is optimized with the Yoast SEO plugin v22.6 - https:\/\/yoast.com\/wordpress\/plugins\/seo\/ -->\n<title>PERFUMY - Mila Hurt<\/title>\n<meta name=\"robots\" content=\"index, follow, max-snippet:-1, max-image-preview:large, max-video-preview:-1\" \/>\n<link rel=\"canonical\" href=\"https:\/\/milahurt.com\/index.php\/produkt\/perfumy-6\/\" \/>\n<meta property=\"og:locale\" content=\"pl_PL\" \/>\n<meta property=\"og:type\" content=\"article\" \/>\n<meta property=\"og:title\" content=\"PERFUMY - Mila Hurt\" \/>\n<meta property=\"og:description\" content=\"Valentine Moment to romantyczna woda perfumowana o lekkim, s\u0142odko-kwiatowym charakterze, idealna na co dzie\u0144 i wyj\u0105tkowe chwile. Kompozycja zachwyca delikatnymi, kobiecymi nutami, kt\u00f3re otulaj\u0105 sk\u00f3r\u0119 \u015bwie\u017co\u015bci\u0105 i subteln\u0105 s\u0142odycz\u0105. Uroczy, r\u00f3\u017cowy flakon oraz stylowe opakowanie w kszta\u0142cie serca czyni\u0105 ten zapach doskona\u0142ym wyborem na prezent \u2013 szczeg\u00f3lnie dla mi\u0142o\u015bniczek romantycznych, dziewcz\u0119cych aromat\u00f3w. \ud83d\udc95\u2728\" \/>\n<meta property=\"og:url\" content=\"https:\/\/milahurt.com\/index.php\/produkt\/perfumy-6\/\" \/>\n<meta property=\"og:site_name\" content=\"Mila Hurt\" \/>\n<meta property=\"article:publisher\" content=\"https:\/\/www.facebook.com\/profile.php?id=100085213362965\" \/>\n<meta property=\"article:modified_time\" content=\"2026-02-01T21:33:22+00:00\" \/>\n<meta property=\"og:image\" content=\"https:\/\/milahurt.com\/wp-content\/uploads\/2026\/02\/15_12sz.jpg\" \/>\n\t<meta property=\"og:image:width\" content=\"1600\" \/>\n\t<meta property=\"og:image:height\" content=\"1302\" \/>\n\t<meta property=\"og:image:type\" content=\"image\/jpeg\" \/>\n<meta name=\"twitter:card\" content=\"summary_large_image\" \/>\n<meta name=\"twitter:label1\" content=\"Szacowany czas czytania\" \/>\n\t<meta name=\"twitter:data1\" content=\"1 minuta\" \/>\n<script type=\"application\/ld+json\" class=\"yoast-schema-graph\">{\"@context\":\"https:\/\/schema.org\",\"@graph\":[{\"@type\":\"WebPage\",\"@id\":\"https:\/\/milahurt.com\/index.php\/produkt\/perfumy-6\/\",\"url\":\"https:\/\/milahurt.com\/index.php\/produkt\/perfumy-6\/\",\"name\":\"PERFUMY - Mila Hurt\",\"isPartOf\":{\"@id\":\"https:\/\/milahurt.com\/#website\"},\"primaryImageOfPage\":{\"@id\":\"https:\/\/milahurt.com\/index.php\/produkt\/perfumy-6\/#primaryimage\"},\"image\":{\"@id\":\"https:\/\/milahurt.com\/index.php\/produkt\/perfumy-6\/#primaryimage\"},\"thumbnailUrl\":\"https:\/\/milahurt.com\/wp-content\/uploads\/2026\/02\/15_12sz.jpg\",\"datePublished\":\"2026-02-01T21:32:50+00:00\",\"dateModified\":\"2026-02-01T21:33:22+00:00\",\"breadcrumb\":{\"@id\":\"https:\/\/milahurt.com\/index.php\/produkt\/perfumy-6\/#breadcrumb\"},\"inLanguage\":\"pl-PL\",\"potentialAction\":[{\"@type\":\"ReadAction\",\"target\":[\"https:\/\/milahurt.com\/index.php\/produkt\/perfumy-6\/\"]}]},{\"@type\":\"ImageObject\",\"inLanguage\":\"pl-PL\",\"@id\":\"https:\/\/milahurt.com\/index.php\/produkt\/perfumy-6\/#primaryimage\",\"url\":\"https:\/\/milahurt.com\/wp-content\/uploads\/2026\/02\/15_12sz.jpg\",\"contentUrl\":\"https:\/\/milahurt.com\/wp-content\/uploads\/2026\/02\/15_12sz.jpg\",\"width\":1600,\"height\":1302},{\"@type\":\"BreadcrumbList\",\"@id\":\"https:\/\/milahurt.com\/index.php\/produkt\/perfumy-6\/#breadcrumb\",\"itemListElement\":[{\"@type\":\"ListItem\",\"position\":1,\"name\":\"Strona g\u0142\u00f3wna\",\"item\":\"https:\/\/milahurt.com\/\"},{\"@type\":\"ListItem\",\"position\":2,\"name\":\"Sklep\",\"item\":\"https:\/\/milahurt.com\/index.php\/sklep\/\"},{\"@type\":\"ListItem\",\"position\":3,\"name\":\"PERFUMY\"}]},{\"@type\":\"WebSite\",\"@id\":\"https:\/\/milahurt.com\/#website\",\"url\":\"https:\/\/milahurt.com\/\",\"name\":\"Mila Hurt\",\"description\":\"Hurtownia internetowa\",\"publisher\":{\"@id\":\"https:\/\/milahurt.com\/#organization\"},\"potentialAction\":[{\"@type\":\"SearchAction\",\"target\":{\"@type\":\"EntryPoint\",\"urlTemplate\":\"https:\/\/milahurt.com\/?s={search_term_string}\"},\"query-input\":\"required name=search_term_string\"}],\"inLanguage\":\"pl-PL\"},{\"@type\":\"Organization\",\"@id\":\"https:\/\/milahurt.com\/#organization\",\"name\":\"Mila Hurt\",\"url\":\"https:\/\/milahurt.com\/\",\"logo\":{\"@type\":\"ImageObject\",\"inLanguage\":\"pl-PL\",\"@id\":\"https:\/\/milahurt.com\/#\/schema\/logo\/image\/\",\"url\":\"https:\/\/wolka24hurtownia.pl\/wp-content\/uploads\/2023\/08\/2.png\",\"contentUrl\":\"https:\/\/wolka24hurtownia.pl\/wp-content\/uploads\/2023\/08\/2.png\",\"width\":1000,\"height\":1000,\"caption\":\"Mila Hurt\"},\"image\":{\"@id\":\"https:\/\/milahurt.com\/#\/schema\/logo\/image\/\"},\"sameAs\":[\"https:\/\/www.facebook.com\/profile.php?id=100085213362965\"]}]}<\/script>\n<!-- \/ Yoast SEO plugin. -->","yoast_head_json":{"title":"PERFUMY - Mila Hurt","robots":{"index":"index","follow":"follow","max-snippet":"max-snippet:-1","max-image-preview":"max-image-preview:large","max-video-preview":"max-video-preview:-1"},"canonical":"https:\/\/milahurt.com\/index.php\/produkt\/perfumy-6\/","og_locale":"pl_PL","og_type":"article","og_title":"PERFUMY - Mila Hurt","og_description":"Valentine Moment to romantyczna woda perfumowana o lekkim, s\u0142odko-kwiatowym charakterze, idealna na co dzie\u0144 i wyj\u0105tkowe chwile. Kompozycja zachwyca delikatnymi, kobiecymi nutami, kt\u00f3re otulaj\u0105 sk\u00f3r\u0119 \u015bwie\u017co\u015bci\u0105 i subteln\u0105 s\u0142odycz\u0105. Uroczy, r\u00f3\u017cowy flakon oraz stylowe opakowanie w kszta\u0142cie serca czyni\u0105 ten zapach doskona\u0142ym wyborem na prezent \u2013 szczeg\u00f3lnie dla mi\u0142o\u015bniczek romantycznych, dziewcz\u0119cych aromat\u00f3w. \ud83d\udc95\u2728","og_url":"https:\/\/milahurt.com\/index.php\/produkt\/perfumy-6\/","og_site_name":"Mila Hurt","article_publisher":"https:\/\/www.facebook.com\/profile.php?id=100085213362965","article_modified_time":"2026-02-01T21:33:22+00:00","og_image":[{"width":1600,"height":1302,"url":"https:\/\/milahurt.com\/wp-content\/uploads\/2026\/02\/15_12sz.jpg","type":"image\/jpeg"}],"twitter_card":"summary_large_image","twitter_misc":{"Szacowany czas czytania":"1 minuta"},"schema":{"@context":"https:\/\/schema.org","@graph":[{"@type":"WebPage","@id":"https:\/\/milahurt.com\/index.php\/produkt\/perfumy-6\/","url":"https:\/\/milahurt.com\/index.php\/produkt\/perfumy-6\/","name":"PERFUMY - Mila Hurt","isPartOf":{"@id":"https:\/\/milahurt.com\/#website"},"primaryImageOfPage":{"@id":"https:\/\/milahurt.com\/index.php\/produkt\/perfumy-6\/#primaryimage"},"image":{"@id":"https:\/\/milahurt.com\/index.php\/produkt\/perfumy-6\/#primaryimage"},"thumbnailUrl":"https:\/\/milahurt.com\/wp-content\/uploads\/2026\/02\/15_12sz.jpg","datePublished":"2026-02-01T21:32:50+00:00","dateModified":"2026-02-01T21:33:22+00:00","breadcrumb":{"@id":"https:\/\/milahurt.com\/index.php\/produkt\/perfumy-6\/#breadcrumb"},"inLanguage":"pl-PL","potentialAction":[{"@type":"ReadAction","target":["https:\/\/milahurt.com\/index.php\/produkt\/perfumy-6\/"]}]},{"@type":"ImageObject","inLanguage":"pl-PL","@id":"https:\/\/milahurt.com\/index.php\/produkt\/perfumy-6\/#primaryimage","url":"https:\/\/milahurt.com\/wp-content\/uploads\/2026\/02\/15_12sz.jpg","contentUrl":"https:\/\/milahurt.com\/wp-content\/uploads\/2026\/02\/15_12sz.jpg","width":1600,"height":1302},{"@type":"BreadcrumbList","@id":"https:\/\/milahurt.com\/index.php\/produkt\/perfumy-6\/#breadcrumb","itemListElement":[{"@type":"ListItem","position":1,"name":"Strona g\u0142\u00f3wna","item":"https:\/\/milahurt.com\/"},{"@type":"ListItem","position":2,"name":"Sklep","item":"https:\/\/milahurt.com\/index.php\/sklep\/"},{"@type":"ListItem","position":3,"name":"PERFUMY"}]},{"@type":"WebSite","@id":"https:\/\/milahurt.com\/#website","url":"https:\/\/milahurt.com\/","name":"Mila Hurt","description":"Hurtownia internetowa","publisher":{"@id":"https:\/\/milahurt.com\/#organization"},"potentialAction":[{"@type":"SearchAction","target":{"@type":"EntryPoint","urlTemplate":"https:\/\/milahurt.com\/?s={search_term_string}"},"query-input":"required name=search_term_string"}],"inLanguage":"pl-PL"},{"@type":"Organization","@id":"https:\/\/milahurt.com\/#organization","name":"Mila Hurt","url":"https:\/\/milahurt.com\/","logo":{"@type":"ImageObject","inLanguage":"pl-PL","@id":"https:\/\/milahurt.com\/#\/schema\/logo\/image\/","url":"https:\/\/wolka24hurtownia.pl\/wp-content\/uploads\/2023\/08\/2.png","contentUrl":"https:\/\/wolka24hurtownia.pl\/wp-content\/uploads\/2023\/08\/2.png","width":1000,"height":1000,"caption":"Mila Hurt"},"image":{"@id":"https:\/\/milahurt.com\/#\/schema\/logo\/image\/"},"sameAs":["https:\/\/www.facebook.com\/profile.php?id=100085213362965"]}]}},"_links":{"self":[{"href":"https:\/\/milahurt.com\/index.php\/wp-json\/wp\/v2\/product\/302944"}],"collection":[{"href":"https:\/\/milahurt.com\/index.php\/wp-json\/wp\/v2\/product"}],"about":[{"href":"https:\/\/milahurt.com\/index.php\/wp-json\/wp\/v2\/types\/product"}],"wp:featuredmedia":[{"embeddable":true,"href":"https:\/\/milahurt.com\/index.php\/wp-json\/wp\/v2\/media\/302904"}],"wp:attachment":[{"href":"https:\/\/milahurt.com\/index.php\/wp-json\/wp\/v2\/media?parent=302944"}],"wp:term":[{"taxonomy":"product_cat","embeddable":true,"href":"https:\/\/milahurt.com\/index.php\/wp-json\/wp\/v2\/product_cat?post=302944"},{"taxonomy":"product_tag","embeddable":true,"href":"https:\/\/milahurt.com\/index.php\/wp-json\/wp\/v2\/product_tag?post=302944"}],"curies":[{"name":"wp","href":"https:\/\/api.w.org\/{rel}","templated":true}]}}