{"id":302702,"date":"2026-01-27T10:46:40","date_gmt":"2026-01-27T08:46:40","guid":{"rendered":"https:\/\/milahurt.com\/?post_type=product&#038;p=302702"},"modified":"2026-01-27T11:42:31","modified_gmt":"2026-01-27T09:42:31","slug":"olejek-salonowy-do-wlosow-z-feromonami","status":"publish","type":"product","link":"https:\/\/milahurt.com\/index.php\/produkt\/olejek-salonowy-do-wlosow-z-feromonami\/","title":{"rendered":"Olejek Salonowy do w\u0142os\u00f3w z Feromonami"},"excerpt":{"rendered":"<p><img fetchpriority=\"high\" decoding=\"async\" class=\"alignnone size-medium wp-image-302703\" src=\"https:\/\/milahurt.com\/wp-content\/uploads\/2026\/01\/obraz_viber_2026-01-27_09-25-37-973-300x300.jpg\" alt=\"\" width=\"300\" height=\"300\" srcset=\"https:\/\/milahurt.com\/wp-content\/uploads\/2026\/01\/obraz_viber_2026-01-27_09-25-37-973-300x300.jpg 300w, https:\/\/milahurt.com\/wp-content\/uploads\/2026\/01\/obraz_viber_2026-01-27_09-25-37-973-150x150.jpg 150w, https:\/\/milahurt.com\/wp-content\/uploads\/2026\/01\/obraz_viber_2026-01-27_09-25-37-973-768x768.jpg 768w, https:\/\/milahurt.com\/wp-content\/uploads\/2026\/01\/obraz_viber_2026-01-27_09-25-37-973-600x600.jpg 600w, https:\/\/milahurt.com\/wp-content\/uploads\/2026\/01\/obraz_viber_2026-01-27_09-25-37-973.jpg 800w\" sizes=\"(max-width: 300px) 100vw, 300px\" \/><strong> Olejek Salonowy do w\u0142os\u00f3w z Feromonami<\/strong><br \/>\nOd\u017cywia ca\u0142a struktur\u0119 w\u0142osa, Wyg\u0142adza w\u0142os- jak maski film, Nie jest ci\u0119\u017cki i nie pozostawia w\u0142os\u00f3w t\u0142ustych, Zapach i Feromony uwalniane s\u0105 przez 12h przechodz\u0105c od Nut G\u0142owy do Bazy<br \/>\nzawiera Feromony<\/p>\n","protected":false},"featured_media":302703,"template":"","meta":[],"product_cat":[1565],"product_tag":[],"acf":[],"yoast_head":"<!-- This site is optimized with the Yoast SEO plugin v22.6 - https:\/\/yoast.com\/wordpress\/plugins\/seo\/ -->\n<title>Olejek Salonowy do w\u0142os\u00f3w z Feromonami - Mila Hurt<\/title>\n<meta name=\"robots\" content=\"index, follow, max-snippet:-1, max-image-preview:large, max-video-preview:-1\" \/>\n<link rel=\"canonical\" href=\"https:\/\/milahurt.com\/index.php\/produkt\/olejek-salonowy-do-wlosow-z-feromonami\/\" \/>\n<meta property=\"og:locale\" content=\"pl_PL\" \/>\n<meta property=\"og:type\" content=\"article\" \/>\n<meta property=\"og:title\" content=\"Olejek Salonowy do w\u0142os\u00f3w z Feromonami - Mila Hurt\" \/>\n<meta property=\"og:description\" content=\"Olejek Salonowy do w\u0142os\u00f3w z Feromonami Od\u017cywia ca\u0142a struktur\u0119 w\u0142osa, Wyg\u0142adza w\u0142os- jak maski film, Nie jest ci\u0119\u017cki i nie pozostawia w\u0142os\u00f3w t\u0142ustych, Zapach i Feromony uwalniane s\u0105 przez 12h przechodz\u0105c od Nut G\u0142owy do Bazy zawiera Feromony\" \/>\n<meta property=\"og:url\" content=\"https:\/\/milahurt.com\/index.php\/produkt\/olejek-salonowy-do-wlosow-z-feromonami\/\" \/>\n<meta property=\"og:site_name\" content=\"Mila Hurt\" \/>\n<meta property=\"article:publisher\" content=\"https:\/\/www.facebook.com\/profile.php?id=100085213362965\" \/>\n<meta property=\"article:modified_time\" content=\"2026-01-27T09:42:31+00:00\" \/>\n<meta property=\"og:image\" content=\"https:\/\/milahurt.com\/wp-content\/uploads\/2026\/01\/obraz_viber_2026-01-27_09-25-37-973.jpg\" \/>\n\t<meta property=\"og:image:width\" content=\"800\" \/>\n\t<meta property=\"og:image:height\" content=\"800\" \/>\n\t<meta property=\"og:image:type\" content=\"image\/jpeg\" \/>\n<meta name=\"twitter:card\" content=\"summary_large_image\" \/>\n<meta name=\"twitter:label1\" content=\"Szacowany czas czytania\" \/>\n\t<meta name=\"twitter:data1\" content=\"1 minuta\" \/>\n<script type=\"application\/ld+json\" class=\"yoast-schema-graph\">{\"@context\":\"https:\/\/schema.org\",\"@graph\":[{\"@type\":\"WebPage\",\"@id\":\"https:\/\/milahurt.com\/index.php\/produkt\/olejek-salonowy-do-wlosow-z-feromonami\/\",\"url\":\"https:\/\/milahurt.com\/index.php\/produkt\/olejek-salonowy-do-wlosow-z-feromonami\/\",\"name\":\"Olejek Salonowy do w\u0142os\u00f3w z Feromonami - Mila Hurt\",\"isPartOf\":{\"@id\":\"https:\/\/milahurt.com\/#website\"},\"primaryImageOfPage\":{\"@id\":\"https:\/\/milahurt.com\/index.php\/produkt\/olejek-salonowy-do-wlosow-z-feromonami\/#primaryimage\"},\"image\":{\"@id\":\"https:\/\/milahurt.com\/index.php\/produkt\/olejek-salonowy-do-wlosow-z-feromonami\/#primaryimage\"},\"thumbnailUrl\":\"https:\/\/milahurt.com\/wp-content\/uploads\/2026\/01\/obraz_viber_2026-01-27_09-25-37-973.jpg\",\"datePublished\":\"2026-01-27T08:46:40+00:00\",\"dateModified\":\"2026-01-27T09:42:31+00:00\",\"breadcrumb\":{\"@id\":\"https:\/\/milahurt.com\/index.php\/produkt\/olejek-salonowy-do-wlosow-z-feromonami\/#breadcrumb\"},\"inLanguage\":\"pl-PL\",\"potentialAction\":[{\"@type\":\"ReadAction\",\"target\":[\"https:\/\/milahurt.com\/index.php\/produkt\/olejek-salonowy-do-wlosow-z-feromonami\/\"]}]},{\"@type\":\"ImageObject\",\"inLanguage\":\"pl-PL\",\"@id\":\"https:\/\/milahurt.com\/index.php\/produkt\/olejek-salonowy-do-wlosow-z-feromonami\/#primaryimage\",\"url\":\"https:\/\/milahurt.com\/wp-content\/uploads\/2026\/01\/obraz_viber_2026-01-27_09-25-37-973.jpg\",\"contentUrl\":\"https:\/\/milahurt.com\/wp-content\/uploads\/2026\/01\/obraz_viber_2026-01-27_09-25-37-973.jpg\",\"width\":800,\"height\":800},{\"@type\":\"BreadcrumbList\",\"@id\":\"https:\/\/milahurt.com\/index.php\/produkt\/olejek-salonowy-do-wlosow-z-feromonami\/#breadcrumb\",\"itemListElement\":[{\"@type\":\"ListItem\",\"position\":1,\"name\":\"Strona g\u0142\u00f3wna\",\"item\":\"https:\/\/milahurt.com\/\"},{\"@type\":\"ListItem\",\"position\":2,\"name\":\"Sklep\",\"item\":\"https:\/\/milahurt.com\/index.php\/sklep\/\"},{\"@type\":\"ListItem\",\"position\":3,\"name\":\"Olejek Salonowy do w\u0142os\u00f3w z Feromonami\"}]},{\"@type\":\"WebSite\",\"@id\":\"https:\/\/milahurt.com\/#website\",\"url\":\"https:\/\/milahurt.com\/\",\"name\":\"Mila Hurt\",\"description\":\"Hurtownia internetowa\",\"publisher\":{\"@id\":\"https:\/\/milahurt.com\/#organization\"},\"potentialAction\":[{\"@type\":\"SearchAction\",\"target\":{\"@type\":\"EntryPoint\",\"urlTemplate\":\"https:\/\/milahurt.com\/?s={search_term_string}\"},\"query-input\":\"required name=search_term_string\"}],\"inLanguage\":\"pl-PL\"},{\"@type\":\"Organization\",\"@id\":\"https:\/\/milahurt.com\/#organization\",\"name\":\"Mila Hurt\",\"url\":\"https:\/\/milahurt.com\/\",\"logo\":{\"@type\":\"ImageObject\",\"inLanguage\":\"pl-PL\",\"@id\":\"https:\/\/milahurt.com\/#\/schema\/logo\/image\/\",\"url\":\"https:\/\/wolka24hurtownia.pl\/wp-content\/uploads\/2023\/08\/2.png\",\"contentUrl\":\"https:\/\/wolka24hurtownia.pl\/wp-content\/uploads\/2023\/08\/2.png\",\"width\":1000,\"height\":1000,\"caption\":\"Mila Hurt\"},\"image\":{\"@id\":\"https:\/\/milahurt.com\/#\/schema\/logo\/image\/\"},\"sameAs\":[\"https:\/\/www.facebook.com\/profile.php?id=100085213362965\"]}]}<\/script>\n<!-- \/ Yoast SEO plugin. -->","yoast_head_json":{"title":"Olejek Salonowy do w\u0142os\u00f3w z Feromonami - Mila Hurt","robots":{"index":"index","follow":"follow","max-snippet":"max-snippet:-1","max-image-preview":"max-image-preview:large","max-video-preview":"max-video-preview:-1"},"canonical":"https:\/\/milahurt.com\/index.php\/produkt\/olejek-salonowy-do-wlosow-z-feromonami\/","og_locale":"pl_PL","og_type":"article","og_title":"Olejek Salonowy do w\u0142os\u00f3w z Feromonami - Mila Hurt","og_description":"Olejek Salonowy do w\u0142os\u00f3w z Feromonami Od\u017cywia ca\u0142a struktur\u0119 w\u0142osa, Wyg\u0142adza w\u0142os- jak maski film, Nie jest ci\u0119\u017cki i nie pozostawia w\u0142os\u00f3w t\u0142ustych, Zapach i Feromony uwalniane s\u0105 przez 12h przechodz\u0105c od Nut G\u0142owy do Bazy zawiera Feromony","og_url":"https:\/\/milahurt.com\/index.php\/produkt\/olejek-salonowy-do-wlosow-z-feromonami\/","og_site_name":"Mila Hurt","article_publisher":"https:\/\/www.facebook.com\/profile.php?id=100085213362965","article_modified_time":"2026-01-27T09:42:31+00:00","og_image":[{"width":800,"height":800,"url":"https:\/\/milahurt.com\/wp-content\/uploads\/2026\/01\/obraz_viber_2026-01-27_09-25-37-973.jpg","type":"image\/jpeg"}],"twitter_card":"summary_large_image","twitter_misc":{"Szacowany czas czytania":"1 minuta"},"schema":{"@context":"https:\/\/schema.org","@graph":[{"@type":"WebPage","@id":"https:\/\/milahurt.com\/index.php\/produkt\/olejek-salonowy-do-wlosow-z-feromonami\/","url":"https:\/\/milahurt.com\/index.php\/produkt\/olejek-salonowy-do-wlosow-z-feromonami\/","name":"Olejek Salonowy do w\u0142os\u00f3w z Feromonami - Mila Hurt","isPartOf":{"@id":"https:\/\/milahurt.com\/#website"},"primaryImageOfPage":{"@id":"https:\/\/milahurt.com\/index.php\/produkt\/olejek-salonowy-do-wlosow-z-feromonami\/#primaryimage"},"image":{"@id":"https:\/\/milahurt.com\/index.php\/produkt\/olejek-salonowy-do-wlosow-z-feromonami\/#primaryimage"},"thumbnailUrl":"https:\/\/milahurt.com\/wp-content\/uploads\/2026\/01\/obraz_viber_2026-01-27_09-25-37-973.jpg","datePublished":"2026-01-27T08:46:40+00:00","dateModified":"2026-01-27T09:42:31+00:00","breadcrumb":{"@id":"https:\/\/milahurt.com\/index.php\/produkt\/olejek-salonowy-do-wlosow-z-feromonami\/#breadcrumb"},"inLanguage":"pl-PL","potentialAction":[{"@type":"ReadAction","target":["https:\/\/milahurt.com\/index.php\/produkt\/olejek-salonowy-do-wlosow-z-feromonami\/"]}]},{"@type":"ImageObject","inLanguage":"pl-PL","@id":"https:\/\/milahurt.com\/index.php\/produkt\/olejek-salonowy-do-wlosow-z-feromonami\/#primaryimage","url":"https:\/\/milahurt.com\/wp-content\/uploads\/2026\/01\/obraz_viber_2026-01-27_09-25-37-973.jpg","contentUrl":"https:\/\/milahurt.com\/wp-content\/uploads\/2026\/01\/obraz_viber_2026-01-27_09-25-37-973.jpg","width":800,"height":800},{"@type":"BreadcrumbList","@id":"https:\/\/milahurt.com\/index.php\/produkt\/olejek-salonowy-do-wlosow-z-feromonami\/#breadcrumb","itemListElement":[{"@type":"ListItem","position":1,"name":"Strona g\u0142\u00f3wna","item":"https:\/\/milahurt.com\/"},{"@type":"ListItem","position":2,"name":"Sklep","item":"https:\/\/milahurt.com\/index.php\/sklep\/"},{"@type":"ListItem","position":3,"name":"Olejek Salonowy do w\u0142os\u00f3w z Feromonami"}]},{"@type":"WebSite","@id":"https:\/\/milahurt.com\/#website","url":"https:\/\/milahurt.com\/","name":"Mila Hurt","description":"Hurtownia internetowa","publisher":{"@id":"https:\/\/milahurt.com\/#organization"},"potentialAction":[{"@type":"SearchAction","target":{"@type":"EntryPoint","urlTemplate":"https:\/\/milahurt.com\/?s={search_term_string}"},"query-input":"required name=search_term_string"}],"inLanguage":"pl-PL"},{"@type":"Organization","@id":"https:\/\/milahurt.com\/#organization","name":"Mila Hurt","url":"https:\/\/milahurt.com\/","logo":{"@type":"ImageObject","inLanguage":"pl-PL","@id":"https:\/\/milahurt.com\/#\/schema\/logo\/image\/","url":"https:\/\/wolka24hurtownia.pl\/wp-content\/uploads\/2023\/08\/2.png","contentUrl":"https:\/\/wolka24hurtownia.pl\/wp-content\/uploads\/2023\/08\/2.png","width":1000,"height":1000,"caption":"Mila Hurt"},"image":{"@id":"https:\/\/milahurt.com\/#\/schema\/logo\/image\/"},"sameAs":["https:\/\/www.facebook.com\/profile.php?id=100085213362965"]}]}},"_links":{"self":[{"href":"https:\/\/milahurt.com\/index.php\/wp-json\/wp\/v2\/product\/302702"}],"collection":[{"href":"https:\/\/milahurt.com\/index.php\/wp-json\/wp\/v2\/product"}],"about":[{"href":"https:\/\/milahurt.com\/index.php\/wp-json\/wp\/v2\/types\/product"}],"wp:featuredmedia":[{"embeddable":true,"href":"https:\/\/milahurt.com\/index.php\/wp-json\/wp\/v2\/media\/302703"}],"wp:attachment":[{"href":"https:\/\/milahurt.com\/index.php\/wp-json\/wp\/v2\/media?parent=302702"}],"wp:term":[{"taxonomy":"product_cat","embeddable":true,"href":"https:\/\/milahurt.com\/index.php\/wp-json\/wp\/v2\/product_cat?post=302702"},{"taxonomy":"product_tag","embeddable":true,"href":"https:\/\/milahurt.com\/index.php\/wp-json\/wp\/v2\/product_tag?post=302702"}],"curies":[{"name":"wp","href":"https:\/\/api.w.org\/{rel}","templated":true}]}}