{"id":302690,"date":"2025-12-04T14:31:21","date_gmt":"2025-12-04T12:31:21","guid":{"rendered":"https:\/\/milahurt.com\/?post_type=product&#038;p=302690"},"modified":"2025-12-04T14:33:35","modified_gmt":"2025-12-04T12:33:35","slug":"neuropeptydowe-serum-kremowe-killer-bruzd-i-zmarszczek","status":"publish","type":"product","link":"https:\/\/milahurt.com\/index.php\/produkt\/neuropeptydowe-serum-kremowe-killer-bruzd-i-zmarszczek\/","title":{"rendered":"Esencja Birds Nest"},"excerpt":{"rendered":"<p>\ud83d\udc99 Wch\u0142ania si\u0119 do dolnej cz\u0119\u015bci Mi\u0119\u015bni- pozostawiaj\u0105c sk\u00f3r\u0119 m\u0142od\u0105, dzia\u0142a jak Botox<\/p>\n<p>\ud83d\udc99 antyzmarszczkowe &#8211; wype\u0142nia bruzdy<br \/>\n\ud83d\udc99 Liftinguje<br \/>\n\ud83d\udc99 Karbomer &#8211; Naprawia sk\u00f3r\u0119 oraz w\u0142\u00f3kna kolagenowe. Przyspiesza regeneracj\u0119<br \/>\n\ud83d\udc99Per\u0142a Napina Sk\u00f3r\u0119<\/p>\n<p>\ud83e\udd85Birds Nest skutecznie wyg\u0142adzaj\u0105 zmarszczki i poprawiaj\u0105 nawil\u017cenie sk\u00f3ry, a tak\u017ce chroni\u0105 przed przeznask\u00f3rkow\u0105 utrat\u0105 wilgoci. Ekstrakt z ptasich gniazd to drogocenny sk\u0142adnik kosmetyk\u00f3w azjatyckich, kt\u00f3ry delikatnie napina i liftinguje owal twarzy<\/p>\n","protected":false},"featured_media":302685,"template":"","meta":[],"product_cat":[1537,1538],"product_tag":[],"acf":[],"yoast_head":"<!-- This site is optimized with the Yoast SEO plugin v22.6 - https:\/\/yoast.com\/wordpress\/plugins\/seo\/ -->\n<title>Esencja Birds Nest - Mila Hurt<\/title>\n<meta name=\"robots\" content=\"index, follow, max-snippet:-1, max-image-preview:large, max-video-preview:-1\" \/>\n<link rel=\"canonical\" href=\"https:\/\/milahurt.com\/index.php\/produkt\/neuropeptydowe-serum-kremowe-killer-bruzd-i-zmarszczek\/\" \/>\n<meta property=\"og:locale\" content=\"pl_PL\" \/>\n<meta property=\"og:type\" content=\"article\" \/>\n<meta property=\"og:title\" content=\"Esencja Birds Nest - Mila Hurt\" \/>\n<meta property=\"og:description\" content=\"\ud83d\udc99 Wch\u0142ania si\u0119 do dolnej cz\u0119\u015bci Mi\u0119\u015bni- pozostawiaj\u0105c sk\u00f3r\u0119 m\u0142od\u0105, dzia\u0142a jak Botox  \ud83d\udc99 antyzmarszczkowe - wype\u0142nia bruzdy \ud83d\udc99 Liftinguje \ud83d\udc99 Karbomer - Naprawia sk\u00f3r\u0119 oraz w\u0142\u00f3kna kolagenowe. Przyspiesza regeneracj\u0119 \ud83d\udc99Per\u0142a Napina Sk\u00f3r\u0119  \ud83e\udd85Birds Nest skutecznie wyg\u0142adzaj\u0105 zmarszczki i poprawiaj\u0105 nawil\u017cenie sk\u00f3ry, a tak\u017ce chroni\u0105 przed przeznask\u00f3rkow\u0105 utrat\u0105 wilgoci. Ekstrakt z ptasich gniazd to drogocenny sk\u0142adnik kosmetyk\u00f3w azjatyckich, kt\u00f3ry delikatnie napina i liftinguje owal twarzy\" \/>\n<meta property=\"og:url\" content=\"https:\/\/milahurt.com\/index.php\/produkt\/neuropeptydowe-serum-kremowe-killer-bruzd-i-zmarszczek\/\" \/>\n<meta property=\"og:site_name\" content=\"Mila Hurt\" \/>\n<meta property=\"article:publisher\" content=\"https:\/\/www.facebook.com\/profile.php?id=100085213362965\" \/>\n<meta property=\"article:modified_time\" content=\"2025-12-04T12:33:35+00:00\" \/>\n<meta property=\"og:image\" content=\"https:\/\/milahurt.com\/wp-content\/uploads\/2025\/12\/obraz_viber_2025-12-04_11-37-49-773.jpg\" \/>\n\t<meta property=\"og:image:width\" content=\"1080\" \/>\n\t<meta property=\"og:image:height\" content=\"1080\" \/>\n\t<meta property=\"og:image:type\" content=\"image\/jpeg\" \/>\n<meta name=\"twitter:card\" content=\"summary_large_image\" \/>\n<meta name=\"twitter:label1\" content=\"Szacowany czas czytania\" \/>\n\t<meta name=\"twitter:data1\" content=\"1 minuta\" \/>\n<script type=\"application\/ld+json\" class=\"yoast-schema-graph\">{\"@context\":\"https:\/\/schema.org\",\"@graph\":[{\"@type\":\"WebPage\",\"@id\":\"https:\/\/milahurt.com\/index.php\/produkt\/neuropeptydowe-serum-kremowe-killer-bruzd-i-zmarszczek\/\",\"url\":\"https:\/\/milahurt.com\/index.php\/produkt\/neuropeptydowe-serum-kremowe-killer-bruzd-i-zmarszczek\/\",\"name\":\"Esencja Birds Nest - Mila Hurt\",\"isPartOf\":{\"@id\":\"https:\/\/milahurt.com\/#website\"},\"primaryImageOfPage\":{\"@id\":\"https:\/\/milahurt.com\/index.php\/produkt\/neuropeptydowe-serum-kremowe-killer-bruzd-i-zmarszczek\/#primaryimage\"},\"image\":{\"@id\":\"https:\/\/milahurt.com\/index.php\/produkt\/neuropeptydowe-serum-kremowe-killer-bruzd-i-zmarszczek\/#primaryimage\"},\"thumbnailUrl\":\"https:\/\/milahurt.com\/wp-content\/uploads\/2025\/12\/obraz_viber_2025-12-04_11-37-49-773.jpg\",\"datePublished\":\"2025-12-04T12:31:21+00:00\",\"dateModified\":\"2025-12-04T12:33:35+00:00\",\"breadcrumb\":{\"@id\":\"https:\/\/milahurt.com\/index.php\/produkt\/neuropeptydowe-serum-kremowe-killer-bruzd-i-zmarszczek\/#breadcrumb\"},\"inLanguage\":\"pl-PL\",\"potentialAction\":[{\"@type\":\"ReadAction\",\"target\":[\"https:\/\/milahurt.com\/index.php\/produkt\/neuropeptydowe-serum-kremowe-killer-bruzd-i-zmarszczek\/\"]}]},{\"@type\":\"ImageObject\",\"inLanguage\":\"pl-PL\",\"@id\":\"https:\/\/milahurt.com\/index.php\/produkt\/neuropeptydowe-serum-kremowe-killer-bruzd-i-zmarszczek\/#primaryimage\",\"url\":\"https:\/\/milahurt.com\/wp-content\/uploads\/2025\/12\/obraz_viber_2025-12-04_11-37-49-773.jpg\",\"contentUrl\":\"https:\/\/milahurt.com\/wp-content\/uploads\/2025\/12\/obraz_viber_2025-12-04_11-37-49-773.jpg\",\"width\":1080,\"height\":1080},{\"@type\":\"BreadcrumbList\",\"@id\":\"https:\/\/milahurt.com\/index.php\/produkt\/neuropeptydowe-serum-kremowe-killer-bruzd-i-zmarszczek\/#breadcrumb\",\"itemListElement\":[{\"@type\":\"ListItem\",\"position\":1,\"name\":\"Strona g\u0142\u00f3wna\",\"item\":\"https:\/\/milahurt.com\/\"},{\"@type\":\"ListItem\",\"position\":2,\"name\":\"Sklep\",\"item\":\"https:\/\/milahurt.com\/index.php\/sklep\/\"},{\"@type\":\"ListItem\",\"position\":3,\"name\":\"Esencja Birds Nest\"}]},{\"@type\":\"WebSite\",\"@id\":\"https:\/\/milahurt.com\/#website\",\"url\":\"https:\/\/milahurt.com\/\",\"name\":\"Mila Hurt\",\"description\":\"Hurtownia internetowa\",\"publisher\":{\"@id\":\"https:\/\/milahurt.com\/#organization\"},\"potentialAction\":[{\"@type\":\"SearchAction\",\"target\":{\"@type\":\"EntryPoint\",\"urlTemplate\":\"https:\/\/milahurt.com\/?s={search_term_string}\"},\"query-input\":\"required name=search_term_string\"}],\"inLanguage\":\"pl-PL\"},{\"@type\":\"Organization\",\"@id\":\"https:\/\/milahurt.com\/#organization\",\"name\":\"Mila Hurt\",\"url\":\"https:\/\/milahurt.com\/\",\"logo\":{\"@type\":\"ImageObject\",\"inLanguage\":\"pl-PL\",\"@id\":\"https:\/\/milahurt.com\/#\/schema\/logo\/image\/\",\"url\":\"https:\/\/wolka24hurtownia.pl\/wp-content\/uploads\/2023\/08\/2.png\",\"contentUrl\":\"https:\/\/wolka24hurtownia.pl\/wp-content\/uploads\/2023\/08\/2.png\",\"width\":1000,\"height\":1000,\"caption\":\"Mila Hurt\"},\"image\":{\"@id\":\"https:\/\/milahurt.com\/#\/schema\/logo\/image\/\"},\"sameAs\":[\"https:\/\/www.facebook.com\/profile.php?id=100085213362965\"]}]}<\/script>\n<!-- \/ Yoast SEO plugin. -->","yoast_head_json":{"title":"Esencja Birds Nest - Mila Hurt","robots":{"index":"index","follow":"follow","max-snippet":"max-snippet:-1","max-image-preview":"max-image-preview:large","max-video-preview":"max-video-preview:-1"},"canonical":"https:\/\/milahurt.com\/index.php\/produkt\/neuropeptydowe-serum-kremowe-killer-bruzd-i-zmarszczek\/","og_locale":"pl_PL","og_type":"article","og_title":"Esencja Birds Nest - Mila Hurt","og_description":"\ud83d\udc99 Wch\u0142ania si\u0119 do dolnej cz\u0119\u015bci Mi\u0119\u015bni- pozostawiaj\u0105c sk\u00f3r\u0119 m\u0142od\u0105, dzia\u0142a jak Botox  \ud83d\udc99 antyzmarszczkowe - wype\u0142nia bruzdy \ud83d\udc99 Liftinguje \ud83d\udc99 Karbomer - Naprawia sk\u00f3r\u0119 oraz w\u0142\u00f3kna kolagenowe. Przyspiesza regeneracj\u0119 \ud83d\udc99Per\u0142a Napina Sk\u00f3r\u0119  \ud83e\udd85Birds Nest skutecznie wyg\u0142adzaj\u0105 zmarszczki i poprawiaj\u0105 nawil\u017cenie sk\u00f3ry, a tak\u017ce chroni\u0105 przed przeznask\u00f3rkow\u0105 utrat\u0105 wilgoci. Ekstrakt z ptasich gniazd to drogocenny sk\u0142adnik kosmetyk\u00f3w azjatyckich, kt\u00f3ry delikatnie napina i liftinguje owal twarzy","og_url":"https:\/\/milahurt.com\/index.php\/produkt\/neuropeptydowe-serum-kremowe-killer-bruzd-i-zmarszczek\/","og_site_name":"Mila Hurt","article_publisher":"https:\/\/www.facebook.com\/profile.php?id=100085213362965","article_modified_time":"2025-12-04T12:33:35+00:00","og_image":[{"width":1080,"height":1080,"url":"https:\/\/milahurt.com\/wp-content\/uploads\/2025\/12\/obraz_viber_2025-12-04_11-37-49-773.jpg","type":"image\/jpeg"}],"twitter_card":"summary_large_image","twitter_misc":{"Szacowany czas czytania":"1 minuta"},"schema":{"@context":"https:\/\/schema.org","@graph":[{"@type":"WebPage","@id":"https:\/\/milahurt.com\/index.php\/produkt\/neuropeptydowe-serum-kremowe-killer-bruzd-i-zmarszczek\/","url":"https:\/\/milahurt.com\/index.php\/produkt\/neuropeptydowe-serum-kremowe-killer-bruzd-i-zmarszczek\/","name":"Esencja Birds Nest - Mila Hurt","isPartOf":{"@id":"https:\/\/milahurt.com\/#website"},"primaryImageOfPage":{"@id":"https:\/\/milahurt.com\/index.php\/produkt\/neuropeptydowe-serum-kremowe-killer-bruzd-i-zmarszczek\/#primaryimage"},"image":{"@id":"https:\/\/milahurt.com\/index.php\/produkt\/neuropeptydowe-serum-kremowe-killer-bruzd-i-zmarszczek\/#primaryimage"},"thumbnailUrl":"https:\/\/milahurt.com\/wp-content\/uploads\/2025\/12\/obraz_viber_2025-12-04_11-37-49-773.jpg","datePublished":"2025-12-04T12:31:21+00:00","dateModified":"2025-12-04T12:33:35+00:00","breadcrumb":{"@id":"https:\/\/milahurt.com\/index.php\/produkt\/neuropeptydowe-serum-kremowe-killer-bruzd-i-zmarszczek\/#breadcrumb"},"inLanguage":"pl-PL","potentialAction":[{"@type":"ReadAction","target":["https:\/\/milahurt.com\/index.php\/produkt\/neuropeptydowe-serum-kremowe-killer-bruzd-i-zmarszczek\/"]}]},{"@type":"ImageObject","inLanguage":"pl-PL","@id":"https:\/\/milahurt.com\/index.php\/produkt\/neuropeptydowe-serum-kremowe-killer-bruzd-i-zmarszczek\/#primaryimage","url":"https:\/\/milahurt.com\/wp-content\/uploads\/2025\/12\/obraz_viber_2025-12-04_11-37-49-773.jpg","contentUrl":"https:\/\/milahurt.com\/wp-content\/uploads\/2025\/12\/obraz_viber_2025-12-04_11-37-49-773.jpg","width":1080,"height":1080},{"@type":"BreadcrumbList","@id":"https:\/\/milahurt.com\/index.php\/produkt\/neuropeptydowe-serum-kremowe-killer-bruzd-i-zmarszczek\/#breadcrumb","itemListElement":[{"@type":"ListItem","position":1,"name":"Strona g\u0142\u00f3wna","item":"https:\/\/milahurt.com\/"},{"@type":"ListItem","position":2,"name":"Sklep","item":"https:\/\/milahurt.com\/index.php\/sklep\/"},{"@type":"ListItem","position":3,"name":"Esencja Birds Nest"}]},{"@type":"WebSite","@id":"https:\/\/milahurt.com\/#website","url":"https:\/\/milahurt.com\/","name":"Mila Hurt","description":"Hurtownia internetowa","publisher":{"@id":"https:\/\/milahurt.com\/#organization"},"potentialAction":[{"@type":"SearchAction","target":{"@type":"EntryPoint","urlTemplate":"https:\/\/milahurt.com\/?s={search_term_string}"},"query-input":"required name=search_term_string"}],"inLanguage":"pl-PL"},{"@type":"Organization","@id":"https:\/\/milahurt.com\/#organization","name":"Mila Hurt","url":"https:\/\/milahurt.com\/","logo":{"@type":"ImageObject","inLanguage":"pl-PL","@id":"https:\/\/milahurt.com\/#\/schema\/logo\/image\/","url":"https:\/\/wolka24hurtownia.pl\/wp-content\/uploads\/2023\/08\/2.png","contentUrl":"https:\/\/wolka24hurtownia.pl\/wp-content\/uploads\/2023\/08\/2.png","width":1000,"height":1000,"caption":"Mila Hurt"},"image":{"@id":"https:\/\/milahurt.com\/#\/schema\/logo\/image\/"},"sameAs":["https:\/\/www.facebook.com\/profile.php?id=100085213362965"]}]}},"_links":{"self":[{"href":"https:\/\/milahurt.com\/index.php\/wp-json\/wp\/v2\/product\/302690"}],"collection":[{"href":"https:\/\/milahurt.com\/index.php\/wp-json\/wp\/v2\/product"}],"about":[{"href":"https:\/\/milahurt.com\/index.php\/wp-json\/wp\/v2\/types\/product"}],"wp:featuredmedia":[{"embeddable":true,"href":"https:\/\/milahurt.com\/index.php\/wp-json\/wp\/v2\/media\/302685"}],"wp:attachment":[{"href":"https:\/\/milahurt.com\/index.php\/wp-json\/wp\/v2\/media?parent=302690"}],"wp:term":[{"taxonomy":"product_cat","embeddable":true,"href":"https:\/\/milahurt.com\/index.php\/wp-json\/wp\/v2\/product_cat?post=302690"},{"taxonomy":"product_tag","embeddable":true,"href":"https:\/\/milahurt.com\/index.php\/wp-json\/wp\/v2\/product_tag?post=302690"}],"curies":[{"name":"wp","href":"https:\/\/api.w.org\/{rel}","templated":true}]}}