{"id":302689,"date":"2025-12-04T13:59:45","date_gmt":"2025-12-04T11:59:45","guid":{"rendered":"https:\/\/milahurt.com\/?post_type=product&#038;p=302689"},"modified":"2025-12-04T14:02:09","modified_gmt":"2025-12-04T12:02:09","slug":"esencja-rozana-do-twarzy-inspirowana-dior-prestige-la-micro-lotion-de-rose-advanced-formula","status":"publish","type":"product","link":"https:\/\/milahurt.com\/index.php\/produkt\/esencja-rozana-do-twarzy-inspirowana-dior-prestige-la-micro-lotion-de-rose-advanced-formula\/","title":{"rendered":"Esencja r\u00f3\u017cana do twarzy inspirowana Dior Prestige La Micro-Lotion de Rose Advanced Formula"},"excerpt":{"rendered":"<p>\ud83d\udc9e Esencja r\u00f3\u017cana do twarzy inspirowana Dior Prestige La Micro-Lotion de Rose Advanced Formula \ud83d\udc9e<\/p>\n<p>\ud83d\udc9e 120 ml \ud83d\udc9e<\/p>\n<p>\ud83d\udc9e Sk\u00f3ra potrzebuje nie tylko piel\u0119gnacji, ale tak\u017ce g\u0142\u0119bokiej odbudowy i r\u00f3wnowagi.<br \/>\n\ud83d\udc9eEsencja rewitalizuje i wzmacnia nask\u00f3rek na poziomie kom\u00f3rkowym.<br \/>\n\ud83d\udc9eDzi\u0119ki innowacyjnej technologii , ten produkt zawiera unikalny ekstrakt z dro\u017cd\u017cy z r\u00f3\u017cy Granville, kt\u00f3ra naturalnie reguluje swoje w\u0142asne ekosystemy, chroni\u0105c przed stresem i niekorzystnymi czynnikami \u015brodowiskowymi.<br \/>\n\ud83d\udc9eW po\u0142\u0105czeniu z mikroelementami, ekstraktem z olejku r\u00f3\u017canego i kwasem hialuronowym zapewnia d\u0142ugotrwa\u0142e nawil\u017cenie, przywraca elastyczno\u015b\u0107 i wyg\u0142adza mikrorelief twarzy.<\/p>\n<p>\ud83d\udc95Wykazuje w\u0142a\u015bciwo\u015bci wzmacniaj\u0105ce i ochronne;<br \/>\n\ud83d\udc9eWspiera ekosystem sk\u00f3ry, przywracaj\u0105c jej r\u00f3wnowag\u0119;<br \/>\n\ud83d\udc9e Zapewnia do 48 godzin g\u0142\u0119bokiego nawil\u017cenia;<br \/>\n\ud83d\udc95 Przywraca j\u0119drno\u015b\u0107 i wyg\u0142adza zmarszczki<br \/>\n\ud83d\udc9e Poprawia jednolito\u015b\u0107 kolorytu sk\u00f3ry;<br \/>\n\ud83d\udc9eDzia\u0142a antyoksydacyjnie;<br \/>\n\ud83d\udc9e Zapobiega skutkom stresu i starzenia si\u0119.<\/p>\n","protected":false},"featured_media":302687,"template":"","meta":[],"product_cat":[1537,1538],"product_tag":[],"acf":[],"yoast_head":"<!-- This site is optimized with the Yoast SEO plugin v22.6 - https:\/\/yoast.com\/wordpress\/plugins\/seo\/ -->\n<title>Esencja r\u00f3\u017cana do twarzy inspirowana Dior Prestige La Micro-Lotion de Rose Advanced Formula - Mila Hurt<\/title>\n<meta name=\"robots\" content=\"index, follow, max-snippet:-1, max-image-preview:large, max-video-preview:-1\" \/>\n<link rel=\"canonical\" href=\"https:\/\/milahurt.com\/index.php\/produkt\/esencja-rozana-do-twarzy-inspirowana-dior-prestige-la-micro-lotion-de-rose-advanced-formula\/\" \/>\n<meta property=\"og:locale\" content=\"pl_PL\" \/>\n<meta property=\"og:type\" content=\"article\" \/>\n<meta property=\"og:title\" content=\"Esencja r\u00f3\u017cana do twarzy inspirowana Dior Prestige La Micro-Lotion de Rose Advanced Formula - Mila Hurt\" \/>\n<meta property=\"og:description\" content=\"\ud83d\udc9e Esencja r\u00f3\u017cana do twarzy inspirowana Dior Prestige La Micro-Lotion de Rose Advanced Formula \ud83d\udc9e  \ud83d\udc9e 120 ml \ud83d\udc9e  \ud83d\udc9e Sk\u00f3ra potrzebuje nie tylko piel\u0119gnacji, ale tak\u017ce g\u0142\u0119bokiej odbudowy i r\u00f3wnowagi. \ud83d\udc9eEsencja rewitalizuje i wzmacnia nask\u00f3rek na poziomie kom\u00f3rkowym. \ud83d\udc9eDzi\u0119ki innowacyjnej technologii , ten produkt zawiera unikalny ekstrakt z dro\u017cd\u017cy z r\u00f3\u017cy Granville, kt\u00f3ra naturalnie reguluje swoje w\u0142asne ekosystemy, chroni\u0105c przed stresem i niekorzystnymi czynnikami \u015brodowiskowymi. \ud83d\udc9eW po\u0142\u0105czeniu z mikroelementami, ekstraktem z olejku r\u00f3\u017canego i kwasem hialuronowym zapewnia d\u0142ugotrwa\u0142e nawil\u017cenie, przywraca elastyczno\u015b\u0107 i wyg\u0142adza mikrorelief twarzy.  \ud83d\udc95Wykazuje w\u0142a\u015bciwo\u015bci wzmacniaj\u0105ce i ochronne; \ud83d\udc9eWspiera ekosystem sk\u00f3ry, przywracaj\u0105c jej r\u00f3wnowag\u0119; \ud83d\udc9e Zapewnia do 48 godzin g\u0142\u0119bokiego nawil\u017cenia; \ud83d\udc95 Przywraca j\u0119drno\u015b\u0107 i wyg\u0142adza zmarszczki \ud83d\udc9e Poprawia jednolito\u015b\u0107 kolorytu sk\u00f3ry; \ud83d\udc9eDzia\u0142a antyoksydacyjnie; \ud83d\udc9e Zapobiega skutkom stresu i starzenia si\u0119.\" \/>\n<meta property=\"og:url\" content=\"https:\/\/milahurt.com\/index.php\/produkt\/esencja-rozana-do-twarzy-inspirowana-dior-prestige-la-micro-lotion-de-rose-advanced-formula\/\" \/>\n<meta property=\"og:site_name\" content=\"Mila Hurt\" \/>\n<meta property=\"article:publisher\" content=\"https:\/\/www.facebook.com\/profile.php?id=100085213362965\" \/>\n<meta property=\"article:modified_time\" content=\"2025-12-04T12:02:09+00:00\" \/>\n<meta property=\"og:image\" content=\"https:\/\/milahurt.com\/wp-content\/uploads\/2025\/12\/obraz_viber_2025-12-04_11-37-52-082.jpg\" \/>\n\t<meta property=\"og:image:width\" content=\"800\" \/>\n\t<meta property=\"og:image:height\" content=\"800\" \/>\n\t<meta property=\"og:image:type\" content=\"image\/jpeg\" \/>\n<meta name=\"twitter:card\" content=\"summary_large_image\" \/>\n<meta name=\"twitter:label1\" content=\"Szacowany czas czytania\" \/>\n\t<meta name=\"twitter:data1\" content=\"1 minuta\" \/>\n<script type=\"application\/ld+json\" class=\"yoast-schema-graph\">{\"@context\":\"https:\/\/schema.org\",\"@graph\":[{\"@type\":\"WebPage\",\"@id\":\"https:\/\/milahurt.com\/index.php\/produkt\/esencja-rozana-do-twarzy-inspirowana-dior-prestige-la-micro-lotion-de-rose-advanced-formula\/\",\"url\":\"https:\/\/milahurt.com\/index.php\/produkt\/esencja-rozana-do-twarzy-inspirowana-dior-prestige-la-micro-lotion-de-rose-advanced-formula\/\",\"name\":\"Esencja r\u00f3\u017cana do twarzy inspirowana Dior Prestige La Micro-Lotion de Rose Advanced Formula - Mila Hurt\",\"isPartOf\":{\"@id\":\"https:\/\/milahurt.com\/#website\"},\"primaryImageOfPage\":{\"@id\":\"https:\/\/milahurt.com\/index.php\/produkt\/esencja-rozana-do-twarzy-inspirowana-dior-prestige-la-micro-lotion-de-rose-advanced-formula\/#primaryimage\"},\"image\":{\"@id\":\"https:\/\/milahurt.com\/index.php\/produkt\/esencja-rozana-do-twarzy-inspirowana-dior-prestige-la-micro-lotion-de-rose-advanced-formula\/#primaryimage\"},\"thumbnailUrl\":\"https:\/\/milahurt.com\/wp-content\/uploads\/2025\/12\/obraz_viber_2025-12-04_11-37-52-082.jpg\",\"datePublished\":\"2025-12-04T11:59:45+00:00\",\"dateModified\":\"2025-12-04T12:02:09+00:00\",\"breadcrumb\":{\"@id\":\"https:\/\/milahurt.com\/index.php\/produkt\/esencja-rozana-do-twarzy-inspirowana-dior-prestige-la-micro-lotion-de-rose-advanced-formula\/#breadcrumb\"},\"inLanguage\":\"pl-PL\",\"potentialAction\":[{\"@type\":\"ReadAction\",\"target\":[\"https:\/\/milahurt.com\/index.php\/produkt\/esencja-rozana-do-twarzy-inspirowana-dior-prestige-la-micro-lotion-de-rose-advanced-formula\/\"]}]},{\"@type\":\"ImageObject\",\"inLanguage\":\"pl-PL\",\"@id\":\"https:\/\/milahurt.com\/index.php\/produkt\/esencja-rozana-do-twarzy-inspirowana-dior-prestige-la-micro-lotion-de-rose-advanced-formula\/#primaryimage\",\"url\":\"https:\/\/milahurt.com\/wp-content\/uploads\/2025\/12\/obraz_viber_2025-12-04_11-37-52-082.jpg\",\"contentUrl\":\"https:\/\/milahurt.com\/wp-content\/uploads\/2025\/12\/obraz_viber_2025-12-04_11-37-52-082.jpg\",\"width\":800,\"height\":800},{\"@type\":\"BreadcrumbList\",\"@id\":\"https:\/\/milahurt.com\/index.php\/produkt\/esencja-rozana-do-twarzy-inspirowana-dior-prestige-la-micro-lotion-de-rose-advanced-formula\/#breadcrumb\",\"itemListElement\":[{\"@type\":\"ListItem\",\"position\":1,\"name\":\"Strona g\u0142\u00f3wna\",\"item\":\"https:\/\/milahurt.com\/\"},{\"@type\":\"ListItem\",\"position\":2,\"name\":\"Sklep\",\"item\":\"https:\/\/milahurt.com\/index.php\/sklep\/\"},{\"@type\":\"ListItem\",\"position\":3,\"name\":\"Esencja r\u00f3\u017cana do twarzy inspirowana Dior Prestige La Micro-Lotion de Rose Advanced Formula\"}]},{\"@type\":\"WebSite\",\"@id\":\"https:\/\/milahurt.com\/#website\",\"url\":\"https:\/\/milahurt.com\/\",\"name\":\"Mila Hurt\",\"description\":\"Hurtownia internetowa\",\"publisher\":{\"@id\":\"https:\/\/milahurt.com\/#organization\"},\"potentialAction\":[{\"@type\":\"SearchAction\",\"target\":{\"@type\":\"EntryPoint\",\"urlTemplate\":\"https:\/\/milahurt.com\/?s={search_term_string}\"},\"query-input\":\"required name=search_term_string\"}],\"inLanguage\":\"pl-PL\"},{\"@type\":\"Organization\",\"@id\":\"https:\/\/milahurt.com\/#organization\",\"name\":\"Mila Hurt\",\"url\":\"https:\/\/milahurt.com\/\",\"logo\":{\"@type\":\"ImageObject\",\"inLanguage\":\"pl-PL\",\"@id\":\"https:\/\/milahurt.com\/#\/schema\/logo\/image\/\",\"url\":\"https:\/\/wolka24hurtownia.pl\/wp-content\/uploads\/2023\/08\/2.png\",\"contentUrl\":\"https:\/\/wolka24hurtownia.pl\/wp-content\/uploads\/2023\/08\/2.png\",\"width\":1000,\"height\":1000,\"caption\":\"Mila Hurt\"},\"image\":{\"@id\":\"https:\/\/milahurt.com\/#\/schema\/logo\/image\/\"},\"sameAs\":[\"https:\/\/www.facebook.com\/profile.php?id=100085213362965\"]}]}<\/script>\n<!-- \/ Yoast SEO plugin. -->","yoast_head_json":{"title":"Esencja r\u00f3\u017cana do twarzy inspirowana Dior Prestige La Micro-Lotion de Rose Advanced Formula - Mila Hurt","robots":{"index":"index","follow":"follow","max-snippet":"max-snippet:-1","max-image-preview":"max-image-preview:large","max-video-preview":"max-video-preview:-1"},"canonical":"https:\/\/milahurt.com\/index.php\/produkt\/esencja-rozana-do-twarzy-inspirowana-dior-prestige-la-micro-lotion-de-rose-advanced-formula\/","og_locale":"pl_PL","og_type":"article","og_title":"Esencja r\u00f3\u017cana do twarzy inspirowana Dior Prestige La Micro-Lotion de Rose Advanced Formula - Mila Hurt","og_description":"\ud83d\udc9e Esencja r\u00f3\u017cana do twarzy inspirowana Dior Prestige La Micro-Lotion de Rose Advanced Formula \ud83d\udc9e  \ud83d\udc9e 120 ml \ud83d\udc9e  \ud83d\udc9e Sk\u00f3ra potrzebuje nie tylko piel\u0119gnacji, ale tak\u017ce g\u0142\u0119bokiej odbudowy i r\u00f3wnowagi. \ud83d\udc9eEsencja rewitalizuje i wzmacnia nask\u00f3rek na poziomie kom\u00f3rkowym. \ud83d\udc9eDzi\u0119ki innowacyjnej technologii , ten produkt zawiera unikalny ekstrakt z dro\u017cd\u017cy z r\u00f3\u017cy Granville, kt\u00f3ra naturalnie reguluje swoje w\u0142asne ekosystemy, chroni\u0105c przed stresem i niekorzystnymi czynnikami \u015brodowiskowymi. \ud83d\udc9eW po\u0142\u0105czeniu z mikroelementami, ekstraktem z olejku r\u00f3\u017canego i kwasem hialuronowym zapewnia d\u0142ugotrwa\u0142e nawil\u017cenie, przywraca elastyczno\u015b\u0107 i wyg\u0142adza mikrorelief twarzy.  \ud83d\udc95Wykazuje w\u0142a\u015bciwo\u015bci wzmacniaj\u0105ce i ochronne; \ud83d\udc9eWspiera ekosystem sk\u00f3ry, przywracaj\u0105c jej r\u00f3wnowag\u0119; \ud83d\udc9e Zapewnia do 48 godzin g\u0142\u0119bokiego nawil\u017cenia; \ud83d\udc95 Przywraca j\u0119drno\u015b\u0107 i wyg\u0142adza zmarszczki \ud83d\udc9e Poprawia jednolito\u015b\u0107 kolorytu sk\u00f3ry; \ud83d\udc9eDzia\u0142a antyoksydacyjnie; \ud83d\udc9e Zapobiega skutkom stresu i starzenia si\u0119.","og_url":"https:\/\/milahurt.com\/index.php\/produkt\/esencja-rozana-do-twarzy-inspirowana-dior-prestige-la-micro-lotion-de-rose-advanced-formula\/","og_site_name":"Mila Hurt","article_publisher":"https:\/\/www.facebook.com\/profile.php?id=100085213362965","article_modified_time":"2025-12-04T12:02:09+00:00","og_image":[{"width":800,"height":800,"url":"https:\/\/milahurt.com\/wp-content\/uploads\/2025\/12\/obraz_viber_2025-12-04_11-37-52-082.jpg","type":"image\/jpeg"}],"twitter_card":"summary_large_image","twitter_misc":{"Szacowany czas czytania":"1 minuta"},"schema":{"@context":"https:\/\/schema.org","@graph":[{"@type":"WebPage","@id":"https:\/\/milahurt.com\/index.php\/produkt\/esencja-rozana-do-twarzy-inspirowana-dior-prestige-la-micro-lotion-de-rose-advanced-formula\/","url":"https:\/\/milahurt.com\/index.php\/produkt\/esencja-rozana-do-twarzy-inspirowana-dior-prestige-la-micro-lotion-de-rose-advanced-formula\/","name":"Esencja r\u00f3\u017cana do twarzy inspirowana Dior Prestige La Micro-Lotion de Rose Advanced Formula - Mila Hurt","isPartOf":{"@id":"https:\/\/milahurt.com\/#website"},"primaryImageOfPage":{"@id":"https:\/\/milahurt.com\/index.php\/produkt\/esencja-rozana-do-twarzy-inspirowana-dior-prestige-la-micro-lotion-de-rose-advanced-formula\/#primaryimage"},"image":{"@id":"https:\/\/milahurt.com\/index.php\/produkt\/esencja-rozana-do-twarzy-inspirowana-dior-prestige-la-micro-lotion-de-rose-advanced-formula\/#primaryimage"},"thumbnailUrl":"https:\/\/milahurt.com\/wp-content\/uploads\/2025\/12\/obraz_viber_2025-12-04_11-37-52-082.jpg","datePublished":"2025-12-04T11:59:45+00:00","dateModified":"2025-12-04T12:02:09+00:00","breadcrumb":{"@id":"https:\/\/milahurt.com\/index.php\/produkt\/esencja-rozana-do-twarzy-inspirowana-dior-prestige-la-micro-lotion-de-rose-advanced-formula\/#breadcrumb"},"inLanguage":"pl-PL","potentialAction":[{"@type":"ReadAction","target":["https:\/\/milahurt.com\/index.php\/produkt\/esencja-rozana-do-twarzy-inspirowana-dior-prestige-la-micro-lotion-de-rose-advanced-formula\/"]}]},{"@type":"ImageObject","inLanguage":"pl-PL","@id":"https:\/\/milahurt.com\/index.php\/produkt\/esencja-rozana-do-twarzy-inspirowana-dior-prestige-la-micro-lotion-de-rose-advanced-formula\/#primaryimage","url":"https:\/\/milahurt.com\/wp-content\/uploads\/2025\/12\/obraz_viber_2025-12-04_11-37-52-082.jpg","contentUrl":"https:\/\/milahurt.com\/wp-content\/uploads\/2025\/12\/obraz_viber_2025-12-04_11-37-52-082.jpg","width":800,"height":800},{"@type":"BreadcrumbList","@id":"https:\/\/milahurt.com\/index.php\/produkt\/esencja-rozana-do-twarzy-inspirowana-dior-prestige-la-micro-lotion-de-rose-advanced-formula\/#breadcrumb","itemListElement":[{"@type":"ListItem","position":1,"name":"Strona g\u0142\u00f3wna","item":"https:\/\/milahurt.com\/"},{"@type":"ListItem","position":2,"name":"Sklep","item":"https:\/\/milahurt.com\/index.php\/sklep\/"},{"@type":"ListItem","position":3,"name":"Esencja r\u00f3\u017cana do twarzy inspirowana Dior Prestige La Micro-Lotion de Rose Advanced Formula"}]},{"@type":"WebSite","@id":"https:\/\/milahurt.com\/#website","url":"https:\/\/milahurt.com\/","name":"Mila Hurt","description":"Hurtownia internetowa","publisher":{"@id":"https:\/\/milahurt.com\/#organization"},"potentialAction":[{"@type":"SearchAction","target":{"@type":"EntryPoint","urlTemplate":"https:\/\/milahurt.com\/?s={search_term_string}"},"query-input":"required name=search_term_string"}],"inLanguage":"pl-PL"},{"@type":"Organization","@id":"https:\/\/milahurt.com\/#organization","name":"Mila Hurt","url":"https:\/\/milahurt.com\/","logo":{"@type":"ImageObject","inLanguage":"pl-PL","@id":"https:\/\/milahurt.com\/#\/schema\/logo\/image\/","url":"https:\/\/wolka24hurtownia.pl\/wp-content\/uploads\/2023\/08\/2.png","contentUrl":"https:\/\/wolka24hurtownia.pl\/wp-content\/uploads\/2023\/08\/2.png","width":1000,"height":1000,"caption":"Mila Hurt"},"image":{"@id":"https:\/\/milahurt.com\/#\/schema\/logo\/image\/"},"sameAs":["https:\/\/www.facebook.com\/profile.php?id=100085213362965"]}]}},"_links":{"self":[{"href":"https:\/\/milahurt.com\/index.php\/wp-json\/wp\/v2\/product\/302689"}],"collection":[{"href":"https:\/\/milahurt.com\/index.php\/wp-json\/wp\/v2\/product"}],"about":[{"href":"https:\/\/milahurt.com\/index.php\/wp-json\/wp\/v2\/types\/product"}],"wp:featuredmedia":[{"embeddable":true,"href":"https:\/\/milahurt.com\/index.php\/wp-json\/wp\/v2\/media\/302687"}],"wp:attachment":[{"href":"https:\/\/milahurt.com\/index.php\/wp-json\/wp\/v2\/media?parent=302689"}],"wp:term":[{"taxonomy":"product_cat","embeddable":true,"href":"https:\/\/milahurt.com\/index.php\/wp-json\/wp\/v2\/product_cat?post=302689"},{"taxonomy":"product_tag","embeddable":true,"href":"https:\/\/milahurt.com\/index.php\/wp-json\/wp\/v2\/product_tag?post=302689"}],"curies":[{"name":"wp","href":"https:\/\/api.w.org\/{rel}","templated":true}]}}