{"id":302684,"date":"2025-12-04T13:59:25","date_gmt":"2025-12-04T11:59:25","guid":{"rendered":"https:\/\/milahurt.com\/?post_type=product&#038;p=302684"},"modified":"2025-12-04T13:59:25","modified_gmt":"2025-12-04T11:59:25","slug":"olej-w-sztyfcie-z-jadem-zmiji","status":"publish","type":"product","link":"https:\/\/milahurt.com\/index.php\/produkt\/olej-w-sztyfcie-z-jadem-zmiji\/","title":{"rendered":"Olej w sztyfcie z Jadem \u017bmiji"},"excerpt":{"rendered":"<p>\ud83e\ude75 Jad W\u0119\u017ca<br \/>\n\ud83e\ude75 Olejek Mokosh<br \/>\n\ud83e\ude75 Ekstrakty Roslinne<\/p>\n<p>\ud83d\udc8e twarz<br \/>\n\ud83d\udc8e szyja<br \/>\n\ud83d\udc8e dekolt<br \/>\n\ud83d\udc8e przesuszone atopowe miejsca &#8211; \u0142okcie, kolana, nadgarstki, pi\u0119ty<br \/>\n\ud83d\udc8e miejsce zaj\u0119te \u0142uszczyca<\/p>\n<p>\ud83d\udc9cCena 6zl\/szt<br \/>\nPaczka 24szt<\/p>\n<p>\ud83e\udeb6 Olejek Makosh dzia\u0142 przeciwzmarszczkowo<br \/>\n\ud83e\udeb6 Efekt ju\u017c po pierwszym zastosowaniu odczuwalny<\/p>\n<p>\ud83c\udf38Lanolina jest stosowana w leczeniu sk\u00f3ry atopowej i ochronie w\u0142os\u00f3w przed rozdwojonymi ko\u0144c\u00f3wkami.<br \/>\n\ud83c\udf38Kremy z lanolin\u0105 r\u00f3wnie\u017c zapobiegaj\u0105 nadmiernemu narastaniu nask\u00f3rka, dlatego z powodzeniem mo\u017cna stosowa\u0107 na suche pi\u0119ty czy \u0142okcie.<br \/>\n\ud83c\udf38Przede wszystkim pomaga sk\u00f3rze zachowa\u0107 odpowiednie nawil\u017cenie i zamkn\u0105\u0107 w \u015brodku wilgo\u0107.<br \/>\n\ud83c\udf38Pomaga r\u00f3wnie\u017c w regeneracji i naprawie uszkodze\u0144, odm\u0142adza i silnie nawil\u017ca od wewn\u0105trz<\/p>\n<p>\ud83c\udf38Mimo swojej formu\u0142y i tworzenia pewnego ochronnego filmu na sk\u00f3rze lanolina nie zatyka por\u00f3w.<\/p>\n<p>\ud83c\udf38Dzia\u0142a niezwykle koj\u0105co na sk\u00f3r\u0119 i jak \u017caden inny produkt potrafi nawil\u017cy\u0107 i utrzyma\u0107 wilgo\u0107 wewn\u0105trz nask\u00f3<\/p>\n","protected":false},"featured_media":302688,"template":"","meta":[],"product_cat":[1537,1538],"product_tag":[],"acf":[],"yoast_head":"<!-- This site is optimized with the Yoast SEO plugin v22.6 - https:\/\/yoast.com\/wordpress\/plugins\/seo\/ -->\n<title>Olej w sztyfcie z Jadem \u017bmiji - Mila Hurt<\/title>\n<meta name=\"robots\" content=\"index, follow, max-snippet:-1, max-image-preview:large, max-video-preview:-1\" \/>\n<link rel=\"canonical\" href=\"https:\/\/milahurt.com\/index.php\/produkt\/olej-w-sztyfcie-z-jadem-zmiji\/\" \/>\n<meta property=\"og:locale\" content=\"pl_PL\" \/>\n<meta property=\"og:type\" content=\"article\" \/>\n<meta property=\"og:title\" content=\"Olej w sztyfcie z Jadem \u017bmiji - Mila Hurt\" \/>\n<meta property=\"og:description\" content=\"\ud83e\ude75 Jad W\u0119\u017ca \ud83e\ude75 Olejek Mokosh \ud83e\ude75 Ekstrakty Roslinne  \ud83d\udc8e twarz \ud83d\udc8e szyja \ud83d\udc8e dekolt \ud83d\udc8e przesuszone atopowe miejsca - \u0142okcie, kolana, nadgarstki, pi\u0119ty \ud83d\udc8e miejsce zaj\u0119te \u0142uszczyca  \ud83d\udc9cCena 6zl\/szt Paczka 24szt  \ud83e\udeb6 Olejek Makosh dzia\u0142 przeciwzmarszczkowo \ud83e\udeb6 Efekt ju\u017c po pierwszym zastosowaniu odczuwalny  \ud83c\udf38Lanolina jest stosowana w leczeniu sk\u00f3ry atopowej i ochronie w\u0142os\u00f3w przed rozdwojonymi ko\u0144c\u00f3wkami. \ud83c\udf38Kremy z lanolin\u0105 r\u00f3wnie\u017c zapobiegaj\u0105 nadmiernemu narastaniu nask\u00f3rka, dlatego z powodzeniem mo\u017cna stosowa\u0107 na suche pi\u0119ty czy \u0142okcie. \ud83c\udf38Przede wszystkim pomaga sk\u00f3rze zachowa\u0107 odpowiednie nawil\u017cenie i zamkn\u0105\u0107 w \u015brodku wilgo\u0107. \ud83c\udf38Pomaga r\u00f3wnie\u017c w regeneracji i naprawie uszkodze\u0144, odm\u0142adza i silnie nawil\u017ca od wewn\u0105trz  \ud83c\udf38Mimo swojej formu\u0142y i tworzenia pewnego ochronnego filmu na sk\u00f3rze lanolina nie zatyka por\u00f3w.  \ud83c\udf38Dzia\u0142a niezwykle koj\u0105co na sk\u00f3r\u0119 i jak \u017caden inny produkt potrafi nawil\u017cy\u0107 i utrzyma\u0107 wilgo\u0107 wewn\u0105trz nask\u00f3\" \/>\n<meta property=\"og:url\" content=\"https:\/\/milahurt.com\/index.php\/produkt\/olej-w-sztyfcie-z-jadem-zmiji\/\" \/>\n<meta property=\"og:site_name\" content=\"Mila Hurt\" \/>\n<meta property=\"article:publisher\" content=\"https:\/\/www.facebook.com\/profile.php?id=100085213362965\" \/>\n<meta property=\"og:image\" content=\"https:\/\/milahurt.com\/wp-content\/uploads\/2025\/12\/obraz_viber_2025-12-04_11-37-52-560.jpg\" \/>\n\t<meta property=\"og:image:width\" content=\"1290\" \/>\n\t<meta property=\"og:image:height\" content=\"1209\" \/>\n\t<meta property=\"og:image:type\" content=\"image\/jpeg\" \/>\n<meta name=\"twitter:card\" content=\"summary_large_image\" \/>\n<meta name=\"twitter:label1\" content=\"Szacowany czas czytania\" \/>\n\t<meta name=\"twitter:data1\" content=\"1 minuta\" \/>\n<script type=\"application\/ld+json\" class=\"yoast-schema-graph\">{\"@context\":\"https:\/\/schema.org\",\"@graph\":[{\"@type\":\"WebPage\",\"@id\":\"https:\/\/milahurt.com\/index.php\/produkt\/olej-w-sztyfcie-z-jadem-zmiji\/\",\"url\":\"https:\/\/milahurt.com\/index.php\/produkt\/olej-w-sztyfcie-z-jadem-zmiji\/\",\"name\":\"Olej w sztyfcie z Jadem \u017bmiji - Mila Hurt\",\"isPartOf\":{\"@id\":\"https:\/\/milahurt.com\/#website\"},\"primaryImageOfPage\":{\"@id\":\"https:\/\/milahurt.com\/index.php\/produkt\/olej-w-sztyfcie-z-jadem-zmiji\/#primaryimage\"},\"image\":{\"@id\":\"https:\/\/milahurt.com\/index.php\/produkt\/olej-w-sztyfcie-z-jadem-zmiji\/#primaryimage\"},\"thumbnailUrl\":\"https:\/\/milahurt.com\/wp-content\/uploads\/2025\/12\/obraz_viber_2025-12-04_11-37-52-560.jpg\",\"datePublished\":\"2025-12-04T11:59:25+00:00\",\"dateModified\":\"2025-12-04T11:59:25+00:00\",\"breadcrumb\":{\"@id\":\"https:\/\/milahurt.com\/index.php\/produkt\/olej-w-sztyfcie-z-jadem-zmiji\/#breadcrumb\"},\"inLanguage\":\"pl-PL\",\"potentialAction\":[{\"@type\":\"ReadAction\",\"target\":[\"https:\/\/milahurt.com\/index.php\/produkt\/olej-w-sztyfcie-z-jadem-zmiji\/\"]}]},{\"@type\":\"ImageObject\",\"inLanguage\":\"pl-PL\",\"@id\":\"https:\/\/milahurt.com\/index.php\/produkt\/olej-w-sztyfcie-z-jadem-zmiji\/#primaryimage\",\"url\":\"https:\/\/milahurt.com\/wp-content\/uploads\/2025\/12\/obraz_viber_2025-12-04_11-37-52-560.jpg\",\"contentUrl\":\"https:\/\/milahurt.com\/wp-content\/uploads\/2025\/12\/obraz_viber_2025-12-04_11-37-52-560.jpg\",\"width\":1290,\"height\":1209},{\"@type\":\"BreadcrumbList\",\"@id\":\"https:\/\/milahurt.com\/index.php\/produkt\/olej-w-sztyfcie-z-jadem-zmiji\/#breadcrumb\",\"itemListElement\":[{\"@type\":\"ListItem\",\"position\":1,\"name\":\"Strona g\u0142\u00f3wna\",\"item\":\"https:\/\/milahurt.com\/\"},{\"@type\":\"ListItem\",\"position\":2,\"name\":\"Sklep\",\"item\":\"https:\/\/milahurt.com\/index.php\/sklep\/\"},{\"@type\":\"ListItem\",\"position\":3,\"name\":\"Olej w sztyfcie z Jadem \u017bmiji\"}]},{\"@type\":\"WebSite\",\"@id\":\"https:\/\/milahurt.com\/#website\",\"url\":\"https:\/\/milahurt.com\/\",\"name\":\"Mila Hurt\",\"description\":\"Hurtownia internetowa\",\"publisher\":{\"@id\":\"https:\/\/milahurt.com\/#organization\"},\"potentialAction\":[{\"@type\":\"SearchAction\",\"target\":{\"@type\":\"EntryPoint\",\"urlTemplate\":\"https:\/\/milahurt.com\/?s={search_term_string}\"},\"query-input\":\"required name=search_term_string\"}],\"inLanguage\":\"pl-PL\"},{\"@type\":\"Organization\",\"@id\":\"https:\/\/milahurt.com\/#organization\",\"name\":\"Mila Hurt\",\"url\":\"https:\/\/milahurt.com\/\",\"logo\":{\"@type\":\"ImageObject\",\"inLanguage\":\"pl-PL\",\"@id\":\"https:\/\/milahurt.com\/#\/schema\/logo\/image\/\",\"url\":\"https:\/\/wolka24hurtownia.pl\/wp-content\/uploads\/2023\/08\/2.png\",\"contentUrl\":\"https:\/\/wolka24hurtownia.pl\/wp-content\/uploads\/2023\/08\/2.png\",\"width\":1000,\"height\":1000,\"caption\":\"Mila Hurt\"},\"image\":{\"@id\":\"https:\/\/milahurt.com\/#\/schema\/logo\/image\/\"},\"sameAs\":[\"https:\/\/www.facebook.com\/profile.php?id=100085213362965\"]}]}<\/script>\n<!-- \/ Yoast SEO plugin. -->","yoast_head_json":{"title":"Olej w sztyfcie z Jadem \u017bmiji - Mila Hurt","robots":{"index":"index","follow":"follow","max-snippet":"max-snippet:-1","max-image-preview":"max-image-preview:large","max-video-preview":"max-video-preview:-1"},"canonical":"https:\/\/milahurt.com\/index.php\/produkt\/olej-w-sztyfcie-z-jadem-zmiji\/","og_locale":"pl_PL","og_type":"article","og_title":"Olej w sztyfcie z Jadem \u017bmiji - Mila Hurt","og_description":"\ud83e\ude75 Jad W\u0119\u017ca \ud83e\ude75 Olejek Mokosh \ud83e\ude75 Ekstrakty Roslinne  \ud83d\udc8e twarz \ud83d\udc8e szyja \ud83d\udc8e dekolt \ud83d\udc8e przesuszone atopowe miejsca - \u0142okcie, kolana, nadgarstki, pi\u0119ty \ud83d\udc8e miejsce zaj\u0119te \u0142uszczyca  \ud83d\udc9cCena 6zl\/szt Paczka 24szt  \ud83e\udeb6 Olejek Makosh dzia\u0142 przeciwzmarszczkowo \ud83e\udeb6 Efekt ju\u017c po pierwszym zastosowaniu odczuwalny  \ud83c\udf38Lanolina jest stosowana w leczeniu sk\u00f3ry atopowej i ochronie w\u0142os\u00f3w przed rozdwojonymi ko\u0144c\u00f3wkami. \ud83c\udf38Kremy z lanolin\u0105 r\u00f3wnie\u017c zapobiegaj\u0105 nadmiernemu narastaniu nask\u00f3rka, dlatego z powodzeniem mo\u017cna stosowa\u0107 na suche pi\u0119ty czy \u0142okcie. \ud83c\udf38Przede wszystkim pomaga sk\u00f3rze zachowa\u0107 odpowiednie nawil\u017cenie i zamkn\u0105\u0107 w \u015brodku wilgo\u0107. \ud83c\udf38Pomaga r\u00f3wnie\u017c w regeneracji i naprawie uszkodze\u0144, odm\u0142adza i silnie nawil\u017ca od wewn\u0105trz  \ud83c\udf38Mimo swojej formu\u0142y i tworzenia pewnego ochronnego filmu na sk\u00f3rze lanolina nie zatyka por\u00f3w.  \ud83c\udf38Dzia\u0142a niezwykle koj\u0105co na sk\u00f3r\u0119 i jak \u017caden inny produkt potrafi nawil\u017cy\u0107 i utrzyma\u0107 wilgo\u0107 wewn\u0105trz nask\u00f3","og_url":"https:\/\/milahurt.com\/index.php\/produkt\/olej-w-sztyfcie-z-jadem-zmiji\/","og_site_name":"Mila Hurt","article_publisher":"https:\/\/www.facebook.com\/profile.php?id=100085213362965","og_image":[{"width":1290,"height":1209,"url":"https:\/\/milahurt.com\/wp-content\/uploads\/2025\/12\/obraz_viber_2025-12-04_11-37-52-560.jpg","type":"image\/jpeg"}],"twitter_card":"summary_large_image","twitter_misc":{"Szacowany czas czytania":"1 minuta"},"schema":{"@context":"https:\/\/schema.org","@graph":[{"@type":"WebPage","@id":"https:\/\/milahurt.com\/index.php\/produkt\/olej-w-sztyfcie-z-jadem-zmiji\/","url":"https:\/\/milahurt.com\/index.php\/produkt\/olej-w-sztyfcie-z-jadem-zmiji\/","name":"Olej w sztyfcie z Jadem \u017bmiji - Mila Hurt","isPartOf":{"@id":"https:\/\/milahurt.com\/#website"},"primaryImageOfPage":{"@id":"https:\/\/milahurt.com\/index.php\/produkt\/olej-w-sztyfcie-z-jadem-zmiji\/#primaryimage"},"image":{"@id":"https:\/\/milahurt.com\/index.php\/produkt\/olej-w-sztyfcie-z-jadem-zmiji\/#primaryimage"},"thumbnailUrl":"https:\/\/milahurt.com\/wp-content\/uploads\/2025\/12\/obraz_viber_2025-12-04_11-37-52-560.jpg","datePublished":"2025-12-04T11:59:25+00:00","dateModified":"2025-12-04T11:59:25+00:00","breadcrumb":{"@id":"https:\/\/milahurt.com\/index.php\/produkt\/olej-w-sztyfcie-z-jadem-zmiji\/#breadcrumb"},"inLanguage":"pl-PL","potentialAction":[{"@type":"ReadAction","target":["https:\/\/milahurt.com\/index.php\/produkt\/olej-w-sztyfcie-z-jadem-zmiji\/"]}]},{"@type":"ImageObject","inLanguage":"pl-PL","@id":"https:\/\/milahurt.com\/index.php\/produkt\/olej-w-sztyfcie-z-jadem-zmiji\/#primaryimage","url":"https:\/\/milahurt.com\/wp-content\/uploads\/2025\/12\/obraz_viber_2025-12-04_11-37-52-560.jpg","contentUrl":"https:\/\/milahurt.com\/wp-content\/uploads\/2025\/12\/obraz_viber_2025-12-04_11-37-52-560.jpg","width":1290,"height":1209},{"@type":"BreadcrumbList","@id":"https:\/\/milahurt.com\/index.php\/produkt\/olej-w-sztyfcie-z-jadem-zmiji\/#breadcrumb","itemListElement":[{"@type":"ListItem","position":1,"name":"Strona g\u0142\u00f3wna","item":"https:\/\/milahurt.com\/"},{"@type":"ListItem","position":2,"name":"Sklep","item":"https:\/\/milahurt.com\/index.php\/sklep\/"},{"@type":"ListItem","position":3,"name":"Olej w sztyfcie z Jadem \u017bmiji"}]},{"@type":"WebSite","@id":"https:\/\/milahurt.com\/#website","url":"https:\/\/milahurt.com\/","name":"Mila Hurt","description":"Hurtownia internetowa","publisher":{"@id":"https:\/\/milahurt.com\/#organization"},"potentialAction":[{"@type":"SearchAction","target":{"@type":"EntryPoint","urlTemplate":"https:\/\/milahurt.com\/?s={search_term_string}"},"query-input":"required name=search_term_string"}],"inLanguage":"pl-PL"},{"@type":"Organization","@id":"https:\/\/milahurt.com\/#organization","name":"Mila Hurt","url":"https:\/\/milahurt.com\/","logo":{"@type":"ImageObject","inLanguage":"pl-PL","@id":"https:\/\/milahurt.com\/#\/schema\/logo\/image\/","url":"https:\/\/wolka24hurtownia.pl\/wp-content\/uploads\/2023\/08\/2.png","contentUrl":"https:\/\/wolka24hurtownia.pl\/wp-content\/uploads\/2023\/08\/2.png","width":1000,"height":1000,"caption":"Mila Hurt"},"image":{"@id":"https:\/\/milahurt.com\/#\/schema\/logo\/image\/"},"sameAs":["https:\/\/www.facebook.com\/profile.php?id=100085213362965"]}]}},"_links":{"self":[{"href":"https:\/\/milahurt.com\/index.php\/wp-json\/wp\/v2\/product\/302684"}],"collection":[{"href":"https:\/\/milahurt.com\/index.php\/wp-json\/wp\/v2\/product"}],"about":[{"href":"https:\/\/milahurt.com\/index.php\/wp-json\/wp\/v2\/types\/product"}],"wp:featuredmedia":[{"embeddable":true,"href":"https:\/\/milahurt.com\/index.php\/wp-json\/wp\/v2\/media\/302688"}],"wp:attachment":[{"href":"https:\/\/milahurt.com\/index.php\/wp-json\/wp\/v2\/media?parent=302684"}],"wp:term":[{"taxonomy":"product_cat","embeddable":true,"href":"https:\/\/milahurt.com\/index.php\/wp-json\/wp\/v2\/product_cat?post=302684"},{"taxonomy":"product_tag","embeddable":true,"href":"https:\/\/milahurt.com\/index.php\/wp-json\/wp\/v2\/product_tag?post=302684"}],"curies":[{"name":"wp","href":"https:\/\/api.w.org\/{rel}","templated":true}]}}