{"id":302658,"date":"2025-12-04T13:12:01","date_gmt":"2025-12-04T11:12:01","guid":{"rendered":"https:\/\/milahurt.com\/?post_type=product&#038;p=302658"},"modified":"2025-12-04T13:12:01","modified_gmt":"2025-12-04T11:12:01","slug":"maska-pod-oczy-z-kawiorem-i-krwia-smoka-fayankou","status":"publish","type":"product","link":"https:\/\/milahurt.com\/index.php\/produkt\/maska-pod-oczy-z-kawiorem-i-krwia-smoka-fayankou\/","title":{"rendered":"Maska pod oczy z kawiorem i krwi\u0105 smoka FAYANKOU"},"excerpt":{"rendered":"<p>\ud83d\udc49Pomaga redukowa\u0107 cienie i zmarszczki, zwi\u0119ksza\u0107 elastyczno\u015b\u0107 sk\u00f3ry wok\u00f3\u0142 oczu i redukowa\u0107 worki pod oczami.<\/p>\n<p>\ud83d\udc49G\u0142\u00f3wne sk\u0142adniki: Zawiera 100% naturalny kolagen i inne minera\u0142y, wspomaga regeneracj\u0119 kom\u00f3rek i kolagenu.<\/p>\n<p>\ud83d\udc49Technologia: Dzi\u0119ki technologii 10-krotnego wch\u0142aniania, skoncentrowane sk\u0142adniki od\u017cywcze szybko wnikaj\u0105 w sk\u00f3r\u0119.<\/p>\n<p>\ud83d\udc49Spos\u00f3b u\u017cycia: Na\u0142o\u017cy\u0107 mask\u0119 na oczyszczon\u0105 sk\u00f3r\u0119 pod oczami na oko\u0142o 15-20 minut, aby sk\u00f3ra mog\u0142a wch\u0142on\u0105\u0107 sk\u0142adniki od\u017cywcze.<\/p>\n<p>\ud83d\udc49Opakowanie: Pude\u0142ko 60 maseczek.<\/p>\n","protected":false},"featured_media":302672,"template":"","meta":[],"product_cat":[1537,1564],"product_tag":[],"acf":[],"yoast_head":"<!-- This site is optimized with the Yoast SEO plugin v22.6 - https:\/\/yoast.com\/wordpress\/plugins\/seo\/ -->\n<title>Maska pod oczy z kawiorem i krwi\u0105 smoka FAYANKOU - Mila Hurt<\/title>\n<meta name=\"robots\" content=\"index, follow, max-snippet:-1, max-image-preview:large, max-video-preview:-1\" \/>\n<link rel=\"canonical\" href=\"https:\/\/milahurt.com\/index.php\/produkt\/maska-pod-oczy-z-kawiorem-i-krwia-smoka-fayankou\/\" \/>\n<meta property=\"og:locale\" content=\"pl_PL\" \/>\n<meta property=\"og:type\" content=\"article\" \/>\n<meta property=\"og:title\" content=\"Maska pod oczy z kawiorem i krwi\u0105 smoka FAYANKOU - Mila Hurt\" \/>\n<meta property=\"og:description\" content=\"\ud83d\udc49Pomaga redukowa\u0107 cienie i zmarszczki, zwi\u0119ksza\u0107 elastyczno\u015b\u0107 sk\u00f3ry wok\u00f3\u0142 oczu i redukowa\u0107 worki pod oczami.  \ud83d\udc49G\u0142\u00f3wne sk\u0142adniki: Zawiera 100% naturalny kolagen i inne minera\u0142y, wspomaga regeneracj\u0119 kom\u00f3rek i kolagenu.  \ud83d\udc49Technologia: Dzi\u0119ki technologii 10-krotnego wch\u0142aniania, skoncentrowane sk\u0142adniki od\u017cywcze szybko wnikaj\u0105 w sk\u00f3r\u0119.  \ud83d\udc49Spos\u00f3b u\u017cycia: Na\u0142o\u017cy\u0107 mask\u0119 na oczyszczon\u0105 sk\u00f3r\u0119 pod oczami na oko\u0142o 15-20 minut, aby sk\u00f3ra mog\u0142a wch\u0142on\u0105\u0107 sk\u0142adniki od\u017cywcze.  \ud83d\udc49Opakowanie: Pude\u0142ko 60 maseczek.\" \/>\n<meta property=\"og:url\" content=\"https:\/\/milahurt.com\/index.php\/produkt\/maska-pod-oczy-z-kawiorem-i-krwia-smoka-fayankou\/\" \/>\n<meta property=\"og:site_name\" content=\"Mila Hurt\" \/>\n<meta property=\"article:publisher\" content=\"https:\/\/www.facebook.com\/profile.php?id=100085213362965\" \/>\n<meta property=\"og:image\" content=\"https:\/\/milahurt.com\/wp-content\/uploads\/2025\/12\/obraz_viber_2025-12-04_11-43-04-141.jpg\" \/>\n\t<meta property=\"og:image:width\" content=\"1617\" \/>\n\t<meta property=\"og:image:height\" content=\"1801\" \/>\n\t<meta property=\"og:image:type\" content=\"image\/jpeg\" \/>\n<meta name=\"twitter:card\" content=\"summary_large_image\" \/>\n<meta name=\"twitter:label1\" content=\"Szacowany czas czytania\" \/>\n\t<meta name=\"twitter:data1\" content=\"1 minuta\" \/>\n<script type=\"application\/ld+json\" class=\"yoast-schema-graph\">{\"@context\":\"https:\/\/schema.org\",\"@graph\":[{\"@type\":\"WebPage\",\"@id\":\"https:\/\/milahurt.com\/index.php\/produkt\/maska-pod-oczy-z-kawiorem-i-krwia-smoka-fayankou\/\",\"url\":\"https:\/\/milahurt.com\/index.php\/produkt\/maska-pod-oczy-z-kawiorem-i-krwia-smoka-fayankou\/\",\"name\":\"Maska pod oczy z kawiorem i krwi\u0105 smoka FAYANKOU - Mila Hurt\",\"isPartOf\":{\"@id\":\"https:\/\/milahurt.com\/#website\"},\"primaryImageOfPage\":{\"@id\":\"https:\/\/milahurt.com\/index.php\/produkt\/maska-pod-oczy-z-kawiorem-i-krwia-smoka-fayankou\/#primaryimage\"},\"image\":{\"@id\":\"https:\/\/milahurt.com\/index.php\/produkt\/maska-pod-oczy-z-kawiorem-i-krwia-smoka-fayankou\/#primaryimage\"},\"thumbnailUrl\":\"https:\/\/milahurt.com\/wp-content\/uploads\/2025\/12\/obraz_viber_2025-12-04_11-43-04-141.jpg\",\"datePublished\":\"2025-12-04T11:12:01+00:00\",\"dateModified\":\"2025-12-04T11:12:01+00:00\",\"breadcrumb\":{\"@id\":\"https:\/\/milahurt.com\/index.php\/produkt\/maska-pod-oczy-z-kawiorem-i-krwia-smoka-fayankou\/#breadcrumb\"},\"inLanguage\":\"pl-PL\",\"potentialAction\":[{\"@type\":\"ReadAction\",\"target\":[\"https:\/\/milahurt.com\/index.php\/produkt\/maska-pod-oczy-z-kawiorem-i-krwia-smoka-fayankou\/\"]}]},{\"@type\":\"ImageObject\",\"inLanguage\":\"pl-PL\",\"@id\":\"https:\/\/milahurt.com\/index.php\/produkt\/maska-pod-oczy-z-kawiorem-i-krwia-smoka-fayankou\/#primaryimage\",\"url\":\"https:\/\/milahurt.com\/wp-content\/uploads\/2025\/12\/obraz_viber_2025-12-04_11-43-04-141.jpg\",\"contentUrl\":\"https:\/\/milahurt.com\/wp-content\/uploads\/2025\/12\/obraz_viber_2025-12-04_11-43-04-141.jpg\",\"width\":1617,\"height\":1801},{\"@type\":\"BreadcrumbList\",\"@id\":\"https:\/\/milahurt.com\/index.php\/produkt\/maska-pod-oczy-z-kawiorem-i-krwia-smoka-fayankou\/#breadcrumb\",\"itemListElement\":[{\"@type\":\"ListItem\",\"position\":1,\"name\":\"Strona g\u0142\u00f3wna\",\"item\":\"https:\/\/milahurt.com\/\"},{\"@type\":\"ListItem\",\"position\":2,\"name\":\"Sklep\",\"item\":\"https:\/\/milahurt.com\/index.php\/sklep\/\"},{\"@type\":\"ListItem\",\"position\":3,\"name\":\"Maska pod oczy z kawiorem i krwi\u0105 smoka FAYANKOU\"}]},{\"@type\":\"WebSite\",\"@id\":\"https:\/\/milahurt.com\/#website\",\"url\":\"https:\/\/milahurt.com\/\",\"name\":\"Mila Hurt\",\"description\":\"Hurtownia internetowa\",\"publisher\":{\"@id\":\"https:\/\/milahurt.com\/#organization\"},\"potentialAction\":[{\"@type\":\"SearchAction\",\"target\":{\"@type\":\"EntryPoint\",\"urlTemplate\":\"https:\/\/milahurt.com\/?s={search_term_string}\"},\"query-input\":\"required name=search_term_string\"}],\"inLanguage\":\"pl-PL\"},{\"@type\":\"Organization\",\"@id\":\"https:\/\/milahurt.com\/#organization\",\"name\":\"Mila Hurt\",\"url\":\"https:\/\/milahurt.com\/\",\"logo\":{\"@type\":\"ImageObject\",\"inLanguage\":\"pl-PL\",\"@id\":\"https:\/\/milahurt.com\/#\/schema\/logo\/image\/\",\"url\":\"https:\/\/wolka24hurtownia.pl\/wp-content\/uploads\/2023\/08\/2.png\",\"contentUrl\":\"https:\/\/wolka24hurtownia.pl\/wp-content\/uploads\/2023\/08\/2.png\",\"width\":1000,\"height\":1000,\"caption\":\"Mila Hurt\"},\"image\":{\"@id\":\"https:\/\/milahurt.com\/#\/schema\/logo\/image\/\"},\"sameAs\":[\"https:\/\/www.facebook.com\/profile.php?id=100085213362965\"]}]}<\/script>\n<!-- \/ Yoast SEO plugin. -->","yoast_head_json":{"title":"Maska pod oczy z kawiorem i krwi\u0105 smoka FAYANKOU - Mila Hurt","robots":{"index":"index","follow":"follow","max-snippet":"max-snippet:-1","max-image-preview":"max-image-preview:large","max-video-preview":"max-video-preview:-1"},"canonical":"https:\/\/milahurt.com\/index.php\/produkt\/maska-pod-oczy-z-kawiorem-i-krwia-smoka-fayankou\/","og_locale":"pl_PL","og_type":"article","og_title":"Maska pod oczy z kawiorem i krwi\u0105 smoka FAYANKOU - Mila Hurt","og_description":"\ud83d\udc49Pomaga redukowa\u0107 cienie i zmarszczki, zwi\u0119ksza\u0107 elastyczno\u015b\u0107 sk\u00f3ry wok\u00f3\u0142 oczu i redukowa\u0107 worki pod oczami.  \ud83d\udc49G\u0142\u00f3wne sk\u0142adniki: Zawiera 100% naturalny kolagen i inne minera\u0142y, wspomaga regeneracj\u0119 kom\u00f3rek i kolagenu.  \ud83d\udc49Technologia: Dzi\u0119ki technologii 10-krotnego wch\u0142aniania, skoncentrowane sk\u0142adniki od\u017cywcze szybko wnikaj\u0105 w sk\u00f3r\u0119.  \ud83d\udc49Spos\u00f3b u\u017cycia: Na\u0142o\u017cy\u0107 mask\u0119 na oczyszczon\u0105 sk\u00f3r\u0119 pod oczami na oko\u0142o 15-20 minut, aby sk\u00f3ra mog\u0142a wch\u0142on\u0105\u0107 sk\u0142adniki od\u017cywcze.  \ud83d\udc49Opakowanie: Pude\u0142ko 60 maseczek.","og_url":"https:\/\/milahurt.com\/index.php\/produkt\/maska-pod-oczy-z-kawiorem-i-krwia-smoka-fayankou\/","og_site_name":"Mila Hurt","article_publisher":"https:\/\/www.facebook.com\/profile.php?id=100085213362965","og_image":[{"width":1617,"height":1801,"url":"https:\/\/milahurt.com\/wp-content\/uploads\/2025\/12\/obraz_viber_2025-12-04_11-43-04-141.jpg","type":"image\/jpeg"}],"twitter_card":"summary_large_image","twitter_misc":{"Szacowany czas czytania":"1 minuta"},"schema":{"@context":"https:\/\/schema.org","@graph":[{"@type":"WebPage","@id":"https:\/\/milahurt.com\/index.php\/produkt\/maska-pod-oczy-z-kawiorem-i-krwia-smoka-fayankou\/","url":"https:\/\/milahurt.com\/index.php\/produkt\/maska-pod-oczy-z-kawiorem-i-krwia-smoka-fayankou\/","name":"Maska pod oczy z kawiorem i krwi\u0105 smoka FAYANKOU - Mila Hurt","isPartOf":{"@id":"https:\/\/milahurt.com\/#website"},"primaryImageOfPage":{"@id":"https:\/\/milahurt.com\/index.php\/produkt\/maska-pod-oczy-z-kawiorem-i-krwia-smoka-fayankou\/#primaryimage"},"image":{"@id":"https:\/\/milahurt.com\/index.php\/produkt\/maska-pod-oczy-z-kawiorem-i-krwia-smoka-fayankou\/#primaryimage"},"thumbnailUrl":"https:\/\/milahurt.com\/wp-content\/uploads\/2025\/12\/obraz_viber_2025-12-04_11-43-04-141.jpg","datePublished":"2025-12-04T11:12:01+00:00","dateModified":"2025-12-04T11:12:01+00:00","breadcrumb":{"@id":"https:\/\/milahurt.com\/index.php\/produkt\/maska-pod-oczy-z-kawiorem-i-krwia-smoka-fayankou\/#breadcrumb"},"inLanguage":"pl-PL","potentialAction":[{"@type":"ReadAction","target":["https:\/\/milahurt.com\/index.php\/produkt\/maska-pod-oczy-z-kawiorem-i-krwia-smoka-fayankou\/"]}]},{"@type":"ImageObject","inLanguage":"pl-PL","@id":"https:\/\/milahurt.com\/index.php\/produkt\/maska-pod-oczy-z-kawiorem-i-krwia-smoka-fayankou\/#primaryimage","url":"https:\/\/milahurt.com\/wp-content\/uploads\/2025\/12\/obraz_viber_2025-12-04_11-43-04-141.jpg","contentUrl":"https:\/\/milahurt.com\/wp-content\/uploads\/2025\/12\/obraz_viber_2025-12-04_11-43-04-141.jpg","width":1617,"height":1801},{"@type":"BreadcrumbList","@id":"https:\/\/milahurt.com\/index.php\/produkt\/maska-pod-oczy-z-kawiorem-i-krwia-smoka-fayankou\/#breadcrumb","itemListElement":[{"@type":"ListItem","position":1,"name":"Strona g\u0142\u00f3wna","item":"https:\/\/milahurt.com\/"},{"@type":"ListItem","position":2,"name":"Sklep","item":"https:\/\/milahurt.com\/index.php\/sklep\/"},{"@type":"ListItem","position":3,"name":"Maska pod oczy z kawiorem i krwi\u0105 smoka FAYANKOU"}]},{"@type":"WebSite","@id":"https:\/\/milahurt.com\/#website","url":"https:\/\/milahurt.com\/","name":"Mila Hurt","description":"Hurtownia internetowa","publisher":{"@id":"https:\/\/milahurt.com\/#organization"},"potentialAction":[{"@type":"SearchAction","target":{"@type":"EntryPoint","urlTemplate":"https:\/\/milahurt.com\/?s={search_term_string}"},"query-input":"required name=search_term_string"}],"inLanguage":"pl-PL"},{"@type":"Organization","@id":"https:\/\/milahurt.com\/#organization","name":"Mila Hurt","url":"https:\/\/milahurt.com\/","logo":{"@type":"ImageObject","inLanguage":"pl-PL","@id":"https:\/\/milahurt.com\/#\/schema\/logo\/image\/","url":"https:\/\/wolka24hurtownia.pl\/wp-content\/uploads\/2023\/08\/2.png","contentUrl":"https:\/\/wolka24hurtownia.pl\/wp-content\/uploads\/2023\/08\/2.png","width":1000,"height":1000,"caption":"Mila Hurt"},"image":{"@id":"https:\/\/milahurt.com\/#\/schema\/logo\/image\/"},"sameAs":["https:\/\/www.facebook.com\/profile.php?id=100085213362965"]}]}},"_links":{"self":[{"href":"https:\/\/milahurt.com\/index.php\/wp-json\/wp\/v2\/product\/302658"}],"collection":[{"href":"https:\/\/milahurt.com\/index.php\/wp-json\/wp\/v2\/product"}],"about":[{"href":"https:\/\/milahurt.com\/index.php\/wp-json\/wp\/v2\/types\/product"}],"wp:featuredmedia":[{"embeddable":true,"href":"https:\/\/milahurt.com\/index.php\/wp-json\/wp\/v2\/media\/302672"}],"wp:attachment":[{"href":"https:\/\/milahurt.com\/index.php\/wp-json\/wp\/v2\/media?parent=302658"}],"wp:term":[{"taxonomy":"product_cat","embeddable":true,"href":"https:\/\/milahurt.com\/index.php\/wp-json\/wp\/v2\/product_cat?post=302658"},{"taxonomy":"product_tag","embeddable":true,"href":"https:\/\/milahurt.com\/index.php\/wp-json\/wp\/v2\/product_tag?post=302658"}],"curies":[{"name":"wp","href":"https:\/\/api.w.org\/{rel}","templated":true}]}}