{"id":13652,"date":"2023-06-25T14:36:04","date_gmt":"2023-06-25T14:36:04","guid":{"rendered":"http:\/\/wolka24hurtownia.pl\/?page_id=13652"},"modified":"2025-11-17T00:50:32","modified_gmt":"2025-11-16T22:50:32","slug":"kontakt","status":"publish","type":"page","link":"https:\/\/milahurt.com\/index.php\/kontakt\/","title":{"rendered":"Kontakt"},"content":{"rendered":"\t\t<div data-elementor-type=\"wp-page\" data-elementor-id=\"13652\" class=\"elementor elementor-13652\">\n\t\t\t\t\t\t<section class=\"elementor-section elementor-top-section elementor-element elementor-element-f5b335b elementor-section-boxed elementor-section-height-default elementor-section-height-default\" data-id=\"f5b335b\" data-element_type=\"section\">\n\t\t\t\t\t\t<div class=\"elementor-container elementor-column-gap-default\">\n\t\t\t\t\t<div class=\"elementor-column elementor-col-50 elementor-top-column elementor-element elementor-element-8d5d78d\" data-id=\"8d5d78d\" data-element_type=\"column\">\n\t\t\t<div class=\"elementor-widget-wrap elementor-element-populated\">\n\t\t\t\t\t\t<div class=\"elementor-element elementor-element-04989d6 elementor-widget elementor-widget-text-editor\" data-id=\"04989d6\" data-element_type=\"widget\" data-widget_type=\"text-editor.default\">\n\t\t\t\t<div class=\"elementor-widget-container\">\n\t\t\t<style>\/*! elementor - v3.19.0 - 26-02-2024 *\/\n.elementor-widget-text-editor.elementor-drop-cap-view-stacked .elementor-drop-cap{background-color:#69727d;color:#fff}.elementor-widget-text-editor.elementor-drop-cap-view-framed .elementor-drop-cap{color:#69727d;border:3px solid;background-color:transparent}.elementor-widget-text-editor:not(.elementor-drop-cap-view-default) .elementor-drop-cap{margin-top:8px}.elementor-widget-text-editor:not(.elementor-drop-cap-view-default) .elementor-drop-cap-letter{width:1em;height:1em}.elementor-widget-text-editor .elementor-drop-cap{float:left;text-align:center;line-height:1;font-size:50px}.elementor-widget-text-editor .elementor-drop-cap-letter{display:inline-block}<\/style>\t\t\t\t<div style=\"flex-basis: var(--flex-basis); flex-grow: var(--flex-grow); flex-shrink: var(--flex-shrink); order: var(--order); align-self: var(--align-self); flex-direction: var(--flex-direction); flex-wrap: var(--flex-wrap); justify-content: var(--justify-content); align-items: var(--align-items); align-content: var(--align-content); gap: var(--gap); --swiper-theme-color: #000; --swiper-navigation-size: 44px; --swiper-pagination-bullet-size: 6px; --swiper-pagination-bullet-horizontal-gap: 6px; --widgets-spacing: 20px; color: #525252; font-family: var(--e-global-typography-text-font-family),Sans-serif; font-weight: 400; width: 320.169px;\" data-id=\"23ac2964\" data-element_type=\"widget\" data-widget_type=\"text-editor.default\">\n<div style=\"transition: background .3s,border .3s,border-radius .3s,box-shadow .3s,transform var(--e-transform-transition-duration,.4s); padding: 0px 0px 22px;\">\n<p>KONTAKT<\/p>\n<p>Tel \/ WhatsApp \/ Viber<br>(+48) 729 292 335<\/p>\n<p>Email: milahurt.online@gmail.com<\/p>\n<p><span style=\"color: #212529; font-family: Inter, Arial, 'Helvetica Neue', 'Segoe UI', sans-serif, 'Apple Color Emoji', 'Segoe UI Emoji', 'Segoe UI Symbol', 'Noto Color Emoji'; font-size: 15px;\">Napisz do nas, je\u015bli masz jakiekolwiek pytania lub chcesz z\u0142o\u017cy\u0107 zam\u00f3wienie.<\/span><br style=\"color: #212529; font-family: Inter, Arial, 'Helvetica Neue', 'Segoe UI', sans-serif, 'Apple Color Emoji', 'Segoe UI Emoji', 'Segoe UI Symbol', 'Noto Color Emoji'; font-size: 15px;\"><br style=\"color: #212529; font-family: Inter, Arial, 'Helvetica Neue', 'Segoe UI', sans-serif, 'Apple Color Emoji', 'Segoe UI Emoji', 'Segoe UI Symbol', 'Noto Color Emoji'; font-size: 15px;\"><span style=\"color: #212529; font-family: Inter, Arial, 'Helvetica Neue', 'Segoe UI', sans-serif, 'Apple Color Emoji', 'Segoe UI Emoji', 'Segoe UI Symbol', 'Noto Color Emoji'; font-size: 15px;\">Nasza infolinia jest czynna:<\/span><br style=\"color: #212529; font-family: Inter, Arial, 'Helvetica Neue', 'Segoe UI', sans-serif, 'Apple Color Emoji', 'Segoe UI Emoji', 'Segoe UI Symbol', 'Noto Color Emoji'; font-size: 15px;\"><span style=\"color: #212529; font-family: Inter, Arial, 'Helvetica Neue', 'Segoe UI', sans-serif, 'Apple Color Emoji', 'Segoe UI Emoji', 'Segoe UI Symbol', 'Noto Color Emoji'; font-size: 15px;\">&#8211; Od poniedzia\u0142ku do pi\u0105tku w godzinach 8:00 &#8211; 16:00<\/span><br style=\"color: #212529; font-family: Inter, Arial, 'Helvetica Neue', 'Segoe UI', sans-serif, 'Apple Color Emoji', 'Segoe UI Emoji', 'Segoe UI Symbol', 'Noto Color Emoji'; font-size: 15px;\"><span style=\"color: #212529; font-family: Inter, Arial, 'Helvetica Neue', 'Segoe UI', sans-serif, 'Apple Color Emoji', 'Segoe UI Emoji', 'Segoe UI Symbol', 'Noto Color Emoji'; font-size: 15px;\">&#8211; Soboty w godzinach 8:00 &#8211; 14:00<\/span><\/p>\n<\/div>\n<\/div>\n<div style=\"flex-basis: var(--flex-basis); flex-grow: var(--flex-grow); flex-shrink: var(--flex-shrink); order: var(--order); align-self: var(--align-self); flex-direction: var(--flex-direction); flex-wrap: var(--flex-wrap); justify-content: var(--justify-content); align-items: var(--align-items); align-content: var(--align-content); gap: var(--gap); --swiper-theme-color: #000; --swiper-navigation-size: 44px; --swiper-pagination-bullet-size: 6px; --swiper-pagination-bullet-horizontal-gap: 6px; --widgets-spacing: 20px; color: #525252; font-family: var(--e-global-typography-text-font-family),Sans-serif; font-weight: 400; width: 320.169px;\" data-id=\"85fecb1\" data-element_type=\"widget\" data-widget_type=\"text-editor.default\">\n<div style=\"transition: background .3s,border .3s,border-radius .3s,box-shadow .3s,transform var(--e-transform-transition-duration,.4s); padding: 0px 0px 22px;\">\n<p>ADRES<\/p>\n<p>ul. Nadrzeczna 7C<br>05-552 W\u00f3lka Kosowsk45a<\/p>\n<\/div>\n<\/div>\t\t\t\t\t\t<\/div>\n\t\t\t\t<\/div>\n\t\t\t\t\t<\/div>\n\t\t<\/div>\n\t\t\t\t<div class=\"elementor-column elementor-col-50 elementor-top-column elementor-element elementor-element-ffed5f4\" data-id=\"ffed5f4\" data-element_type=\"column\">\n\t\t\t<div class=\"elementor-widget-wrap elementor-element-populated\">\n\t\t\t\t\t\t<div class=\"elementor-element elementor-element-624f15e elementor-widget elementor-widget-google_maps\" data-id=\"624f15e\" data-element_type=\"widget\" data-widget_type=\"google_maps.default\">\n\t\t\t\t<div class=\"elementor-widget-container\">\n\t\t\t<style>\/*! elementor - v3.19.0 - 26-02-2024 *\/\n.elementor-widget-google_maps .elementor-widget-container{overflow:hidden}.elementor-widget-google_maps .elementor-custom-embed{line-height:0}.elementor-widget-google_maps iframe{height:300px}<\/style>\t\t<div class=\"elementor-custom-embed\">\n\t\t\t<iframe loading=\"lazy\"\n\t\t\t\t\tsrc=\"https:\/\/maps.google.com\/maps?q=Nadrzeczna%207C%20W%C3%B3lka%20Kosowska&#038;t=m&#038;z=13&#038;output=embed&#038;iwloc=near\"\n\t\t\t\t\ttitle=\"Nadrzeczna 7C W\u00f3lka Kosowska\"\n\t\t\t\t\taria-label=\"Nadrzeczna 7C W\u00f3lka Kosowska\"\n\t\t\t><\/iframe>\n\t\t<\/div>\n\t\t\t\t<\/div>\n\t\t\t\t<\/div>\n\t\t\t\t\t<\/div>\n\t\t<\/div>\n\t\t\t\t\t<\/div>\n\t\t<\/section>\n\t\t\t\t<\/div>\n\t\t","protected":false},"excerpt":{"rendered":"<p>KONTAKT Tel \/ WhatsApp \/ Viber(+48) 729 292 335 Email: milahurt.online@gmail.com Napisz do nas, je\u015bli masz jakiekolwiek pytania lub chcesz z\u0142o\u017cy\u0107 zam\u00f3wienie.Nasza infolinia jest czynna:&#8211; Od poniedzia\u0142ku do pi\u0105tku w godzinach 8:00 &#8211; 16:00&#8211; Soboty w godzinach 8:00 &#8211; 14:00 ADRES ul. Nadrzeczna 7C05-552 W\u00f3lka Kosowsk45a<\/p>\n","protected":false},"author":1,"featured_media":0,"parent":0,"menu_order":0,"comment_status":"closed","ping_status":"closed","template":"","meta":{"footnotes":""},"acf":[],"yoast_head":"<!-- This site is optimized with the Yoast SEO plugin v22.6 - https:\/\/yoast.com\/wordpress\/plugins\/seo\/ -->\n<title>Kontakt - Mila Hurt<\/title>\n<meta name=\"robots\" content=\"index, follow, max-snippet:-1, max-image-preview:large, max-video-preview:-1\" \/>\n<link rel=\"canonical\" href=\"https:\/\/milahurt.com\/index.php\/kontakt\/\" \/>\n<meta property=\"og:locale\" content=\"pl_PL\" \/>\n<meta property=\"og:type\" content=\"article\" \/>\n<meta property=\"og:title\" content=\"Kontakt - Mila Hurt\" \/>\n<meta property=\"og:description\" content=\"KONTAKT Tel \/ WhatsApp \/ Viber(+48) 729 292 335 Email: milahurt.online@gmail.com Napisz do nas, je\u015bli masz jakiekolwiek pytania lub chcesz z\u0142o\u017cy\u0107 zam\u00f3wienie.Nasza infolinia jest czynna:&#8211; Od poniedzia\u0142ku do pi\u0105tku w godzinach 8:00 &#8211; 16:00&#8211; Soboty w godzinach 8:00 &#8211; 14:00 ADRES ul. Nadrzeczna 7C05-552 W\u00f3lka Kosowsk45a\" \/>\n<meta property=\"og:url\" content=\"https:\/\/milahurt.com\/index.php\/kontakt\/\" \/>\n<meta property=\"og:site_name\" content=\"Mila Hurt\" \/>\n<meta property=\"article:publisher\" content=\"https:\/\/www.facebook.com\/profile.php?id=100085213362965\" \/>\n<meta property=\"article:modified_time\" content=\"2025-11-16T22:50:32+00:00\" \/>\n<meta name=\"twitter:card\" content=\"summary_large_image\" \/>\n<meta name=\"twitter:label1\" content=\"Szacowany czas czytania\" \/>\n\t<meta name=\"twitter:data1\" content=\"1 minuta\" \/>\n<script type=\"application\/ld+json\" class=\"yoast-schema-graph\">{\"@context\":\"https:\/\/schema.org\",\"@graph\":[{\"@type\":\"WebPage\",\"@id\":\"https:\/\/milahurt.com\/index.php\/kontakt\/\",\"url\":\"https:\/\/milahurt.com\/index.php\/kontakt\/\",\"name\":\"Kontakt - Mila Hurt\",\"isPartOf\":{\"@id\":\"https:\/\/milahurt.com\/#website\"},\"datePublished\":\"2023-06-25T14:36:04+00:00\",\"dateModified\":\"2025-11-16T22:50:32+00:00\",\"breadcrumb\":{\"@id\":\"https:\/\/milahurt.com\/index.php\/kontakt\/#breadcrumb\"},\"inLanguage\":\"pl-PL\",\"potentialAction\":[{\"@type\":\"ReadAction\",\"target\":[\"https:\/\/milahurt.com\/index.php\/kontakt\/\"]}]},{\"@type\":\"BreadcrumbList\",\"@id\":\"https:\/\/milahurt.com\/index.php\/kontakt\/#breadcrumb\",\"itemListElement\":[{\"@type\":\"ListItem\",\"position\":1,\"name\":\"Strona g\u0142\u00f3wna\",\"item\":\"https:\/\/milahurt.com\/\"},{\"@type\":\"ListItem\",\"position\":2,\"name\":\"Kontakt\"}]},{\"@type\":\"WebSite\",\"@id\":\"https:\/\/milahurt.com\/#website\",\"url\":\"https:\/\/milahurt.com\/\",\"name\":\"Mila Hurt\",\"description\":\"Hurtownia internetowa\",\"publisher\":{\"@id\":\"https:\/\/milahurt.com\/#organization\"},\"potentialAction\":[{\"@type\":\"SearchAction\",\"target\":{\"@type\":\"EntryPoint\",\"urlTemplate\":\"https:\/\/milahurt.com\/?s={search_term_string}\"},\"query-input\":\"required name=search_term_string\"}],\"inLanguage\":\"pl-PL\"},{\"@type\":\"Organization\",\"@id\":\"https:\/\/milahurt.com\/#organization\",\"name\":\"Mila Hurt\",\"url\":\"https:\/\/milahurt.com\/\",\"logo\":{\"@type\":\"ImageObject\",\"inLanguage\":\"pl-PL\",\"@id\":\"https:\/\/milahurt.com\/#\/schema\/logo\/image\/\",\"url\":\"https:\/\/wolka24hurtownia.pl\/wp-content\/uploads\/2023\/08\/2.png\",\"contentUrl\":\"https:\/\/wolka24hurtownia.pl\/wp-content\/uploads\/2023\/08\/2.png\",\"width\":1000,\"height\":1000,\"caption\":\"Mila Hurt\"},\"image\":{\"@id\":\"https:\/\/milahurt.com\/#\/schema\/logo\/image\/\"},\"sameAs\":[\"https:\/\/www.facebook.com\/profile.php?id=100085213362965\"]}]}<\/script>\n<!-- \/ Yoast SEO plugin. -->","yoast_head_json":{"title":"Kontakt - Mila Hurt","robots":{"index":"index","follow":"follow","max-snippet":"max-snippet:-1","max-image-preview":"max-image-preview:large","max-video-preview":"max-video-preview:-1"},"canonical":"https:\/\/milahurt.com\/index.php\/kontakt\/","og_locale":"pl_PL","og_type":"article","og_title":"Kontakt - Mila Hurt","og_description":"KONTAKT Tel \/ WhatsApp \/ Viber(+48) 729 292 335 Email: milahurt.online@gmail.com Napisz do nas, je\u015bli masz jakiekolwiek pytania lub chcesz z\u0142o\u017cy\u0107 zam\u00f3wienie.Nasza infolinia jest czynna:&#8211; Od poniedzia\u0142ku do pi\u0105tku w godzinach 8:00 &#8211; 16:00&#8211; Soboty w godzinach 8:00 &#8211; 14:00 ADRES ul. Nadrzeczna 7C05-552 W\u00f3lka Kosowsk45a","og_url":"https:\/\/milahurt.com\/index.php\/kontakt\/","og_site_name":"Mila Hurt","article_publisher":"https:\/\/www.facebook.com\/profile.php?id=100085213362965","article_modified_time":"2025-11-16T22:50:32+00:00","twitter_card":"summary_large_image","twitter_misc":{"Szacowany czas czytania":"1 minuta"},"schema":{"@context":"https:\/\/schema.org","@graph":[{"@type":"WebPage","@id":"https:\/\/milahurt.com\/index.php\/kontakt\/","url":"https:\/\/milahurt.com\/index.php\/kontakt\/","name":"Kontakt - Mila Hurt","isPartOf":{"@id":"https:\/\/milahurt.com\/#website"},"datePublished":"2023-06-25T14:36:04+00:00","dateModified":"2025-11-16T22:50:32+00:00","breadcrumb":{"@id":"https:\/\/milahurt.com\/index.php\/kontakt\/#breadcrumb"},"inLanguage":"pl-PL","potentialAction":[{"@type":"ReadAction","target":["https:\/\/milahurt.com\/index.php\/kontakt\/"]}]},{"@type":"BreadcrumbList","@id":"https:\/\/milahurt.com\/index.php\/kontakt\/#breadcrumb","itemListElement":[{"@type":"ListItem","position":1,"name":"Strona g\u0142\u00f3wna","item":"https:\/\/milahurt.com\/"},{"@type":"ListItem","position":2,"name":"Kontakt"}]},{"@type":"WebSite","@id":"https:\/\/milahurt.com\/#website","url":"https:\/\/milahurt.com\/","name":"Mila Hurt","description":"Hurtownia internetowa","publisher":{"@id":"https:\/\/milahurt.com\/#organization"},"potentialAction":[{"@type":"SearchAction","target":{"@type":"EntryPoint","urlTemplate":"https:\/\/milahurt.com\/?s={search_term_string}"},"query-input":"required name=search_term_string"}],"inLanguage":"pl-PL"},{"@type":"Organization","@id":"https:\/\/milahurt.com\/#organization","name":"Mila Hurt","url":"https:\/\/milahurt.com\/","logo":{"@type":"ImageObject","inLanguage":"pl-PL","@id":"https:\/\/milahurt.com\/#\/schema\/logo\/image\/","url":"https:\/\/wolka24hurtownia.pl\/wp-content\/uploads\/2023\/08\/2.png","contentUrl":"https:\/\/wolka24hurtownia.pl\/wp-content\/uploads\/2023\/08\/2.png","width":1000,"height":1000,"caption":"Mila Hurt"},"image":{"@id":"https:\/\/milahurt.com\/#\/schema\/logo\/image\/"},"sameAs":["https:\/\/www.facebook.com\/profile.php?id=100085213362965"]}]}},"_links":{"self":[{"href":"https:\/\/milahurt.com\/index.php\/wp-json\/wp\/v2\/pages\/13652"}],"collection":[{"href":"https:\/\/milahurt.com\/index.php\/wp-json\/wp\/v2\/pages"}],"about":[{"href":"https:\/\/milahurt.com\/index.php\/wp-json\/wp\/v2\/types\/page"}],"author":[{"embeddable":true,"href":"https:\/\/milahurt.com\/index.php\/wp-json\/wp\/v2\/users\/1"}],"replies":[{"embeddable":true,"href":"https:\/\/milahurt.com\/index.php\/wp-json\/wp\/v2\/comments?post=13652"}],"version-history":[{"count":0,"href":"https:\/\/milahurt.com\/index.php\/wp-json\/wp\/v2\/pages\/13652\/revisions"}],"wp:attachment":[{"href":"https:\/\/milahurt.com\/index.php\/wp-json\/wp\/v2\/media?parent=13652"}],"curies":[{"name":"wp","href":"https:\/\/api.w.org\/{rel}","templated":true}]}}