{"id":13647,"date":"2023-06-25T14:25:53","date_gmt":"2023-06-25T14:25:53","guid":{"rendered":"http:\/\/wolka24hurtownia.pl\/?page_id=13647"},"modified":"2024-08-14T13:29:04","modified_gmt":"2024-08-14T11:29:04","slug":"wysylka","status":"publish","type":"page","link":"https:\/\/milahurt.com\/index.php\/wysylka\/","title":{"rendered":"Wysy\u0142ka"},"content":{"rendered":"\n<h1 class=\"wp-block-heading\">Wysy\u0142ka<\/h1>\n\n\n\n<h4 class=\"wp-block-heading\"><strong>Darmowa dostawa na terenie Polski ju\u017c od 1500 PLN netto<\/strong><\/h4>\n\n\n\n<p>PRZERSY\u0141KI KRAJOWE<\/p>\n\n\n\n<figure class=\"wp-block-table is-style-stripes\"><table><thead><tr><th>Metody<\/th><th>Przewidywany czas<\/th><th>Koszt<\/th><\/tr><\/thead><tbody><tr><th>Kurier Przedp\u0142ata<\/th><td>1-3 dni robocze<\/td><td>40 PLN<\/td><\/tr><tr><th>Kurier za Pobraniem<\/th><td>1-3 dni robocze<\/td><td>40 PLN<\/td><\/tr><\/tbody><\/table><\/figure>\n\n\n\n<p><\/p>\n\n\n\n<p>PRZESY\u0141KI ZAGRANICZNE<\/p>\n\n\n\n<figure class=\"wp-block-table is-style-stripes\"><table><tbody><tr><td><strong>Kraj Docelowy<\/strong><\/td><td><strong>Koszt<\/strong><\/td><\/tr><tr><td>Niemcy<\/td><td>100 PLN<\/td><\/tr><tr><td>Litwa<\/td><td>115 PLN<\/td><\/tr><tr><td>\u0141otwa<\/td><td>115<\/td><\/tr><tr><td>Czechy<\/td><td>90<\/td><\/tr><tr><td>Estonia<\/td><td>130<\/td><\/tr><tr><td>S\u0142owacja<\/td><td>115<\/td><\/tr><tr><td>S\u0142owenia<\/td><td>145<\/td><\/tr><tr><td>Dania<\/td><td>130<\/td><\/tr><tr><td>Holandia<\/td><td>130<\/td><\/tr><tr><td>Finlandia<\/td><td>180<\/td><\/tr><tr><td>Szwecja<\/td><td>180<\/td><\/tr><tr><td>Rumunia<\/td><td>180<\/td><\/tr><tr><td>Bu\u0142garia<\/td><td>180<\/td><\/tr><tr><td>Irlandia<\/td><td>190<\/td><\/tr><tr><td>Francja<\/td><td>180<\/td><\/tr><tr><td>W\u0142ochy<\/td><td>180<\/td><\/tr><tr><td>Austria<\/td><td>140<\/td><\/tr><tr><td>W\u0119gry<\/td><td>115<\/td><\/tr><tr><td>Belgia<\/td><td>130<\/td><\/tr><tr><td>Hiszpania<\/td><td>180<\/td><\/tr><\/tbody><\/table><\/figure>\n\n\n\n<p>Sklep informuje, i\u017c nie ma wp\u0142ywu na czas dostarczenia i prac\u0119 firm kurierskich.<br>W przypadku problem\u00f3w z dor\u0119czeniem przesy\u0142ki prosimy o kontakt z infolini\u0105.<\/p>\n","protected":false},"excerpt":{"rendered":"<p>Wysy\u0142ka Darmowa dostawa na terenie Polski ju\u017c od 1500 PLN netto PRZERSY\u0141KI KRAJOWE Metody Przewidywany czas Koszt Kurier Przedp\u0142ata 1-3 dni robocze 40 PLN Kurier za Pobraniem 1-3 dni robocze 40 PLN PRZESY\u0141KI ZAGRANICZNE Kraj Docelowy Koszt Niemcy 100 PLN Litwa 115 PLN \u0141otwa 115 Czechy 90 Estonia 130 S\u0142owacja 115 S\u0142owenia 145 Dania 130 [&hellip;]<\/p>\n","protected":false},"author":1,"featured_media":0,"parent":0,"menu_order":0,"comment_status":"closed","ping_status":"closed","template":"","meta":{"footnotes":""},"acf":[],"yoast_head":"<!-- This site is optimized with the Yoast SEO plugin v22.6 - https:\/\/yoast.com\/wordpress\/plugins\/seo\/ -->\n<title>Wysy\u0142ka - Mila Hurt<\/title>\n<meta name=\"robots\" content=\"index, follow, max-snippet:-1, max-image-preview:large, max-video-preview:-1\" \/>\n<link rel=\"canonical\" href=\"https:\/\/milahurt.com\/index.php\/wysylka\/\" \/>\n<meta property=\"og:locale\" content=\"pl_PL\" \/>\n<meta property=\"og:type\" content=\"article\" \/>\n<meta property=\"og:title\" content=\"Wysy\u0142ka - Mila Hurt\" \/>\n<meta property=\"og:description\" content=\"Wysy\u0142ka Darmowa dostawa na terenie Polski ju\u017c od 1500 PLN netto PRZERSY\u0141KI KRAJOWE Metody Przewidywany czas Koszt Kurier Przedp\u0142ata 1-3 dni robocze 40 PLN Kurier za Pobraniem 1-3 dni robocze 40 PLN PRZESY\u0141KI ZAGRANICZNE Kraj Docelowy Koszt Niemcy 100 PLN Litwa 115 PLN \u0141otwa 115 Czechy 90 Estonia 130 S\u0142owacja 115 S\u0142owenia 145 Dania 130 [&hellip;]\" \/>\n<meta property=\"og:url\" content=\"https:\/\/milahurt.com\/index.php\/wysylka\/\" \/>\n<meta property=\"og:site_name\" content=\"Mila Hurt\" \/>\n<meta property=\"article:publisher\" content=\"https:\/\/www.facebook.com\/profile.php?id=100085213362965\" \/>\n<meta property=\"article:modified_time\" content=\"2024-08-14T11:29:04+00:00\" \/>\n<meta name=\"twitter:card\" content=\"summary_large_image\" \/>\n<meta name=\"twitter:label1\" content=\"Szacowany czas czytania\" \/>\n\t<meta name=\"twitter:data1\" content=\"1 minuta\" \/>\n<script type=\"application\/ld+json\" class=\"yoast-schema-graph\">{\"@context\":\"https:\/\/schema.org\",\"@graph\":[{\"@type\":\"WebPage\",\"@id\":\"https:\/\/milahurt.com\/index.php\/wysylka\/\",\"url\":\"https:\/\/milahurt.com\/index.php\/wysylka\/\",\"name\":\"Wysy\u0142ka - Mila Hurt\",\"isPartOf\":{\"@id\":\"https:\/\/milahurt.com\/#website\"},\"datePublished\":\"2023-06-25T14:25:53+00:00\",\"dateModified\":\"2024-08-14T11:29:04+00:00\",\"breadcrumb\":{\"@id\":\"https:\/\/milahurt.com\/index.php\/wysylka\/#breadcrumb\"},\"inLanguage\":\"pl-PL\",\"potentialAction\":[{\"@type\":\"ReadAction\",\"target\":[\"https:\/\/milahurt.com\/index.php\/wysylka\/\"]}]},{\"@type\":\"BreadcrumbList\",\"@id\":\"https:\/\/milahurt.com\/index.php\/wysylka\/#breadcrumb\",\"itemListElement\":[{\"@type\":\"ListItem\",\"position\":1,\"name\":\"Strona g\u0142\u00f3wna\",\"item\":\"https:\/\/milahurt.com\/\"},{\"@type\":\"ListItem\",\"position\":2,\"name\":\"Wysy\u0142ka\"}]},{\"@type\":\"WebSite\",\"@id\":\"https:\/\/milahurt.com\/#website\",\"url\":\"https:\/\/milahurt.com\/\",\"name\":\"Mila Hurt\",\"description\":\"Hurtownia internetowa\",\"publisher\":{\"@id\":\"https:\/\/milahurt.com\/#organization\"},\"potentialAction\":[{\"@type\":\"SearchAction\",\"target\":{\"@type\":\"EntryPoint\",\"urlTemplate\":\"https:\/\/milahurt.com\/?s={search_term_string}\"},\"query-input\":\"required name=search_term_string\"}],\"inLanguage\":\"pl-PL\"},{\"@type\":\"Organization\",\"@id\":\"https:\/\/milahurt.com\/#organization\",\"name\":\"Mila Hurt\",\"url\":\"https:\/\/milahurt.com\/\",\"logo\":{\"@type\":\"ImageObject\",\"inLanguage\":\"pl-PL\",\"@id\":\"https:\/\/milahurt.com\/#\/schema\/logo\/image\/\",\"url\":\"https:\/\/wolka24hurtownia.pl\/wp-content\/uploads\/2023\/08\/2.png\",\"contentUrl\":\"https:\/\/wolka24hurtownia.pl\/wp-content\/uploads\/2023\/08\/2.png\",\"width\":1000,\"height\":1000,\"caption\":\"Mila Hurt\"},\"image\":{\"@id\":\"https:\/\/milahurt.com\/#\/schema\/logo\/image\/\"},\"sameAs\":[\"https:\/\/www.facebook.com\/profile.php?id=100085213362965\"]}]}<\/script>\n<!-- \/ Yoast SEO plugin. -->","yoast_head_json":{"title":"Wysy\u0142ka - Mila Hurt","robots":{"index":"index","follow":"follow","max-snippet":"max-snippet:-1","max-image-preview":"max-image-preview:large","max-video-preview":"max-video-preview:-1"},"canonical":"https:\/\/milahurt.com\/index.php\/wysylka\/","og_locale":"pl_PL","og_type":"article","og_title":"Wysy\u0142ka - Mila Hurt","og_description":"Wysy\u0142ka Darmowa dostawa na terenie Polski ju\u017c od 1500 PLN netto PRZERSY\u0141KI KRAJOWE Metody Przewidywany czas Koszt Kurier Przedp\u0142ata 1-3 dni robocze 40 PLN Kurier za Pobraniem 1-3 dni robocze 40 PLN PRZESY\u0141KI ZAGRANICZNE Kraj Docelowy Koszt Niemcy 100 PLN Litwa 115 PLN \u0141otwa 115 Czechy 90 Estonia 130 S\u0142owacja 115 S\u0142owenia 145 Dania 130 [&hellip;]","og_url":"https:\/\/milahurt.com\/index.php\/wysylka\/","og_site_name":"Mila Hurt","article_publisher":"https:\/\/www.facebook.com\/profile.php?id=100085213362965","article_modified_time":"2024-08-14T11:29:04+00:00","twitter_card":"summary_large_image","twitter_misc":{"Szacowany czas czytania":"1 minuta"},"schema":{"@context":"https:\/\/schema.org","@graph":[{"@type":"WebPage","@id":"https:\/\/milahurt.com\/index.php\/wysylka\/","url":"https:\/\/milahurt.com\/index.php\/wysylka\/","name":"Wysy\u0142ka - Mila Hurt","isPartOf":{"@id":"https:\/\/milahurt.com\/#website"},"datePublished":"2023-06-25T14:25:53+00:00","dateModified":"2024-08-14T11:29:04+00:00","breadcrumb":{"@id":"https:\/\/milahurt.com\/index.php\/wysylka\/#breadcrumb"},"inLanguage":"pl-PL","potentialAction":[{"@type":"ReadAction","target":["https:\/\/milahurt.com\/index.php\/wysylka\/"]}]},{"@type":"BreadcrumbList","@id":"https:\/\/milahurt.com\/index.php\/wysylka\/#breadcrumb","itemListElement":[{"@type":"ListItem","position":1,"name":"Strona g\u0142\u00f3wna","item":"https:\/\/milahurt.com\/"},{"@type":"ListItem","position":2,"name":"Wysy\u0142ka"}]},{"@type":"WebSite","@id":"https:\/\/milahurt.com\/#website","url":"https:\/\/milahurt.com\/","name":"Mila Hurt","description":"Hurtownia internetowa","publisher":{"@id":"https:\/\/milahurt.com\/#organization"},"potentialAction":[{"@type":"SearchAction","target":{"@type":"EntryPoint","urlTemplate":"https:\/\/milahurt.com\/?s={search_term_string}"},"query-input":"required name=search_term_string"}],"inLanguage":"pl-PL"},{"@type":"Organization","@id":"https:\/\/milahurt.com\/#organization","name":"Mila Hurt","url":"https:\/\/milahurt.com\/","logo":{"@type":"ImageObject","inLanguage":"pl-PL","@id":"https:\/\/milahurt.com\/#\/schema\/logo\/image\/","url":"https:\/\/wolka24hurtownia.pl\/wp-content\/uploads\/2023\/08\/2.png","contentUrl":"https:\/\/wolka24hurtownia.pl\/wp-content\/uploads\/2023\/08\/2.png","width":1000,"height":1000,"caption":"Mila Hurt"},"image":{"@id":"https:\/\/milahurt.com\/#\/schema\/logo\/image\/"},"sameAs":["https:\/\/www.facebook.com\/profile.php?id=100085213362965"]}]}},"_links":{"self":[{"href":"https:\/\/milahurt.com\/index.php\/wp-json\/wp\/v2\/pages\/13647"}],"collection":[{"href":"https:\/\/milahurt.com\/index.php\/wp-json\/wp\/v2\/pages"}],"about":[{"href":"https:\/\/milahurt.com\/index.php\/wp-json\/wp\/v2\/types\/page"}],"author":[{"embeddable":true,"href":"https:\/\/milahurt.com\/index.php\/wp-json\/wp\/v2\/users\/1"}],"replies":[{"embeddable":true,"href":"https:\/\/milahurt.com\/index.php\/wp-json\/wp\/v2\/comments?post=13647"}],"version-history":[{"count":0,"href":"https:\/\/milahurt.com\/index.php\/wp-json\/wp\/v2\/pages\/13647\/revisions"}],"wp:attachment":[{"href":"https:\/\/milahurt.com\/index.php\/wp-json\/wp\/v2\/media?parent=13647"}],"curies":[{"name":"wp","href":"https:\/\/api.w.org\/{rel}","templated":true}]}}