{"id":13645,"date":"2023-06-25T14:23:37","date_gmt":"2023-06-25T14:23:37","guid":{"rendered":"http:\/\/wolka24hurtownia.pl\/?page_id=13645"},"modified":"2023-06-25T14:23:40","modified_gmt":"2023-06-25T14:23:40","slug":"jak-zamawiac","status":"publish","type":"page","link":"https:\/\/milahurt.com\/index.php\/jak-zamawiac\/","title":{"rendered":"Jak Zamawia\u0107?"},"content":{"rendered":"\n<p>Zakupy w naszym sklepie s\u0105 proste i przyjemne.&nbsp;Nie musisz si\u0119 REJESTROWA\u0106 ANI ZAK\u0141ADA\u0106 KONTA!<\/p>\n\n\n\n<p>JAK ZAMAWIA\u0106 (dostawa w Polsce):<\/p>\n\n\n\n<p>1) Kliknij na po\u017c\u0105dany produkt by przeczyta\u0107 jego opis i zobaczy\u0107 dodatkowe zdj\u0119cia.<\/p>\n\n\n\n<p>2) Wybierz ilo\u015b\u0107 do zam\u00f3wienia.<\/p>\n\n\n\n<p>3) Dodaj do koszyka<\/p>\n\n\n\n<p>4) W koszyku mo\u017cesz klikn\u0105\u0107 na&nbsp;\u201cZ\u0142\u00f3\u017c zam\u00f3wienie\u201d, aby przej\u015b\u0107 dalej lub&nbsp;\u201cKontynuuj zakupy\u201d, aby m\u00f3c dobra\u0107 dodatkowe produkty do zam\u00f3wienia.<\/p>\n\n\n\n<p>5) Nast\u0119pnie nale\u017cy poda\u0107 potrzebne informacje do realizacji zam\u00f3wienia (Imi\u0119 i Nazwisko, e-mail, numer telefonu, Adres do Faktury, Adres dostawy).<\/p>\n\n\n\n<p>6) Wybierz form\u0119 p\u0142atno\u015bci<\/p>\n\n\n\n<p>7) Na koniec nale\u017cy sprawdzi\u0107 poprawno\u015b\u0107 zam\u00f3wienia, po czym potwierdzi\u0107 naciskaj\u0105c&nbsp;\u201cZ\u0142\u00f3\u017c zam\u00f3wienie\u201d.<\/p>\n\n\n\n<p>8) Od tego momentu zam\u00f3wienie jest w naszych r\u0119kach. Prosimy sprawdza\u0107 e-mail poniewa\u017c b\u0119dziemy w nim wysy\u0142a\u0107 wa\u017cne informacje na temat wysy\u0142ki<\/p>\n","protected":false},"excerpt":{"rendered":"<p>Zakupy w naszym sklepie s\u0105 proste i przyjemne.&nbsp;Nie musisz si\u0119 REJESTROWA\u0106 ANI ZAK\u0141ADA\u0106 KONTA! JAK ZAMAWIA\u0106 (dostawa w Polsce): 1) Kliknij na po\u017c\u0105dany produkt by przeczyta\u0107 jego opis i zobaczy\u0107 dodatkowe zdj\u0119cia. 2) Wybierz ilo\u015b\u0107 do zam\u00f3wienia. 3) Dodaj do koszyka 4) W koszyku mo\u017cesz klikn\u0105\u0107 na&nbsp;\u201cZ\u0142\u00f3\u017c zam\u00f3wienie\u201d, aby przej\u015b\u0107 dalej lub&nbsp;\u201cKontynuuj zakupy\u201d, aby m\u00f3c [&hellip;]<\/p>\n","protected":false},"author":1,"featured_media":0,"parent":0,"menu_order":0,"comment_status":"closed","ping_status":"closed","template":"","meta":{"footnotes":""},"acf":[],"yoast_head":"<!-- This site is optimized with the Yoast SEO plugin v22.6 - https:\/\/yoast.com\/wordpress\/plugins\/seo\/ -->\n<title>Jak Zamawia\u0107? - Mila Hurt<\/title>\n<meta name=\"robots\" content=\"index, follow, max-snippet:-1, max-image-preview:large, max-video-preview:-1\" \/>\n<link rel=\"canonical\" href=\"https:\/\/milahurt.com\/index.php\/jak-zamawiac\/\" \/>\n<meta property=\"og:locale\" content=\"pl_PL\" \/>\n<meta property=\"og:type\" content=\"article\" \/>\n<meta property=\"og:title\" content=\"Jak Zamawia\u0107? - Mila Hurt\" \/>\n<meta property=\"og:description\" content=\"Zakupy w naszym sklepie s\u0105 proste i przyjemne.&nbsp;Nie musisz si\u0119 REJESTROWA\u0106 ANI ZAK\u0141ADA\u0106 KONTA! JAK ZAMAWIA\u0106 (dostawa w Polsce): 1) Kliknij na po\u017c\u0105dany produkt by przeczyta\u0107 jego opis i zobaczy\u0107 dodatkowe zdj\u0119cia. 2) Wybierz ilo\u015b\u0107 do zam\u00f3wienia. 3) Dodaj do koszyka 4) W koszyku mo\u017cesz klikn\u0105\u0107 na&nbsp;\u201cZ\u0142\u00f3\u017c zam\u00f3wienie\u201d, aby przej\u015b\u0107 dalej lub&nbsp;\u201cKontynuuj zakupy\u201d, aby m\u00f3c [&hellip;]\" \/>\n<meta property=\"og:url\" content=\"https:\/\/milahurt.com\/index.php\/jak-zamawiac\/\" \/>\n<meta property=\"og:site_name\" content=\"Mila Hurt\" \/>\n<meta property=\"article:publisher\" content=\"https:\/\/www.facebook.com\/profile.php?id=100085213362965\" \/>\n<meta property=\"article:modified_time\" content=\"2023-06-25T14:23:40+00:00\" \/>\n<meta name=\"twitter:card\" content=\"summary_large_image\" \/>\n<meta name=\"twitter:label1\" content=\"Szacowany czas czytania\" \/>\n\t<meta name=\"twitter:data1\" content=\"1 minuta\" \/>\n<script type=\"application\/ld+json\" class=\"yoast-schema-graph\">{\"@context\":\"https:\/\/schema.org\",\"@graph\":[{\"@type\":\"WebPage\",\"@id\":\"https:\/\/milahurt.com\/index.php\/jak-zamawiac\/\",\"url\":\"https:\/\/milahurt.com\/index.php\/jak-zamawiac\/\",\"name\":\"Jak Zamawia\u0107? - Mila Hurt\",\"isPartOf\":{\"@id\":\"https:\/\/milahurt.com\/#website\"},\"datePublished\":\"2023-06-25T14:23:37+00:00\",\"dateModified\":\"2023-06-25T14:23:40+00:00\",\"breadcrumb\":{\"@id\":\"https:\/\/milahurt.com\/index.php\/jak-zamawiac\/#breadcrumb\"},\"inLanguage\":\"pl-PL\",\"potentialAction\":[{\"@type\":\"ReadAction\",\"target\":[\"https:\/\/milahurt.com\/index.php\/jak-zamawiac\/\"]}]},{\"@type\":\"BreadcrumbList\",\"@id\":\"https:\/\/milahurt.com\/index.php\/jak-zamawiac\/#breadcrumb\",\"itemListElement\":[{\"@type\":\"ListItem\",\"position\":1,\"name\":\"Strona g\u0142\u00f3wna\",\"item\":\"https:\/\/milahurt.com\/\"},{\"@type\":\"ListItem\",\"position\":2,\"name\":\"Jak Zamawia\u0107?\"}]},{\"@type\":\"WebSite\",\"@id\":\"https:\/\/milahurt.com\/#website\",\"url\":\"https:\/\/milahurt.com\/\",\"name\":\"Mila Hurt\",\"description\":\"Hurtownia internetowa\",\"publisher\":{\"@id\":\"https:\/\/milahurt.com\/#organization\"},\"potentialAction\":[{\"@type\":\"SearchAction\",\"target\":{\"@type\":\"EntryPoint\",\"urlTemplate\":\"https:\/\/milahurt.com\/?s={search_term_string}\"},\"query-input\":\"required name=search_term_string\"}],\"inLanguage\":\"pl-PL\"},{\"@type\":\"Organization\",\"@id\":\"https:\/\/milahurt.com\/#organization\",\"name\":\"Mila Hurt\",\"url\":\"https:\/\/milahurt.com\/\",\"logo\":{\"@type\":\"ImageObject\",\"inLanguage\":\"pl-PL\",\"@id\":\"https:\/\/milahurt.com\/#\/schema\/logo\/image\/\",\"url\":\"https:\/\/wolka24hurtownia.pl\/wp-content\/uploads\/2023\/08\/2.png\",\"contentUrl\":\"https:\/\/wolka24hurtownia.pl\/wp-content\/uploads\/2023\/08\/2.png\",\"width\":1000,\"height\":1000,\"caption\":\"Mila Hurt\"},\"image\":{\"@id\":\"https:\/\/milahurt.com\/#\/schema\/logo\/image\/\"},\"sameAs\":[\"https:\/\/www.facebook.com\/profile.php?id=100085213362965\"]}]}<\/script>\n<!-- \/ Yoast SEO plugin. -->","yoast_head_json":{"title":"Jak Zamawia\u0107? - Mila Hurt","robots":{"index":"index","follow":"follow","max-snippet":"max-snippet:-1","max-image-preview":"max-image-preview:large","max-video-preview":"max-video-preview:-1"},"canonical":"https:\/\/milahurt.com\/index.php\/jak-zamawiac\/","og_locale":"pl_PL","og_type":"article","og_title":"Jak Zamawia\u0107? - Mila Hurt","og_description":"Zakupy w naszym sklepie s\u0105 proste i przyjemne.&nbsp;Nie musisz si\u0119 REJESTROWA\u0106 ANI ZAK\u0141ADA\u0106 KONTA! JAK ZAMAWIA\u0106 (dostawa w Polsce): 1) Kliknij na po\u017c\u0105dany produkt by przeczyta\u0107 jego opis i zobaczy\u0107 dodatkowe zdj\u0119cia. 2) Wybierz ilo\u015b\u0107 do zam\u00f3wienia. 3) Dodaj do koszyka 4) W koszyku mo\u017cesz klikn\u0105\u0107 na&nbsp;\u201cZ\u0142\u00f3\u017c zam\u00f3wienie\u201d, aby przej\u015b\u0107 dalej lub&nbsp;\u201cKontynuuj zakupy\u201d, aby m\u00f3c [&hellip;]","og_url":"https:\/\/milahurt.com\/index.php\/jak-zamawiac\/","og_site_name":"Mila Hurt","article_publisher":"https:\/\/www.facebook.com\/profile.php?id=100085213362965","article_modified_time":"2023-06-25T14:23:40+00:00","twitter_card":"summary_large_image","twitter_misc":{"Szacowany czas czytania":"1 minuta"},"schema":{"@context":"https:\/\/schema.org","@graph":[{"@type":"WebPage","@id":"https:\/\/milahurt.com\/index.php\/jak-zamawiac\/","url":"https:\/\/milahurt.com\/index.php\/jak-zamawiac\/","name":"Jak Zamawia\u0107? - Mila Hurt","isPartOf":{"@id":"https:\/\/milahurt.com\/#website"},"datePublished":"2023-06-25T14:23:37+00:00","dateModified":"2023-06-25T14:23:40+00:00","breadcrumb":{"@id":"https:\/\/milahurt.com\/index.php\/jak-zamawiac\/#breadcrumb"},"inLanguage":"pl-PL","potentialAction":[{"@type":"ReadAction","target":["https:\/\/milahurt.com\/index.php\/jak-zamawiac\/"]}]},{"@type":"BreadcrumbList","@id":"https:\/\/milahurt.com\/index.php\/jak-zamawiac\/#breadcrumb","itemListElement":[{"@type":"ListItem","position":1,"name":"Strona g\u0142\u00f3wna","item":"https:\/\/milahurt.com\/"},{"@type":"ListItem","position":2,"name":"Jak Zamawia\u0107?"}]},{"@type":"WebSite","@id":"https:\/\/milahurt.com\/#website","url":"https:\/\/milahurt.com\/","name":"Mila Hurt","description":"Hurtownia internetowa","publisher":{"@id":"https:\/\/milahurt.com\/#organization"},"potentialAction":[{"@type":"SearchAction","target":{"@type":"EntryPoint","urlTemplate":"https:\/\/milahurt.com\/?s={search_term_string}"},"query-input":"required name=search_term_string"}],"inLanguage":"pl-PL"},{"@type":"Organization","@id":"https:\/\/milahurt.com\/#organization","name":"Mila Hurt","url":"https:\/\/milahurt.com\/","logo":{"@type":"ImageObject","inLanguage":"pl-PL","@id":"https:\/\/milahurt.com\/#\/schema\/logo\/image\/","url":"https:\/\/wolka24hurtownia.pl\/wp-content\/uploads\/2023\/08\/2.png","contentUrl":"https:\/\/wolka24hurtownia.pl\/wp-content\/uploads\/2023\/08\/2.png","width":1000,"height":1000,"caption":"Mila Hurt"},"image":{"@id":"https:\/\/milahurt.com\/#\/schema\/logo\/image\/"},"sameAs":["https:\/\/www.facebook.com\/profile.php?id=100085213362965"]}]}},"_links":{"self":[{"href":"https:\/\/milahurt.com\/index.php\/wp-json\/wp\/v2\/pages\/13645"}],"collection":[{"href":"https:\/\/milahurt.com\/index.php\/wp-json\/wp\/v2\/pages"}],"about":[{"href":"https:\/\/milahurt.com\/index.php\/wp-json\/wp\/v2\/types\/page"}],"author":[{"embeddable":true,"href":"https:\/\/milahurt.com\/index.php\/wp-json\/wp\/v2\/users\/1"}],"replies":[{"embeddable":true,"href":"https:\/\/milahurt.com\/index.php\/wp-json\/wp\/v2\/comments?post=13645"}],"version-history":[{"count":0,"href":"https:\/\/milahurt.com\/index.php\/wp-json\/wp\/v2\/pages\/13645\/revisions"}],"wp:attachment":[{"href":"https:\/\/milahurt.com\/index.php\/wp-json\/wp\/v2\/media?parent=13645"}],"curies":[{"name":"wp","href":"https:\/\/api.w.org\/{rel}","templated":true}]}}