{"id":13643,"date":"2023-06-25T14:21:28","date_gmt":"2023-06-25T14:21:28","guid":{"rendered":"http:\/\/wolka24hurtownia.pl\/?page_id=13643"},"modified":"2025-11-08T14:30:14","modified_gmt":"2025-11-08T12:30:14","slug":"regulamin","status":"publish","type":"page","link":"https:\/\/milahurt.com\/index.php\/regulamin\/","title":{"rendered":"Regulamin"},"content":{"rendered":"\n<p><strong>REGULAMIN SKLEPU INTERNETOWEGO MILAHURT.COM<\/strong><\/p>\n\n\n\n<ol>\n<li>Definicje<\/li>\n<\/ol>\n\n\n\n<p>U\u017cyte w Regulaminie poj\u0119cia oznaczaj\u0105:<\/p>\n\n\n\n<ol>\n<li>Klient&nbsp;\u2013 osoba fizyczna prowadz\u0105ca dzia\u0142alno\u015b\u0107 gospodarcz\u0105, osoba prawna lub jednostka organizacyjna nieb\u0119d\u0105ca osob\u0105 prawn\u0105, kt\u00f3rej przepisy szczeg\u00f3lne przyznaj\u0105 zdolno\u015b\u0107 prawn\u0105, kt\u00f3ra dokonuje Zam\u00f3wienia w ramach Sklepu;<\/li>\n\n\n\n<li>Kodeks Cywilny&nbsp;\u2013 ustawa z dnia 23 kwietnia 1964 r. (Dz.U. Nr 16, poz. 93 ze zm.);<\/li>\n\n\n\n<li>Regulamin \u2013 niniejszy Regulamin \u015bwiadczenia us\u0142ug drog\u0105 elektroniczn\u0105 w ramach sklepu internetowego MILAHURT.COM<\/li>\n\n\n\n<li>Sklep internetowy (Sklep) \u2013 serwis internetowy dost\u0119pny pod MILAHURT.COM, za po\u015brednictwem kt\u00f3rego Klient mo\u017ce w szczeg\u00f3lno\u015bci sk\u0142ada\u0107 Zam\u00f3wienia;<\/li>\n\n\n\n<li>Towar&nbsp;\u2013 produkty prezentowane w Sklepie Internetowym;<\/li>\n\n\n\n<li>Umowa sprzeda\u017cy \u2013 umowa sprzeda\u017cy Towar\u00f3w w rozumieniu Kodeksu Cywilnego, zawarta pomi\u0119dzy MILAHURT.COM a Klientem, zawierana z wykorzystaniem serwisu internetowego Sklepu;<\/li>\n\n\n\n<li>Ustawa o prawach konsumenta&nbsp;\u2013 ustawa z dnia 30 maja 2014 r. o prawach konsumenta (Dz.U. z 2014 r. poz. 827);<\/li>\n\n\n\n<li>Ustawa o \u015bwiadczeniu us\u0142ug drog\u0105 elektroniczn\u0105&nbsp;\u2013 ustawa z dnia 18 lipca 2002 r. o \u015bwiadczeniu us\u0142ug drog\u0105 elektroniczn\u0105 (Dz. U. Nr 144, poz. 1204 ze zm.);<\/li>\n\n\n\n<li>Zam\u00f3wienie&nbsp;\u2013 o\u015bwiadczenie woli Klienta, zmierzaj\u0105ce bezpo\u015brednio do zawarcia Umowy sprzeda\u017cy, okre\u015blaj\u0105ce w szczeg\u00f3lno\u015bci rodzaj i liczb\u0119 Towaru.<\/li>\n\n\n\n<li>Postanowienia og\u00f3lne<\/li>\n<\/ol>\n\n\n\n<p>2.1. Niniejszy Regulamin okre\u015bla zasady korzystania ze sklepu internetowego dost\u0119pnego pod MILAHURT.COM<\/p>\n\n\n\n<p>2.2. Niniejszy Regulamin jest regulaminem, o kt\u00f3rym mowa w art. 8 Ustawy o \u015bwiadczeniu us\u0142ug drog\u0105 elektroniczn\u0105.<\/p>\n\n\n\n<p>2.4. Niniejszy Regulamin okre\u015bla w szczeg\u00f3lno\u015bci :<\/p>\n\n\n\n<ol>\n<li>a) zasady dokonywania rejestracji i korzystania z konta w ramach sklepu internetowego;<\/li>\n\n\n\n<li>b) warunki i zasady dokonywania elektronicznej rezerwacji produkt\u00f3w dost\u0119pnych w ramach sklepu internetowego;<\/li>\n\n\n\n<li>c) warunki i zasady sk\u0142adania drog\u0105 elektroniczn\u0105 Zam\u00f3wie\u0144 w ramach sklepu internetowego;<\/li>\n\n\n\n<li>d) zasady zawierania Um\u00f3w sprzeda\u017cy z wykorzystaniem us\u0142ug \u015bwiadczonych w ramach Sklepu Internetowego.<\/li>\n<\/ol>\n\n\n\n<p>2.5. W celu korzystania ze sklepu internetowego Klient powinien we w\u0142asnym zakresie uzyska\u0107 dost\u0119p do stanowiska komputerowego lub urz\u0105dzenia ko\u0144cowego, z dost\u0119pem do Internetu.<\/p>\n\n\n\n<p>2.6. Zgodnie z obowi\u0105zuj\u0105cymi przepisami prawa\u00a0 MILAHURT.COM zastrzega sobie mo\u017cliwo\u015b\u0107 ograniczenia \u015bwiadczenia us\u0142ug za po\u015brednictwem Sklepu internetowego do os\u00f3b, kt\u00f3re uko\u0144czy\u0142y wiek 18 lat. W takim przypadku potencjalni Klienci zostan\u0105 o powy\u017cszym powiadomieni.<\/p>\n\n\n\n<p>2.7. Klienci mog\u0105 uzyska\u0107 dost\u0119p do niniejszego Regulaminu w ka\u017cdym czasie za po\u015brednictwem odsy\u0142acza zamieszczonego na stronie g\u0142\u00f3wnej serwisu MILAHURT.COM oraz pobra\u0107 go i sporz\u0105dzi\u0107 jego wydruk.<\/p>\n\n\n\n<p>2.8. Informacje o Towarach podane na stronach internetowych Sklepu, w szczeg\u00f3lno\u015bci ich opisy, parametry techniczne i u\u017cytkowe oraz ceny, stanowi\u0105 zaproszenie do zawarcia umowy, w rozumieniu art. 71 Kodeksu Cywilnego.<\/p>\n\n\n\n<p>III. Zasady korzystania ze Sklepu Internetowego<\/p>\n\n\n\n<p>3.1. Nasza oferta skierowana jest wy\u0142\u0105cznie dla firm.<\/p>\n\n\n\n<p>3.2. Warunkiem rozpocz\u0119cia korzystania ze Sklepu internetowego jest rejestracja w jego ramach.<\/p>\n\n\n\n<p>3.3. Rejestracja nast\u0119puje poprzez wype\u0142nienie i zaakceptowanie formularza rejestracyjnego, udost\u0119pnianego na jednej ze stron Sklepu.<\/p>\n\n\n\n<p>3.4. Warunkiem rejestracji jest wyra\u017cenie zgody na tre\u015b\u0107 Regulaminu oraz podanie danych osobowych oznaczonych jako obowi\u0105zkowe.<\/p>\n\n\n\n<p>3.5.\u00a0MILAHURT.COM mo\u017ce pozbawi\u0107 Klienta prawa do korzystania ze Sklepu Internetowego, jak r\u00f3wnie\u017c mo\u017ce ograniczy\u0107 jego dost\u0119p do cz\u0119\u015bci lub ca\u0142o\u015bci zasob\u00f3w Sklepu Internetowego, ze skutkiem natychmiastowym, w przypadku naruszenia przez Klienta Regulaminu, a w szczeg\u00f3lno\u015bci, gdy Klient:<\/p>\n\n\n\n<ol>\n<li>a) poda\u0142 w trakcie rejestracji w sklepie internetowym dane niezgodne z prawd\u0105, niedok\u0142adne lub nieaktualne, wprowadzaj\u0105ce w b\u0142\u0105d lub naruszaj\u0105ce prawa os\u00f3b trzecich,<\/li>\n\n\n\n<li>b) dopu\u015bci\u0142 si\u0119 za po\u015brednictwem sklepu internetowego naruszenia d\u00f3br osobistych os\u00f3b trzecich, w szczeg\u00f3lno\u015bci d\u00f3br osobistych innych klient\u00f3w sklepu internetowego,<\/li>\n\n\n\n<li>c) dopu\u015bci si\u0119 innych zachowa\u0144, kt\u00f3re zostan\u0105 uznane przez MILAHURT.COM\u00a0za zachowania niezgodne z obowi\u0105zuj\u0105cymi przepisami prawa lub og\u00f3lnymi zasadami korzystania z sieci Internet lub godz\u0105ce w dobre imi\u0119 MILAHURT.COM<\/li>\n<\/ol>\n\n\n\n<p>3.6. Osoba,kt\u00f3ra zosta\u0142a pozbawiona prawa do korzystania ze sklepu internetowego,nie mo\u017ce dokona\u0107 powt\u00f3rnej rejestracji bez uprzedniej zgody MILAHURT.COM<\/p>\n\n\n\n<p>3.7. W celu zapewnienia bezpiecze\u0144stwa przekazu komunikat\u00f3w i danych w zwi\u0105zku ze \u015bwiadczonymi w ramach Witryny us\u0142ugami, Sklep internetowy podejmuje \u015brodki techniczne i organizacyjne odpowiednie do stopnia zagro\u017cenia bezpiecze\u0144stwa \u015bwiadczonych us\u0142ug, w szczeg\u00f3lno\u015bci \u015brodki s\u0142u\u017c\u0105ce zapobieganiu pozyskiwania i modyfikacji przez osoby nieuprawnione danych osobowych przesy\u0142anych w Internecie.<\/p>\n\n\n\n<p>3.8. Klient zobowi\u0105zany jest w szczeg\u00f3lno\u015bci do:<\/p>\n\n\n\n<ol>\n<li>a) niedostarczania i nieprzekazywania tre\u015bci zabronionych przez przepisy prawa, np. tre\u015bci propaguj\u0105cych przemoc, znies\u0142awiaj\u0105cych lub naruszaj\u0105cych dobra osobiste i inne prawa os\u00f3b trzecich,<\/li>\n\n\n\n<li>b) korzystania ze Sklepu internetowego w spos\u00f3b nie zak\u0142\u00f3caj\u0105cy jego funkcjonowania, w szczeg\u00f3lno\u015bci poprzez u\u017cycie okre\u015blonego oprogramowania lub urz\u0105dze\u0144,<\/li>\n\n\n\n<li>c) niepodejmowania dzia\u0142a\u0144 takich jak: rozsy\u0142anie lub umieszczanie w ramach Sklepu internetowego niezam\u00f3wionej informacji handlowej (spam),<\/li>\n\n\n\n<li>d) korzystania ze Sklepu internetowego w spos\u00f3b nieuci\u0105\u017cliwy dla innych klient\u00f3w oraz dla\u00a0 MILAHURT.COM<\/li>\n\n\n\n<li>e) korzystania z wszelkich tre\u015bci zamieszczonych w ramach Sklepu internetowego jedynie w zakresie w\u0142asnego u\u017cytku osobistego,<\/li>\n\n\n\n<li><br>Procedura zawarcia Umowy sprzeda\u017cy<\/li>\n<\/ol>\n\n\n\n<p>4.1. W celu zawarcia Umowy sprzeda\u017cy za po\u015brednictwem Sklepu internetowego nale\u017cy wej\u015b\u0107 na stron\u0119 internetow\u0105 MILAHURT.COM dokona\u0107 wyboru odzie\u017cy, galanterii, dodatk\u00f3w oraz akcesori\u00f3w, podejmuj\u0105c kolejne czynno\u015bci techniczne w oparciu o wy\u015bwietlane Klientowi komunikaty oraz informacje dost\u0119pne na stronie.<\/p>\n\n\n\n<p>4.2. Wyb\u00f3r zamawianych Towar\u00f3w przez Klienta jest dokonywany poprzez ich dodanie do koszyka.<\/p>\n\n\n\n<p>4.3. W trakcie sk\u0142adania Zam\u00f3wienia \u2013 do momentu naci\u015bni\u0119cia przycisku \u201eZamawiam\u201d \u2013 Klient ma mo\u017cliwo\u015b\u0107 modyfikacji wprowadzonych danych oraz w zakresie wyboru Towaru. W tym celu nale\u017cy kierowa\u0107 si\u0119 wy\u015bwietlanymi Klientowi komunikatami oraz informacjami dost\u0119pnymi na stronie.<\/p>\n\n\n\n<p>4.4. Po podaniu przez Klienta korzystaj\u0105cego ze Sklepu internetowego wszystkich niezb\u0119dnych danych, wy\u015bwietlone zostanie podsumowanie z\u0142o\u017conego Zam\u00f3wienia. Podsumowanie z\u0142o\u017conego Zam\u00f3wienia b\u0119dzie zawiera\u0107 informacje dotycz\u0105ce:<\/p>\n\n\n\n<ol>\n<li>a) przedmiotu zam\u00f3wienia,<\/li>\n\n\n\n<li>b) jednostkowej oraz \u0142\u0105cznej ceny zamawianych produkt\u00f3w lub us\u0142ug, w tym koszt\u00f3w dostawy oraz dodatkowych koszt\u00f3w (je\u015bli wyst\u0119puj\u0105),<\/li>\n\n\n\n<li>c) wybranej metody p\u0142atno\u015bci,<\/li>\n\n\n\n<li>d) wybranego sposobu dostawy,<\/li>\n\n\n\n<li>e) czasu dostawy,<\/li>\n<\/ol>\n\n\n\n<p>4.5. W celu wys\u0142ania Zam\u00f3wienia konieczne jest dokonanie akceptacji tre\u015bci Regulaminu, podanie danych osobowych oznaczonych jako obowi\u0105zkowe oraz naci\u015bni\u0119cie przycisku \u201eZamawiam z obowi\u0105zkiem zap\u0142aty\u201d.<\/p>\n\n\n\n<p>4.6. Wys\u0142anie przez Klienta Zam\u00f3wienia stanowi o\u015bwiadczenie woli zawarcia z MILAHURT.COM Umowy sprzeda\u017cy, zgodnie z tre\u015bci\u0105 Regulaminu.<\/p>\n\n\n\n<p>4.7. Po z\u0142o\u017ceniu Zam\u00f3wienia, Klient otrzymuje wiadomo\u015b\u0107 e-mail zatytu\u0142owan\u0105 Zam\u00f3wienie nr\u2026, zawieraj\u0105c\u0105 ostateczne potwierdzenie wszystkich istotnych element\u00f3w Zam\u00f3wienia.<\/p>\n\n\n\n<p>4.8. Umow\u0119 traktuje si\u0119 za zawart\u0105 z momentem otrzymania przez Klienta wiadomo\u015bci e-mail, o kt\u00f3rej mowa powy\u017cej.<\/p>\n\n\n\n<p>4.9. Umowa sprzeda\u017cy zawierana jest w j\u0119zyku polskim, o tre\u015bci zgodnej z Regulaminem.<\/p>\n\n\n\n<ol>\n<li>Dostawa<\/li>\n<\/ol>\n\n\n\n<p>5.1. Dostawa Towar\u00f3w odbywa si\u0119 pod adres wskazany przez Klienta w trakcie sk\u0142adania Zam\u00f3wienia.&nbsp;Nasze towary dostarczamy do:&nbsp;Austria,&nbsp;Belgia,&nbsp;Bia\u0142oru\u015b,&nbsp;Bu\u0142garia,&nbsp;Czechy,&nbsp;Dania,&nbsp;Estonia,&nbsp;Finlandia,&nbsp;Francja,&nbsp;Grecja,&nbsp;Gruzja, Hiszpania,&nbsp;Holandia,&nbsp;Irlandia,&nbsp;Litwa,&nbsp;Luksemburg,&nbsp;\u0141otwa,&nbsp;Malta,&nbsp;Niemcy,&nbsp;Norwegia, Polska,&nbsp;Portugalia,&nbsp;Rosja,&nbsp;Rumunia,&nbsp;Serbia,&nbsp;S\u0142owacja,&nbsp;S\u0142owenia,&nbsp;Szwajcaria,&nbsp;Szwecja,&nbsp;Ukraina,&nbsp;W\u0119gry,&nbsp;Wielka Brytania,&nbsp;W\u0142ochy,&nbsp;Wybrze\u017ce Ko\u015bci S\u0142oniowej.<\/p>\n\n\n\n<p>5.2. Dostawa zam\u00f3wionych Towar\u00f3w odbywa si\u0119 przesy\u0142k\u0105 kuriersk\u0105 lub odbiorem osobistym je\u017celi wcze\u015bniej kupuj\u0105cy dokona zap\u0142aty za towar na miejscu lub wp\u0142aci pieni\u0105dze na konto bankowe. Koszty dostawy przep\u0142aconej wynosz\u0105 26 PLN. Dostawa zam\u00f3wionych Towar\u00f3w odbywa si\u0119 przesy\u0142k\u0105 kuriersk\u0105 r\u00f3wnie\u017c za pobraniem. Koszty dostawy za pobraniem wynosz\u0105 30 PLN. Dodatkowo koszty dostawy zostan\u0105 wskazane w czasie sk\u0142adania Zam\u00f3wienia.<\/p>\n\n\n\n<p>5.3. Termin realizacji dostawy wynosi od 1 do 3 dni roboczych licz\u0105c od dnia wys\u0142ania przez Klienta Zam\u00f3wienia.<\/p>\n\n\n\n<p>5.4. Klienci mog\u0105 uzyska\u0107 dost\u0119p do niniejszego Regulaminu w ka\u017cdym czasie za po\u015brednictwem odsy\u0142acza zamieszczonego na stronie g\u0142\u00f3wnej serwisu MILAHURT.COM oraz pobra\u0107 go i sporz\u0105dzi\u0107 jego wydruk.<br>Utrwalenie, zabezpieczenie, udost\u0119pnienie oraz potwierdzenie Klientowi istotnych postanowie\u0144 Umowy sprzeda\u017cy Towar\u00f3w nast\u0119puje poprzez przes\u0142anie Klientowi na podany adres e-mail oraz poprzez do\u0142\u0105czenie do przesy\u0142ki zawieraj\u0105cej Towar wydruku potwierdzenia, specyfikacji Zam\u00f3wienia oraz faktury VAT.<\/p>\n\n\n\n<ol>\n<li>Ceny i metody p\u0142atno\u015bci<\/li>\n<\/ol>\n\n\n\n<p>6.1. Ceny wszystkich Towar\u00f3w nie zawieraj\u0105 podatku VAT ( cena podana pogrubionym drukiem), w nawiasach podana jest cena brutto.<\/p>\n\n\n\n<p>6.2. Klient ma mo\u017cliwo\u015b\u0107 uiszczenia ceny:<\/p>\n\n\n\n<ol>\n<li>a) przelewem na numer konta bankowego Bank&nbsp;<\/li>\n\n\n\n<li>b) za pobraniem u kuriera,<\/li>\n<\/ol>\n\n\n\n<p><br>VII. Prawo odst\u0105pienia od umowy<\/p>\n\n\n\n<p>Maj\u0105 Pa\u0144stwo prawo odst\u0105pi\u0107 od niniejszej umowy w terminie 14 dni bez podania jakiejkolwiek przyczyny.<\/p>\n\n\n\n<p>Termin do odst\u0105pienia od umowy wygasa po up\u0142ywie 14 dni od dnia \u201czawarcia umowy\u201d.<\/p>\n\n\n\n<p>Aby skorzysta\u0107 z prawa odst\u0105pienia od umowy, musz\u0105 Pa\u0144stwo poinformowa\u0107 nas poczt\u0105 elektroniczn\u0105 na adres milahurt.online@gmail.com o swojej decyzji o odst\u0105pieniu od niniejszej umowy w drodze jednoznacznego o\u015bwiadczenia (na przyk\u0142ad pismo wys\u0142ane poczt\u0105, faksem lub poczt\u0105 elektroniczn\u0105).<\/p>\n\n\n\n<p>Mog\u0105 Pa\u0144stwo skorzysta\u0107 z wzoru formularza odst\u0105pienia od umowy, jednak nie jest to obowi\u0105zkowe. MILAHURT.COM<\/p>\n\n\n\n<p>Aby zachowa\u0107 termin do odst\u0105pienia od umowy, wystarczy, aby wys\u0142ali Pa\u0144stwo informacj\u0119 dotycz\u0105c\u0105 wykonania przys\u0142uguj\u0105cego Pa\u0144stwu prawa odst\u0105pienia od umowy przed up\u0142ywem terminu do odst\u0105pienia od umowy.<\/p>\n\n\n\n<p>\u201eMog\u0105 Pa\u0144stwo r\u00f3wnie\u017c wype\u0142ni\u0107 i przes\u0142a\u0107 formularz odst\u0105pienia od umowy lub jakiekolwiek inne jednoznaczne o\u015bwiadczenie drog\u0105 elektroniczn\u0105 na naszej stronie internetowej MILAHURT.COM . Je\u017celi skorzystaj\u0105 Pa\u0144stwo z tej mo\u017cliwo\u015bci, prze\u015blemy Pa\u0144stwu niezw\u0142ocznie potwierdzenie otrzymania informacji o odst\u0105pieniu od umowy na trwa\u0142ym no\u015bniku (na przyk\u0142ad poczt\u0105 elektroniczn\u0105).\u201d.<\/p>\n\n\n\n<p>Skutki odst\u0105pienia od umowy<\/p>\n\n\n\n<p>W przypadku odst\u0105pienia od niniejszej umowy nie zwracamy Pa\u0144stwu koszt\u00f3w zwi\u0105zanych z przesy\u0142k\u0105, kt\u00f3re zosta\u0142y op\u0142acone przy sk\u0142adaniu zam\u00f3wienia. Zwrot towar\u00f3w dokonywany jest na Pa\u0144stwa koszt.<\/p>\n\n\n\n<p>VIII. Reklamacje dotycz\u0105ce Towar\u00f3w<\/p>\n\n\n\n<p>8.1.\u00a0MILAHURT.COM\u00a0jako sprzedawca odpowiada wobec Klienta b\u0119d\u0105cego konsumentem w rozumieniu art. 22[1] Kodeksu Cywilnego, z tytu\u0142u r\u0119kojmi za wady w zakresie okre\u015blonym w Kodeksie Cywilnym, w szczeg\u00f3lno\u015bci w art. 556 oraz art. 556[1] \u2013 556[3] Kodeksu Cywilnego.<\/p>\n\n\n\n<p>8.2. Reklamacje, wynikaj\u0105ce z naruszenia praw Klienta gwarantowanych prawnie, lub na podstawie niniejszego Regulaminu, nale\u017cy kierowa\u0107 na adres milahurt.online@gmail.com . MILAHURT.COM zobowi\u0105zuje si\u0119 do rozpatrzenia ka\u017cdej reklamacji w terminie do 14 dni, a gdyby to nie by\u0142o mo\u017cliwe, do poinformowania w tym okresie Klienta, kiedy reklamacja zostanie rozpatrzona.<\/p>\n\n\n\n<p>8.3.\u00a0\u00a0MILAHURT.COM nie jest producentem towar\u00f3w. Producent ponosi odpowiedzialno\u015b\u0107 z tytu\u0142u gwarancji sprzedanego Towaru na warunkach oraz przez okres wskazany w karcie gwarancyjnej.<\/p>\n\n\n\n<ol>\n<li>Reklamacje w zakresie \u015bwiadczenia us\u0142ug drog\u0105 elektroniczn\u0105<\/li>\n<\/ol>\n\n\n\n<p>9.1. MILAHURT.COM podejmuje dzia\u0142ania w celu zapewnienia w pe\u0142ni poprawnego dzia\u0142ania Sklepu, w takim zakresie, jaki wynika z aktualnej wiedzy technicznej i zobowi\u0105zuje si\u0119 usun\u0105\u0107 w rozs\u0105dnym terminie wszelkie nieprawid\u0142owo\u015bci zg\u0142oszone przez Klient\u00f3w.<\/p>\n\n\n\n<p>9.2. Klient zobowi\u0105zany jest niezw\u0142ocznie powiadomi\u0107\u00a0 MILAHURT.COM o wszelkich nieprawid\u0142owo\u015bciach lub przerwach w funkcjonowaniu serwisu Sklepu Internetowego.<\/p>\n\n\n\n<p>9.3. Nieprawid\u0142owo\u015bci zwi\u0105zane z funkcjonowaniem Sklepu Klient mo\u017ce zg\u0142asza\u0107 pisemnie na adres:\u00a0 MILAHURT.COM\u00a0 &lt;adres firmy><\/p>\n\n\n\n<p>9.4. W reklamacji Klient powinien poda\u0107 swoje imi\u0119 i nazwisko, adres do korespondencji, rodzaj i dat\u0119 wyst\u0105pienia nieprawid\u0142owo\u015bci zwi\u0105zanej z funkcjonowaniem Sklepu.<\/p>\n\n\n\n<p>9.5. MILAHURT zobowi\u0105zuje si\u0119 do rozpatrzenia ka\u017cdej reklamacji w terminie do 14 dni, a gdyby to nie by\u0142o mo\u017cliwe, do poinformowania w tym okresie Klienta, kiedy reklamacja zostanie rozpatrzona.<\/p>\n\n\n\n<ol>\n<li>Rozstrzyganie spor\u00f3w i postanowienia ko\u0144cowe<\/li>\n<\/ol>\n\n\n\n<p>10.1. Klient, kt\u00f3ry jest Konsumentem, mo\u017ce w razie zainteresowania skorzysta\u0107 z pozas\u0105dowych sposob\u00f3w rozpatrywania reklamacji i dochodzenia roszcze\u0144. Spory dotycz\u0105ce zakup\u00f3w internetowych mo\u017cna rozwi\u0105za\u0107 w drodze post\u0119powania mediacyjnego przed Wojew\u00f3dzkimi Inspektoratami Inspekcji Handlowej lub procesu przed s\u0105dem polubownym przy Wojew\u00f3dzkim Inspektoracie Inspekcji Handlowej.<\/p>\n\n\n\n<p>10.2. Rozstrzyganie ewentualnych spor\u00f3w powsta\u0142ych pomi\u0119dzy\u00a0 MILAHURT a Klientem, kt\u00f3ry jest konsumentem w rozumieniu art. 22[1] Kodeksu Cywilnego, zostaje poddane s\u0105dom w\u0142a\u015bciwym zgodnie z postanowieniami w\u0142a\u015bciwych przepis\u00f3w Kodeksu post\u0119powania cywilnego.<\/p>\n\n\n\n<p>10.3. Rozstrzyganie ewentualnych spor\u00f3w powsta\u0142ych pomi\u0119dzy\u00a0 MILAHURT.COM\u00a0\u00a0a Klientem, kt\u00f3ry nie jest konsumentem w rozumieniu art. 22[1] Kodeksu Cywilnego Kodeksu Cywilnego, zostaje poddane s\u0105dowi w\u0142a\u015bciwemu ze wzgl\u0119du na siedzib\u0119 MILAHURT.COM<\/p>\n\n\n\n<p>10.4. W sprawach nieuregulowanych w niniejszym Regulaminie maj\u0105 zastosowanie przepisy Kodeksu cywilnego, przepisy Ustawy o \u015bwiadczeniu us\u0142ug drog\u0105 elektroniczn\u0105 oraz inne w\u0142a\u015bciwe przepisy prawa polskiego.<\/p>\n","protected":false},"excerpt":{"rendered":"<p>REGULAMIN SKLEPU INTERNETOWEGO MILAHURT.COM U\u017cyte w Regulaminie poj\u0119cia oznaczaj\u0105: 2.1. Niniejszy Regulamin okre\u015bla zasady korzystania ze sklepu internetowego dost\u0119pnego pod MILAHURT.COM 2.2. Niniejszy Regulamin jest regulaminem, o kt\u00f3rym mowa w art. 8 Ustawy o \u015bwiadczeniu us\u0142ug drog\u0105 elektroniczn\u0105. 2.4. Niniejszy Regulamin okre\u015bla w szczeg\u00f3lno\u015bci : 2.5. W celu korzystania ze sklepu internetowego Klient powinien we [&hellip;]<\/p>\n","protected":false},"author":1,"featured_media":0,"parent":0,"menu_order":0,"comment_status":"closed","ping_status":"closed","template":"","meta":{"footnotes":""},"acf":[],"yoast_head":"<!-- This site is optimized with the Yoast SEO plugin v22.6 - https:\/\/yoast.com\/wordpress\/plugins\/seo\/ -->\n<title>Regulamin - Mila Hurt<\/title>\n<meta name=\"robots\" content=\"index, follow, max-snippet:-1, max-image-preview:large, max-video-preview:-1\" \/>\n<link rel=\"canonical\" href=\"https:\/\/milahurt.com\/index.php\/regulamin\/\" \/>\n<meta property=\"og:locale\" content=\"pl_PL\" \/>\n<meta property=\"og:type\" content=\"article\" \/>\n<meta property=\"og:title\" content=\"Regulamin - Mila Hurt\" \/>\n<meta property=\"og:description\" content=\"REGULAMIN SKLEPU INTERNETOWEGO MILAHURT.COM U\u017cyte w Regulaminie poj\u0119cia oznaczaj\u0105: 2.1. Niniejszy Regulamin okre\u015bla zasady korzystania ze sklepu internetowego dost\u0119pnego pod MILAHURT.COM 2.2. Niniejszy Regulamin jest regulaminem, o kt\u00f3rym mowa w art. 8 Ustawy o \u015bwiadczeniu us\u0142ug drog\u0105 elektroniczn\u0105. 2.4. Niniejszy Regulamin okre\u015bla w szczeg\u00f3lno\u015bci : 2.5. W celu korzystania ze sklepu internetowego Klient powinien we [&hellip;]\" \/>\n<meta property=\"og:url\" content=\"https:\/\/milahurt.com\/index.php\/regulamin\/\" \/>\n<meta property=\"og:site_name\" content=\"Mila Hurt\" \/>\n<meta property=\"article:publisher\" content=\"https:\/\/www.facebook.com\/profile.php?id=100085213362965\" \/>\n<meta property=\"article:modified_time\" content=\"2025-11-08T12:30:14+00:00\" \/>\n<meta name=\"twitter:card\" content=\"summary_large_image\" \/>\n<meta name=\"twitter:label1\" content=\"Szacowany czas czytania\" \/>\n\t<meta name=\"twitter:data1\" content=\"11 minut\" \/>\n<script type=\"application\/ld+json\" class=\"yoast-schema-graph\">{\"@context\":\"https:\/\/schema.org\",\"@graph\":[{\"@type\":\"WebPage\",\"@id\":\"https:\/\/milahurt.com\/index.php\/regulamin\/\",\"url\":\"https:\/\/milahurt.com\/index.php\/regulamin\/\",\"name\":\"Regulamin - Mila Hurt\",\"isPartOf\":{\"@id\":\"https:\/\/milahurt.com\/#website\"},\"datePublished\":\"2023-06-25T14:21:28+00:00\",\"dateModified\":\"2025-11-08T12:30:14+00:00\",\"breadcrumb\":{\"@id\":\"https:\/\/milahurt.com\/index.php\/regulamin\/#breadcrumb\"},\"inLanguage\":\"pl-PL\",\"potentialAction\":[{\"@type\":\"ReadAction\",\"target\":[\"https:\/\/milahurt.com\/index.php\/regulamin\/\"]}]},{\"@type\":\"BreadcrumbList\",\"@id\":\"https:\/\/milahurt.com\/index.php\/regulamin\/#breadcrumb\",\"itemListElement\":[{\"@type\":\"ListItem\",\"position\":1,\"name\":\"Strona g\u0142\u00f3wna\",\"item\":\"https:\/\/milahurt.com\/\"},{\"@type\":\"ListItem\",\"position\":2,\"name\":\"Regulamin\"}]},{\"@type\":\"WebSite\",\"@id\":\"https:\/\/milahurt.com\/#website\",\"url\":\"https:\/\/milahurt.com\/\",\"name\":\"Mila Hurt\",\"description\":\"Hurtownia internetowa\",\"publisher\":{\"@id\":\"https:\/\/milahurt.com\/#organization\"},\"potentialAction\":[{\"@type\":\"SearchAction\",\"target\":{\"@type\":\"EntryPoint\",\"urlTemplate\":\"https:\/\/milahurt.com\/?s={search_term_string}\"},\"query-input\":\"required name=search_term_string\"}],\"inLanguage\":\"pl-PL\"},{\"@type\":\"Organization\",\"@id\":\"https:\/\/milahurt.com\/#organization\",\"name\":\"Mila Hurt\",\"url\":\"https:\/\/milahurt.com\/\",\"logo\":{\"@type\":\"ImageObject\",\"inLanguage\":\"pl-PL\",\"@id\":\"https:\/\/milahurt.com\/#\/schema\/logo\/image\/\",\"url\":\"https:\/\/wolka24hurtownia.pl\/wp-content\/uploads\/2023\/08\/2.png\",\"contentUrl\":\"https:\/\/wolka24hurtownia.pl\/wp-content\/uploads\/2023\/08\/2.png\",\"width\":1000,\"height\":1000,\"caption\":\"Mila Hurt\"},\"image\":{\"@id\":\"https:\/\/milahurt.com\/#\/schema\/logo\/image\/\"},\"sameAs\":[\"https:\/\/www.facebook.com\/profile.php?id=100085213362965\"]}]}<\/script>\n<!-- \/ Yoast SEO plugin. -->","yoast_head_json":{"title":"Regulamin - Mila Hurt","robots":{"index":"index","follow":"follow","max-snippet":"max-snippet:-1","max-image-preview":"max-image-preview:large","max-video-preview":"max-video-preview:-1"},"canonical":"https:\/\/milahurt.com\/index.php\/regulamin\/","og_locale":"pl_PL","og_type":"article","og_title":"Regulamin - Mila Hurt","og_description":"REGULAMIN SKLEPU INTERNETOWEGO MILAHURT.COM U\u017cyte w Regulaminie poj\u0119cia oznaczaj\u0105: 2.1. Niniejszy Regulamin okre\u015bla zasady korzystania ze sklepu internetowego dost\u0119pnego pod MILAHURT.COM 2.2. Niniejszy Regulamin jest regulaminem, o kt\u00f3rym mowa w art. 8 Ustawy o \u015bwiadczeniu us\u0142ug drog\u0105 elektroniczn\u0105. 2.4. Niniejszy Regulamin okre\u015bla w szczeg\u00f3lno\u015bci : 2.5. W celu korzystania ze sklepu internetowego Klient powinien we [&hellip;]","og_url":"https:\/\/milahurt.com\/index.php\/regulamin\/","og_site_name":"Mila Hurt","article_publisher":"https:\/\/www.facebook.com\/profile.php?id=100085213362965","article_modified_time":"2025-11-08T12:30:14+00:00","twitter_card":"summary_large_image","twitter_misc":{"Szacowany czas czytania":"11 minut"},"schema":{"@context":"https:\/\/schema.org","@graph":[{"@type":"WebPage","@id":"https:\/\/milahurt.com\/index.php\/regulamin\/","url":"https:\/\/milahurt.com\/index.php\/regulamin\/","name":"Regulamin - Mila Hurt","isPartOf":{"@id":"https:\/\/milahurt.com\/#website"},"datePublished":"2023-06-25T14:21:28+00:00","dateModified":"2025-11-08T12:30:14+00:00","breadcrumb":{"@id":"https:\/\/milahurt.com\/index.php\/regulamin\/#breadcrumb"},"inLanguage":"pl-PL","potentialAction":[{"@type":"ReadAction","target":["https:\/\/milahurt.com\/index.php\/regulamin\/"]}]},{"@type":"BreadcrumbList","@id":"https:\/\/milahurt.com\/index.php\/regulamin\/#breadcrumb","itemListElement":[{"@type":"ListItem","position":1,"name":"Strona g\u0142\u00f3wna","item":"https:\/\/milahurt.com\/"},{"@type":"ListItem","position":2,"name":"Regulamin"}]},{"@type":"WebSite","@id":"https:\/\/milahurt.com\/#website","url":"https:\/\/milahurt.com\/","name":"Mila Hurt","description":"Hurtownia internetowa","publisher":{"@id":"https:\/\/milahurt.com\/#organization"},"potentialAction":[{"@type":"SearchAction","target":{"@type":"EntryPoint","urlTemplate":"https:\/\/milahurt.com\/?s={search_term_string}"},"query-input":"required name=search_term_string"}],"inLanguage":"pl-PL"},{"@type":"Organization","@id":"https:\/\/milahurt.com\/#organization","name":"Mila Hurt","url":"https:\/\/milahurt.com\/","logo":{"@type":"ImageObject","inLanguage":"pl-PL","@id":"https:\/\/milahurt.com\/#\/schema\/logo\/image\/","url":"https:\/\/wolka24hurtownia.pl\/wp-content\/uploads\/2023\/08\/2.png","contentUrl":"https:\/\/wolka24hurtownia.pl\/wp-content\/uploads\/2023\/08\/2.png","width":1000,"height":1000,"caption":"Mila Hurt"},"image":{"@id":"https:\/\/milahurt.com\/#\/schema\/logo\/image\/"},"sameAs":["https:\/\/www.facebook.com\/profile.php?id=100085213362965"]}]}},"_links":{"self":[{"href":"https:\/\/milahurt.com\/index.php\/wp-json\/wp\/v2\/pages\/13643"}],"collection":[{"href":"https:\/\/milahurt.com\/index.php\/wp-json\/wp\/v2\/pages"}],"about":[{"href":"https:\/\/milahurt.com\/index.php\/wp-json\/wp\/v2\/types\/page"}],"author":[{"embeddable":true,"href":"https:\/\/milahurt.com\/index.php\/wp-json\/wp\/v2\/users\/1"}],"replies":[{"embeddable":true,"href":"https:\/\/milahurt.com\/index.php\/wp-json\/wp\/v2\/comments?post=13643"}],"version-history":[{"count":0,"href":"https:\/\/milahurt.com\/index.php\/wp-json\/wp\/v2\/pages\/13643\/revisions"}],"wp:attachment":[{"href":"https:\/\/milahurt.com\/index.php\/wp-json\/wp\/v2\/media?parent=13643"}],"curies":[{"name":"wp","href":"https:\/\/api.w.org\/{rel}","templated":true}]}}